{"id":11,"date":"2014-02-04T10:02:03","date_gmt":"2014-02-04T09:02:03","guid":{"rendered":"http:\/\/countryclubaixois.com\/tennis-club\/?page_id=11"},"modified":"2026-05-10T09:31:03","modified_gmt":"2026-05-10T08:31:03","slug":"la-boutique","status":"publish","type":"page","link":"https:\/\/countryclubaixois.com\/tennis-club\/la-boutique\/","title":{"rendered":"Le Chop"},"content":{"rendered":"\t\t<div data-elementor-type=\"wp-page\" data-elementor-id=\"11\" class=\"elementor elementor-11\">\n\t\t\t\t\t\t<section class=\"elementor-section elementor-top-section elementor-element elementor-element-10e60f27 elementor-section-boxed elementor-section-height-default elementor-section-height-default\" data-id=\"10e60f27\" data-element_type=\"section\">\n\t\t\t\t\t\t<div class=\"elementor-container elementor-column-gap-default\">\n\t\t\t\t\t<div class=\"elementor-column elementor-col-100 elementor-top-column elementor-element elementor-element-2d389cbc\" data-id=\"2d389cbc\" data-element_type=\"column\">\n\t\t\t<div class=\"elementor-widget-wrap elementor-element-populated\">\n\t\t\t\t\t\t<div class=\"elementor-element elementor-element-1a7f88a elementor-widget elementor-widget-heading\" data-id=\"1a7f88a\" data-element_type=\"widget\" data-widget_type=\"heading.default\">\n\t\t\t\t<div class=\"elementor-widget-container\">\n\t\t\t\t\t<h2 class=\"elementor-heading-title elementor-size-default\">Le Country Club d'Aix-en-Provence<\/h2>\t\t\t\t<\/div>\n\t\t\t\t<\/div>\n\t\t\t\t<div class=\"elementor-element elementor-element-3eccf66c elementor-widget-divider--view-line elementor-widget elementor-widget-divider\" data-id=\"3eccf66c\" data-element_type=\"widget\" data-widget_type=\"divider.default\">\n\t\t\t\t<div class=\"elementor-widget-container\">\n\t\t\t\t\t\t\t<div class=\"elementor-divider\">\n\t\t\t<span class=\"elementor-divider-separator\">\n\t\t\t\t\t\t<\/span>\n\t\t<\/div>\n\t\t\t\t\t\t<\/div>\n\t\t\t\t<\/div>\n\t\t\t\t<div class=\"elementor-element elementor-element-581204b5 elementor-widget elementor-widget-heading\" data-id=\"581204b5\" data-element_type=\"widget\" data-widget_type=\"heading.default\">\n\t\t\t\t<div class=\"elementor-widget-container\">\n\t\t\t\t\t<h2 class=\"elementor-heading-title elementor-size-default\">D\u00e9couvrez le paradis du tennis dans notre boutique sp\u00e9cialis\u00e9e !<\/h2>\t\t\t\t<\/div>\n\t\t\t\t<\/div>\n\t\t\t\t\t<\/div>\n\t\t<\/div>\n\t\t\t\t\t<\/div>\n\t\t<\/section>\n\t\t\t\t<section class=\"elementor-section elementor-top-section elementor-element elementor-element-c7af57 elementor-section-boxed elementor-section-height-default elementor-section-height-default\" data-id=\"c7af57\" data-element_type=\"section\">\n\t\t\t\t\t\t<div class=\"elementor-container elementor-column-gap-default\">\n\t\t\t\t\t<div class=\"elementor-column elementor-col-100 elementor-top-column elementor-element elementor-element-6db113a\" data-id=\"6db113a\" data-element_type=\"column\">\n\t\t\t<div class=\"elementor-widget-wrap elementor-element-populated\">\n\t\t\t\t\t\t<div class=\"elementor-element elementor-element-4ef677f elementor-widget elementor-widget-text-editor\" data-id=\"4ef677f\" data-element_type=\"widget\" data-widget_type=\"text-editor.default\">\n\t\t\t\t<div class=\"elementor-widget-container\">\n\t\t\t\t\t\t\t\t\t<p style=\"text-align: justify;\"><span style=\"font-size: 12pt;\">Nous sommes fiers de vous proposer une vaste gamme de produits, allant des raquettes de tennis de renomm\u00e9e mondiale aux v\u00eatements et aux accessoires de haute performance. Que vous soyez un joueur d\u00e9butant ou un professionnel aguerri, notre s\u00e9lection minutieusement choisie saura satisfaire tous les niveaux de jeu.<\/span><\/p><p style=\"text-align: justify;\"><span style=\"font-size: 12pt;\">Apr\u00e8s des ann\u00e9es \u00e0 la boutique Alain Verpeaux laisse la main \u00e0 Bruno Cl\u00e9ment<\/span><span style=\"font-size: 12pt;\">. La boutique devient le Chop ! Oui vous avez bien lu, le Chop et pas le Shop pour faire r\u00e9f\u00e9rence \u00e0 l&rsquo;un des coups jou\u00e9 au tennis.<\/span><\/p><p style=\"text-align: justify;\"><span style=\"font-size: 12pt;\">Il sera l\u00e0 pour vous conseiller et vous guider dans le choix des \u00e9quipements qui correspondent le mieux \u00e0 votre style de jeu. Il est pr\u00eat \u00e0 partager son expertise et ses recommandations personnalis\u00e9es pour vous aider \u00e0 maximiser votre potentiel sur le court.<\/span><\/p>\t\t\t\t\t\t\t\t<\/div>\n\t\t\t\t<\/div>\n\t\t\t\t\t<\/div>\n\t\t<\/div>\n\t\t\t\t\t<\/div>\n\t\t<\/section>\n\t\t\t\t<section class=\"elementor-section elementor-top-section elementor-element elementor-element-3ca5969e elementor-section-full_width elementor-section-height-min-height elementor-section-height-default elementor-section-items-middle\" data-id=\"3ca5969e\" data-element_type=\"section\" data-settings=\"{&quot;background_background&quot;:&quot;slideshow&quot;,&quot;background_slideshow_gallery&quot;:[{&quot;id&quot;:5619,&quot;url&quot;:&quot;https:\\\/\\\/countryclubaixois.com\\\/tennis-club\\\/wp-content\\\/uploads\\\/2025\\\/02\\\/IMG_8168.jpg&quot;}],&quot;background_slideshow_ken_burns&quot;:&quot;yes&quot;,&quot;background_slideshow_ken_burns_zoom_direction&quot;:&quot;out&quot;,&quot;background_slideshow_loop&quot;:&quot;yes&quot;,&quot;background_slideshow_slide_duration&quot;:5000,&quot;background_slideshow_slide_transition&quot;:&quot;fade&quot;,&quot;background_slideshow_transition_duration&quot;:500}\">\n\t\t\t\t\t\t\t<div class=\"elementor-background-overlay\"><\/div>\n\t\t\t\t\t\t\t<div class=\"elementor-container elementor-column-gap-default\">\n\t\t\t\t\t<div class=\"elementor-column elementor-col-100 elementor-top-column elementor-element elementor-element-27d49ef9\" data-id=\"27d49ef9\" data-element_type=\"column\" data-settings=\"{&quot;background_background&quot;:&quot;slideshow&quot;,&quot;background_slideshow_gallery&quot;:[],&quot;background_slideshow_loop&quot;:&quot;yes&quot;,&quot;background_slideshow_slide_duration&quot;:5000,&quot;background_slideshow_slide_transition&quot;:&quot;fade&quot;,&quot;background_slideshow_transition_duration&quot;:500}\">\n\t\t\t<div class=\"elementor-widget-wrap elementor-element-populated\">\n\t\t\t\t\t\t<section class=\"elementor-section elementor-inner-section elementor-element elementor-element-778d1079 elementor-section-boxed elementor-section-height-default elementor-section-height-default\" data-id=\"778d1079\" data-element_type=\"section\">\n\t\t\t\t\t\t<div class=\"elementor-container elementor-column-gap-default\">\n\t\t\t\t\t<div class=\"elementor-column elementor-col-50 elementor-inner-column elementor-element elementor-element-24514656\" data-id=\"24514656\" data-element_type=\"column\">\n\t\t\t<div class=\"elementor-widget-wrap elementor-element-populated\">\n\t\t\t\t\t\t<div class=\"elementor-element elementor-element-40f07f40 elementor-widget elementor-widget-text-editor\" data-id=\"40f07f40\" data-element_type=\"widget\" data-widget_type=\"text-editor.default\">\n\t\t\t\t<div class=\"elementor-widget-container\">\n\t\t\t\t\t\t\t\t\t<p><span style=\"color: #9b3100;\"><strong>Le mot d&rsquo;Alain Verpeaux<\/strong><\/span><\/p><p>\u00a0\u00bb J&rsquo;ai cord\u00e9 pour des joueurs comme Arnaud Cl\u00e9ment, Thomas Enqvist, Beno\u00eet Paire et d&rsquo;autres champions. Mais \u00e9galement pour tous les membres du club ainsi que des personnes ext\u00e9rieures au club.<\/p><p>Je vous remercie pour votre confiance. Je laisse la main \u00e0 Bruno Cl\u00e9ment, \u00ab\u00a0enfant\u00a0\u00bb du club comme moi (j&rsquo;ai appris \u00e0 jouer au tennis dans ce club). Je suis s\u00fbr que vous lui ferez confiance et je lui souhaite bonne chance.<\/p><p>\u00c0 bient\u00f4t sur les courts de tennis.\u00a0\u00bb<\/p><p><span style=\"color: #9b3100;\"><strong>Service de cordage express<\/strong><\/span><\/p><p><span style=\"font-size: 12pt;\">Chez notre boutique du tennis, nous comprenons \u00e0 quel point il est important d&rsquo;avoir une raquette parfaitement cord\u00e9e pour optimiser vos performances sur le court. C&rsquo;est pourquoi nous offrons un service de cordage rapide et efficace, afin que vous puissiez reprendre le jeu sans attendre.<\/span><\/p>\t\t\t\t\t\t\t\t<\/div>\n\t\t\t\t<\/div>\n\t\t\t\t\t<\/div>\n\t\t<\/div>\n\t\t\t\t<div class=\"elementor-column elementor-col-50 elementor-inner-column elementor-element elementor-element-42f5ff83 elementor-hidden-tablet elementor-hidden-mobile\" data-id=\"42f5ff83\" data-element_type=\"column\" data-settings=\"{&quot;background_background&quot;:&quot;slideshow&quot;,&quot;background_slideshow_gallery&quot;:[{&quot;id&quot;:5241,&quot;url&quot;:&quot;https:\\\/\\\/countryclubaixois.com\\\/tennis-club\\\/wp-content\\\/uploads\\\/2024\\\/02\\\/421865643_3639429326374057_2142056836665988217_n.jpg&quot;},{&quot;id&quot;:4285,&quot;url&quot;:&quot;https:\\\/\\\/countryclubaixois.com\\\/tennis-club\\\/wp-content\\\/uploads\\\/2022\\\/12\\\/IMG_2186-scaled.jpg&quot;},{&quot;id&quot;:4983,&quot;url&quot;:&quot;https:\\\/\\\/countryclubaixois.com\\\/tennis-club\\\/wp-content\\\/uploads\\\/2023\\\/10\\\/384828805_175307012284654_4099388964319854943_n.jpg&quot;}],&quot;background_slideshow_loop&quot;:&quot;yes&quot;,&quot;background_slideshow_slide_duration&quot;:5000,&quot;background_slideshow_slide_transition&quot;:&quot;fade&quot;,&quot;background_slideshow_transition_duration&quot;:500}\">\n\t\t\t<div class=\"elementor-widget-wrap\">\n\t\t\t\t\t\t\t<\/div>\n\t\t<\/div>\n\t\t\t\t\t<\/div>\n\t\t<\/section>\n\t\t\t\t\t<\/div>\n\t\t<\/div>\n\t\t\t\t\t<\/div>\n\t\t<\/section>\n\t\t\t\t<section class=\"elementor-section elementor-top-section elementor-element elementor-element-c8e4617 elementor-section-boxed elementor-section-height-default elementor-section-height-default\" data-id=\"c8e4617\" data-element_type=\"section\">\n\t\t\t\t\t\t<div class=\"elementor-container elementor-column-gap-default\">\n\t\t\t\t\t<div class=\"elementor-column elementor-col-100 elementor-top-column elementor-element elementor-element-51494373\" data-id=\"51494373\" data-element_type=\"column\">\n\t\t\t<div class=\"elementor-widget-wrap elementor-element-populated\">\n\t\t\t\t\t\t<div class=\"elementor-element elementor-element-2b0e7103 elementor-widget elementor-widget-heading\" data-id=\"2b0e7103\" data-element_type=\"widget\" data-widget_type=\"heading.default\">\n\t\t\t\t<div class=\"elementor-widget-container\">\n\t\t\t\t\t<h2 class=\"elementor-heading-title elementor-size-default\">Les horaires du chop<\/h2>\t\t\t\t<\/div>\n\t\t\t\t<\/div>\n\t\t\t\t<div class=\"elementor-element elementor-element-79700f97 elementor-widget elementor-widget-text-editor\" data-id=\"79700f97\" data-element_type=\"widget\" data-widget_type=\"text-editor.default\">\n\t\t\t\t<div class=\"elementor-widget-container\">\n\t\t\t\t\t\t\t\t\t<p>\ud83c\udfbe 10h<span style=\"font-size: 12pt;\"> &#8211; 13h ; 16h &#8211; 19h : lundi \/ mardi \/ mercredi \/ jeudi \/ vendredi<\/span><\/p><p>\ud83c\udfbe 10h<span style=\"font-size: 12pt;\"> &#8211; 15h : samedi<\/span><\/p><p>Tarif pose cordage : 12\u20ac<\/p><p><span style=\"font-size: 16px;\">En dehors de ces horaires, Bruno n&rsquo;est jamais tr\u00e8s loin sur les courts. En cas d&rsquo;urgence, n&rsquo;h\u00e9sitez pas \u00e0 le contacter.<\/span><\/p><p>06.61.36.96.12 ou par mail lechopdebru@gmail.com<\/p>\t\t\t\t\t\t\t\t<\/div>\n\t\t\t\t<\/div>\n\t\t\t\t\t<\/div>\n\t\t<\/div>\n\t\t\t\t\t<\/div>\n\t\t<\/section>\n\t\t\t\t<\/div>\n\t\t","protected":false},"excerpt":{"rendered":"<p>Le Country Club d&rsquo;Aix-en-Provence<br \/>\n\t\t\t\t\tD\u00e9couvrez le paradis du tennis dans notre boutique sp\u00e9cialis\u00e9e !<br \/>\n\t\tNous sommes fiers de vous proposer une vaste gamme de produits, allant des raquettes de tennis de renomm\u00e9e mondiale aux v\u00eatements et aux accessoires de haute performance. Que vous soyez  [&#8230;]<\/p>\n","protected":false},"author":1,"featured_media":4037,"parent":0,"menu_order":0,"comment_status":"open","ping_status":"closed","template":"","meta":{"_acf_changed":false,"footnotes":""},"categories":[],"tags":[102],"class_list":["post-11","page","type-page","status-publish","has-post-thumbnail","hentry","tag-le-chop","count-0","even alt","author-admin_avaelys","last"],"acf":[],"yoast_head":"<!-- This site is optimized with the Yoast SEO plugin v17.2 - https:\/\/yoast.com\/wordpress\/plugins\/seo\/ -->\n<title>Le Chop - Country Club Aixois<\/title>\n<meta name=\"robots\" content=\"index, follow, max-snippet:-1, max-image-preview:large, max-video-preview:-1\" \/>\n<link rel=\"canonical\" href=\"https:\/\/countryclubaixois.com\/tennis-club\/la-boutique\/\" \/>\n<meta property=\"og:locale\" content=\"fr_FR\" \/>\n<meta property=\"og:type\" content=\"article\" \/>\n<meta property=\"og:title\" content=\"Le Chop - Country Club Aixois\" \/>\n<meta property=\"og:description\" content=\"Le Country Club d&#039;Aix-en-Provence     D\u00e9couvrez le paradis du tennis dans notre boutique sp\u00e9cialis\u00e9e !    Nous sommes fiers de vous proposer une vaste gamme de produits, allant des raquettes de tennis de renomm\u00e9e mondiale aux v\u00eatements et aux accessoires de haute performance. Que vous soyez [...]\" \/>\n<meta property=\"og:url\" content=\"https:\/\/countryclubaixois.com\/tennis-club\/la-boutique\/\" \/>\n<meta property=\"og:site_name\" content=\"Country Club Aixois\" \/>\n<meta property=\"article:publisher\" content=\"https:\/\/www.facebook.com\/p\/Country-Club-Aixois-100063807272380\/?locale=fr_FR\" \/>\n<meta property=\"article:modified_time\" content=\"2026-05-10T08:31:03+00:00\" \/>\n<meta property=\"og:image\" content=\"https:\/\/countryclubaixois.com\/tennis-club\/wp-content\/uploads\/2022\/06\/La-Boutique.jpg\" \/>\n\t<meta property=\"og:image:width\" content=\"800\" \/>\n\t<meta property=\"og:image:height\" content=\"600\" \/>\n<meta name=\"twitter:card\" content=\"summary_large_image\" \/>\n<meta name=\"twitter:label1\" content=\"Est. reading time\" \/>\n\t<meta name=\"twitter:data1\" content=\"2 minutes\" \/>\n<script type=\"application\/ld+json\" class=\"yoast-schema-graph\">{\"@context\":\"https:\/\/schema.org\",\"@graph\":[{\"@type\":\"Organization\",\"@id\":\"https:\/\/countryclubaixois.com\/tennis-club\/#organization\",\"name\":\"Country Club Aixois\",\"url\":\"https:\/\/countryclubaixois.com\/tennis-club\/\",\"sameAs\":[\"https:\/\/www.facebook.com\/p\/Country-Club-Aixois-100063807272380\/?locale=fr_FR\"],\"logo\":{\"@type\":\"ImageObject\",\"@id\":\"https:\/\/countryclubaixois.com\/tennis-club\/#logo\",\"inLanguage\":\"fr-FR\",\"url\":\"https:\/\/countryclubaixois.com\/tennis-club\/wp-content\/uploads\/2025\/02\/logo_new.png\",\"contentUrl\":\"https:\/\/countryclubaixois.com\/tennis-club\/wp-content\/uploads\/2025\/02\/logo_new.png\",\"width\":150,\"height\":184,\"caption\":\"Country Club Aixois\"},\"image\":{\"@id\":\"https:\/\/countryclubaixois.com\/tennis-club\/#logo\"}},{\"@type\":\"WebSite\",\"@id\":\"https:\/\/countryclubaixois.com\/tennis-club\/#website\",\"url\":\"https:\/\/countryclubaixois.com\/tennis-club\/\",\"name\":\"Country Club Aixois\",\"description\":\"Club de Tennis \\u00e0 Aix en Provence qui compte plus de 850 licenci\\u00e9s, le club de r\\u00e9f\\u00e9rence du tennis en France.\",\"publisher\":{\"@id\":\"https:\/\/countryclubaixois.com\/tennis-club\/#organization\"},\"potentialAction\":[{\"@type\":\"SearchAction\",\"target\":{\"@type\":\"EntryPoint\",\"urlTemplate\":\"https:\/\/countryclubaixois.com\/tennis-club\/?s={search_term_string}\"},\"query-input\":\"required name=search_term_string\"}],\"inLanguage\":\"fr-FR\"},{\"@type\":\"ImageObject\",\"@id\":\"https:\/\/countryclubaixois.com\/tennis-club\/la-boutique\/#primaryimage\",\"inLanguage\":\"fr-FR\",\"url\":\"https:\/\/countryclubaixois.com\/tennis-club\/wp-content\/uploads\/2022\/06\/La-Boutique.jpg\",\"contentUrl\":\"https:\/\/countryclubaixois.com\/tennis-club\/wp-content\/uploads\/2022\/06\/La-Boutique.jpg\",\"width\":800,\"height\":600},{\"@type\":\"WebPage\",\"@id\":\"https:\/\/countryclubaixois.com\/tennis-club\/la-boutique\/#webpage\",\"url\":\"https:\/\/countryclubaixois.com\/tennis-club\/la-boutique\/\",\"name\":\"Le Chop - Country Club Aixois\",\"isPartOf\":{\"@id\":\"https:\/\/countryclubaixois.com\/tennis-club\/#website\"},\"primaryImageOfPage\":{\"@id\":\"https:\/\/countryclubaixois.com\/tennis-club\/la-boutique\/#primaryimage\"},\"datePublished\":\"2014-02-04T09:02:03+00:00\",\"dateModified\":\"2026-05-10T08:31:03+00:00\",\"breadcrumb\":{\"@id\":\"https:\/\/countryclubaixois.com\/tennis-club\/la-boutique\/#breadcrumb\"},\"inLanguage\":\"fr-FR\",\"potentialAction\":[{\"@type\":\"ReadAction\",\"target\":[\"https:\/\/countryclubaixois.com\/tennis-club\/la-boutique\/\"]}]},{\"@type\":\"BreadcrumbList\",\"@id\":\"https:\/\/countryclubaixois.com\/tennis-club\/la-boutique\/#breadcrumb\",\"itemListElement\":[{\"@type\":\"ListItem\",\"position\":1,\"name\":\"Home\",\"item\":\"https:\/\/countryclubaixois.com\/tennis-club\/\"},{\"@type\":\"ListItem\",\"position\":2,\"name\":\"Le Chop\"}]}]}<\/script>\n<!-- \/ Yoast SEO plugin. -->","yoast_head_json":{"title":"Le Chop - Country Club Aixois","robots":{"index":"index","follow":"follow","max-snippet":"max-snippet:-1","max-image-preview":"max-image-preview:large","max-video-preview":"max-video-preview:-1"},"canonical":"https:\/\/countryclubaixois.com\/tennis-club\/la-boutique\/","og_locale":"fr_FR","og_type":"article","og_title":"Le Chop - Country Club Aixois","og_description":"Le Country Club d'Aix-en-Provence     D\u00e9couvrez le paradis du tennis dans notre boutique sp\u00e9cialis\u00e9e !    Nous sommes fiers de vous proposer une vaste gamme de produits, allant des raquettes de tennis de renomm\u00e9e mondiale aux v\u00eatements et aux accessoires de haute performance. Que vous soyez [...]","og_url":"https:\/\/countryclubaixois.com\/tennis-club\/la-boutique\/","og_site_name":"Country Club Aixois","article_publisher":"https:\/\/www.facebook.com\/p\/Country-Club-Aixois-100063807272380\/?locale=fr_FR","article_modified_time":"2026-05-10T08:31:03+00:00","og_image":[{"width":800,"height":600,"url":"https:\/\/countryclubaixois.com\/tennis-club\/wp-content\/uploads\/2022\/06\/La-Boutique.jpg","path":"\/var\/www\/vhosts\/countryclubaixois.com\/httpdocs\/tennis-club\/wp-content\/uploads\/2022\/06\/La-Boutique.jpg","size":"full","id":4037,"alt":"","pixels":480000,"type":"image\/jpeg"}],"twitter_card":"summary_large_image","twitter_misc":{"Est. reading time":"2 minutes"},"schema":{"@context":"https:\/\/schema.org","@graph":[{"@type":"Organization","@id":"https:\/\/countryclubaixois.com\/tennis-club\/#organization","name":"Country Club Aixois","url":"https:\/\/countryclubaixois.com\/tennis-club\/","sameAs":["https:\/\/www.facebook.com\/p\/Country-Club-Aixois-100063807272380\/?locale=fr_FR"],"logo":{"@type":"ImageObject","@id":"https:\/\/countryclubaixois.com\/tennis-club\/#logo","inLanguage":"fr-FR","url":"https:\/\/countryclubaixois.com\/tennis-club\/wp-content\/uploads\/2025\/02\/logo_new.png","contentUrl":"https:\/\/countryclubaixois.com\/tennis-club\/wp-content\/uploads\/2025\/02\/logo_new.png","width":150,"height":184,"caption":"Country Club Aixois"},"image":{"@id":"https:\/\/countryclubaixois.com\/tennis-club\/#logo"}},{"@type":"WebSite","@id":"https:\/\/countryclubaixois.com\/tennis-club\/#website","url":"https:\/\/countryclubaixois.com\/tennis-club\/","name":"Country Club Aixois","description":"Club de Tennis \u00e0 Aix en Provence qui compte plus de 850 licenci\u00e9s, le club de r\u00e9f\u00e9rence du tennis en France.","publisher":{"@id":"https:\/\/countryclubaixois.com\/tennis-club\/#organization"},"potentialAction":[{"@type":"SearchAction","target":{"@type":"EntryPoint","urlTemplate":"https:\/\/countryclubaixois.com\/tennis-club\/?s={search_term_string}"},"query-input":"required name=search_term_string"}],"inLanguage":"fr-FR"},{"@type":"ImageObject","@id":"https:\/\/countryclubaixois.com\/tennis-club\/la-boutique\/#primaryimage","inLanguage":"fr-FR","url":"https:\/\/countryclubaixois.com\/tennis-club\/wp-content\/uploads\/2022\/06\/La-Boutique.jpg","contentUrl":"https:\/\/countryclubaixois.com\/tennis-club\/wp-content\/uploads\/2022\/06\/La-Boutique.jpg","width":800,"height":600},{"@type":"WebPage","@id":"https:\/\/countryclubaixois.com\/tennis-club\/la-boutique\/#webpage","url":"https:\/\/countryclubaixois.com\/tennis-club\/la-boutique\/","name":"Le Chop - Country Club Aixois","isPartOf":{"@id":"https:\/\/countryclubaixois.com\/tennis-club\/#website"},"primaryImageOfPage":{"@id":"https:\/\/countryclubaixois.com\/tennis-club\/la-boutique\/#primaryimage"},"datePublished":"2014-02-04T09:02:03+00:00","dateModified":"2026-05-10T08:31:03+00:00","breadcrumb":{"@id":"https:\/\/countryclubaixois.com\/tennis-club\/la-boutique\/#breadcrumb"},"inLanguage":"fr-FR","potentialAction":[{"@type":"ReadAction","target":["https:\/\/countryclubaixois.com\/tennis-club\/la-boutique\/"]}]},{"@type":"BreadcrumbList","@id":"https:\/\/countryclubaixois.com\/tennis-club\/la-boutique\/#breadcrumb","itemListElement":[{"@type":"ListItem","position":1,"name":"Home","item":"https:\/\/countryclubaixois.com\/tennis-club\/"},{"@type":"ListItem","position":2,"name":"Le Chop"}]}]}},"_links":{"self":[{"href":"https:\/\/countryclubaixois.com\/tennis-club\/wp-json\/wp\/v2\/pages\/11","targetHints":{"allow":["GET"]}}],"collection":[{"href":"https:\/\/countryclubaixois.com\/tennis-club\/wp-json\/wp\/v2\/pages"}],"about":[{"href":"https:\/\/countryclubaixois.com\/tennis-club\/wp-json\/wp\/v2\/types\/page"}],"author":[{"embeddable":true,"href":"https:\/\/countryclubaixois.com\/tennis-club\/wp-json\/wp\/v2\/users\/1"}],"replies":[{"embeddable":true,"href":"https:\/\/countryclubaixois.com\/tennis-club\/wp-json\/wp\/v2\/comments?post=11"}],"version-history":[{"count":1,"href":"https:\/\/countryclubaixois.com\/tennis-club\/wp-json\/wp\/v2\/pages\/11\/revisions"}],"predecessor-version":[{"id":7219,"href":"https:\/\/countryclubaixois.com\/tennis-club\/wp-json\/wp\/v2\/pages\/11\/revisions\/7219"}],"wp:featuredmedia":[{"embeddable":true,"href":"https:\/\/countryclubaixois.com\/tennis-club\/wp-json\/wp\/v2\/media\/4037"}],"wp:attachment":[{"href":"https:\/\/countryclubaixois.com\/tennis-club\/wp-json\/wp\/v2\/media?parent=11"}],"wp:term":[{"taxonomy":"category","embeddable":true,"href":"https:\/\/countryclubaixois.com\/tennis-club\/wp-json\/wp\/v2\/categories?post=11"},{"taxonomy":"post_tag","embeddable":true,"href":"https:\/\/countryclubaixois.com\/tennis-club\/wp-json\/wp\/v2\/tags?post=11"}],"curies":[{"name":"wp","href":"https:\/\/api.w.org\/{rel}","templated":true}]}}