{"id":1195,"date":"2016-03-08T11:08:32","date_gmt":"2016-03-08T10:08:32","guid":{"rendered":"http:\/\/countryclubaixois.com\/tennis-club\/?page_id=1195"},"modified":"2026-01-15T11:02:27","modified_gmt":"2026-01-15T10:02:27","slug":"fitness","status":"publish","type":"page","link":"https:\/\/countryclubaixois.com\/tennis-club\/fitness\/","title":{"rendered":"Country Club Gym"},"content":{"rendered":"\t\t<div data-elementor-type=\"wp-post\" data-elementor-id=\"1195\" class=\"elementor elementor-1195\">\n\t\t\t\t\t\t<section class=\"elementor-section elementor-top-section elementor-element elementor-element-6aef315 elementor-section-boxed elementor-section-height-default elementor-section-height-default\" data-id=\"6aef315\" data-element_type=\"section\">\n\t\t\t\t\t\t<div class=\"elementor-container elementor-column-gap-default\">\n\t\t\t\t\t<div class=\"elementor-column elementor-col-100 elementor-top-column elementor-element elementor-element-d0654d6\" data-id=\"d0654d6\" data-element_type=\"column\">\n\t\t\t<div class=\"elementor-widget-wrap\">\n\t\t\t\t\t\t\t<\/div>\n\t\t<\/div>\n\t\t\t\t\t<\/div>\n\t\t<\/section>\n\t\t\t\t<section class=\"elementor-section elementor-top-section elementor-element elementor-element-6b44d102 elementor-section-boxed elementor-section-height-default elementor-section-height-default\" data-id=\"6b44d102\" data-element_type=\"section\">\n\t\t\t\t\t\t<div class=\"elementor-container elementor-column-gap-default\">\n\t\t\t\t\t<div class=\"elementor-column elementor-col-100 elementor-top-column elementor-element elementor-element-6ce5aaa0\" data-id=\"6ce5aaa0\" data-element_type=\"column\">\n\t\t\t<div class=\"elementor-widget-wrap elementor-element-populated\">\n\t\t\t\t\t\t<div class=\"elementor-element elementor-element-21b97e15 elementor-widget elementor-widget-heading\" data-id=\"21b97e15\" data-element_type=\"widget\" data-widget_type=\"heading.default\">\n\t\t\t\t<div class=\"elementor-widget-container\">\n\t\t\t\t\t<h2 class=\"elementor-heading-title elementor-size-default\">Le Country Club d'Aix-en-Provence<\/h2>\t\t\t\t<\/div>\n\t\t\t\t<\/div>\n\t\t\t\t<div class=\"elementor-element elementor-element-60768552 elementor-widget-divider--view-line elementor-widget elementor-widget-divider\" data-id=\"60768552\" data-element_type=\"widget\" data-widget_type=\"divider.default\">\n\t\t\t\t<div class=\"elementor-widget-container\">\n\t\t\t\t\t\t\t<div class=\"elementor-divider\">\n\t\t\t<span class=\"elementor-divider-separator\">\n\t\t\t\t\t\t<\/span>\n\t\t<\/div>\n\t\t\t\t\t\t<\/div>\n\t\t\t\t<\/div>\n\t\t\t\t<div class=\"elementor-element elementor-element-2e917ccd elementor-widget elementor-widget-heading\" data-id=\"2e917ccd\" data-element_type=\"widget\" data-widget_type=\"heading.default\">\n\t\t\t\t<div class=\"elementor-widget-container\">\n\t\t\t\t\t<h2 class=\"elementor-heading-title elementor-size-default\">Country club gym 25-26<\/h2>\t\t\t\t<\/div>\n\t\t\t\t<\/div>\n\t\t\t\t\t<\/div>\n\t\t<\/div>\n\t\t\t\t\t<\/div>\n\t\t<\/section>\n\t\t<div class=\"elementor-element elementor-element-922e594 e-flex e-con-boxed e-con e-parent\" data-id=\"922e594\" data-element_type=\"container\">\n\t\t\t\t\t<div class=\"e-con-inner\">\n\t\t\t\t\t<\/div>\n\t\t\t\t<\/div>\n\t\t<div class=\"elementor-element elementor-element-53ba1dd e-flex e-con-boxed e-con e-parent\" data-id=\"53ba1dd\" data-element_type=\"container\">\n\t\t\t\t\t<div class=\"e-con-inner\">\n\t\t<div class=\"elementor-element elementor-element-f2332ae e-con-full e-flex e-con e-child\" data-id=\"f2332ae\" data-element_type=\"container\">\n\t\t\t\t<div class=\"elementor-element elementor-element-0e0ec14 elementor-widget elementor-widget-image\" data-id=\"0e0ec14\" data-element_type=\"widget\" data-widget_type=\"image.default\">\n\t\t\t\t<div class=\"elementor-widget-container\">\n\t\t\t\t\t\t\t\t\t\t\t\t\t\t\t<img fetchpriority=\"high\" decoding=\"async\" width=\"566\" height=\"768\" src=\"https:\/\/countryclubaixois.com\/tennis-club\/wp-content\/uploads\/2026\/01\/couv.png\" class=\"attachment-large size-large wp-image-7108\" alt=\"\" srcset=\"https:\/\/countryclubaixois.com\/tennis-club\/wp-content\/uploads\/2026\/01\/couv.png 566w, https:\/\/countryclubaixois.com\/tennis-club\/wp-content\/uploads\/2026\/01\/couv-221x300.png 221w\" sizes=\"(max-width: 566px) 100vw, 566px\" \/>\t\t\t\t\t\t\t\t\t\t\t\t\t\t\t<\/div>\n\t\t\t\t<\/div>\n\t\t\t\t<\/div>\n\t\t<div class=\"elementor-element elementor-element-871cefd e-con-full e-flex e-con e-child\" data-id=\"871cefd\" data-element_type=\"container\">\n\t\t\t\t<div class=\"elementor-element elementor-element-eef3429 elementor-widget elementor-widget-image\" data-id=\"eef3429\" data-element_type=\"widget\" data-widget_type=\"image.default\">\n\t\t\t\t<div class=\"elementor-widget-container\">\n\t\t\t\t\t\t\t\t\t\t\t\t\t\t\t<img decoding=\"async\" width=\"606\" height=\"826\" src=\"https:\/\/countryclubaixois.com\/tennis-club\/wp-content\/uploads\/2026\/01\/gym-haut-grand.png\" class=\"attachment-large size-large wp-image-7130\" alt=\"\" srcset=\"https:\/\/countryclubaixois.com\/tennis-club\/wp-content\/uploads\/2026\/01\/gym-haut-grand.png 606w, https:\/\/countryclubaixois.com\/tennis-club\/wp-content\/uploads\/2026\/01\/gym-haut-grand-220x300.png 220w\" sizes=\"(max-width: 606px) 100vw, 606px\" \/>\t\t\t\t\t\t\t\t\t\t\t\t\t\t\t<\/div>\n\t\t\t\t<\/div>\n\t\t\t\t<\/div>\n\t\t<div class=\"elementor-element elementor-element-2467d12 e-con-full e-flex e-con e-child\" data-id=\"2467d12\" data-element_type=\"container\">\n\t\t\t\t<div class=\"elementor-element elementor-element-a43a6a2 elementor-widget elementor-widget-image\" data-id=\"a43a6a2\" data-element_type=\"widget\" data-widget_type=\"image.default\">\n\t\t\t\t<div class=\"elementor-widget-container\">\n\t\t\t\t\t\t\t\t\t\t\t\t\t\t\t<img decoding=\"async\" width=\"775\" height=\"592\" src=\"https:\/\/countryclubaixois.com\/tennis-club\/wp-content\/uploads\/2026\/01\/horaires-gym-2.png\" class=\"attachment-large size-large wp-image-7125\" alt=\"\" srcset=\"https:\/\/countryclubaixois.com\/tennis-club\/wp-content\/uploads\/2026\/01\/horaires-gym-2.png 775w, https:\/\/countryclubaixois.com\/tennis-club\/wp-content\/uploads\/2026\/01\/horaires-gym-2-300x229.png 300w, https:\/\/countryclubaixois.com\/tennis-club\/wp-content\/uploads\/2026\/01\/horaires-gym-2-768x587.png 768w\" sizes=\"(max-width: 775px) 100vw, 775px\" \/>\t\t\t\t\t\t\t\t\t\t\t\t\t\t\t<\/div>\n\t\t\t\t<\/div>\n\t\t\t\t<\/div>\n\t\t\t\t\t<\/div>\n\t\t\t\t<\/div>\n\t\t<div class=\"elementor-element elementor-element-cc2c885 e-flex e-con-boxed e-con e-parent\" data-id=\"cc2c885\" data-element_type=\"container\">\n\t\t\t\t\t<div class=\"e-con-inner\">\n\t\t\t\t\t<\/div>\n\t\t\t\t<\/div>\n\t\t<div class=\"elementor-element elementor-element-52638ec e-grid e-con-boxed e-con e-parent\" data-id=\"52638ec\" data-element_type=\"container\">\n\t\t\t\t\t<div class=\"e-con-inner\">\n\t\t\t\t\t<\/div>\n\t\t\t\t<\/div>\n\t\t\t\t<\/div>\n\t\t","protected":false},"excerpt":{"rendered":"<p>Le Country Club d&rsquo;Aix-en-Provence<br \/>\n\t\t\t\t\tCountry club gym 25-26\t\t\t\t<\/p>\n","protected":false},"author":1,"featured_media":0,"parent":0,"menu_order":0,"comment_status":"closed","ping_status":"closed","template":"","meta":{"_acf_changed":false,"footnotes":""},"categories":[],"tags":[30],"class_list":["post-1195","page","type-page","status-publish","hentry","tag-fitness-aix-en-provence","count-0","even alt","author-admin_avaelys","last"],"acf":[],"yoast_head":"<!-- This site is optimized with the Yoast SEO plugin v17.2 - https:\/\/yoast.com\/wordpress\/plugins\/seo\/ -->\n<title>Country Club Gym - Country Club Aixois<\/title>\n<meta name=\"robots\" content=\"index, follow, max-snippet:-1, max-image-preview:large, max-video-preview:-1\" \/>\n<link rel=\"canonical\" href=\"https:\/\/countryclubaixois.com\/tennis-club\/fitness\/\" \/>\n<meta property=\"og:locale\" content=\"fr_FR\" \/>\n<meta property=\"og:type\" content=\"article\" \/>\n<meta property=\"og:title\" content=\"Country Club Gym - Country Club Aixois\" \/>\n<meta property=\"og:description\" content=\"Le Country Club d&#039;Aix-en-Provence     Country club gym 25-26\" \/>\n<meta property=\"og:url\" content=\"https:\/\/countryclubaixois.com\/tennis-club\/fitness\/\" \/>\n<meta property=\"og:site_name\" content=\"Country Club Aixois\" \/>\n<meta property=\"article:publisher\" content=\"https:\/\/www.facebook.com\/p\/Country-Club-Aixois-100063807272380\/?locale=fr_FR\" \/>\n<meta property=\"article:modified_time\" content=\"2026-01-15T10:02:27+00:00\" \/>\n<meta property=\"og:image\" content=\"https:\/\/countryclubaixois.com\/tennis-club\/wp-content\/uploads\/2026\/01\/couv.png\" \/>\n<meta name=\"twitter:card\" content=\"summary_large_image\" \/>\n<meta name=\"twitter:label1\" content=\"Est. reading time\" \/>\n\t<meta name=\"twitter:data1\" content=\"1 minute\" \/>\n<script type=\"application\/ld+json\" class=\"yoast-schema-graph\">{\"@context\":\"https:\/\/schema.org\",\"@graph\":[{\"@type\":\"Organization\",\"@id\":\"https:\/\/countryclubaixois.com\/tennis-club\/#organization\",\"name\":\"Country Club Aixois\",\"url\":\"https:\/\/countryclubaixois.com\/tennis-club\/\",\"sameAs\":[\"https:\/\/www.facebook.com\/p\/Country-Club-Aixois-100063807272380\/?locale=fr_FR\"],\"logo\":{\"@type\":\"ImageObject\",\"@id\":\"https:\/\/countryclubaixois.com\/tennis-club\/#logo\",\"inLanguage\":\"fr-FR\",\"url\":\"https:\/\/countryclubaixois.com\/tennis-club\/wp-content\/uploads\/2025\/02\/logo_new.png\",\"contentUrl\":\"https:\/\/countryclubaixois.com\/tennis-club\/wp-content\/uploads\/2025\/02\/logo_new.png\",\"width\":150,\"height\":184,\"caption\":\"Country Club Aixois\"},\"image\":{\"@id\":\"https:\/\/countryclubaixois.com\/tennis-club\/#logo\"}},{\"@type\":\"WebSite\",\"@id\":\"https:\/\/countryclubaixois.com\/tennis-club\/#website\",\"url\":\"https:\/\/countryclubaixois.com\/tennis-club\/\",\"name\":\"Country Club Aixois\",\"description\":\"Club de Tennis \\u00e0 Aix en Provence qui compte plus de 850 licenci\\u00e9s, le club de r\\u00e9f\\u00e9rence du tennis en France.\",\"publisher\":{\"@id\":\"https:\/\/countryclubaixois.com\/tennis-club\/#organization\"},\"potentialAction\":[{\"@type\":\"SearchAction\",\"target\":{\"@type\":\"EntryPoint\",\"urlTemplate\":\"https:\/\/countryclubaixois.com\/tennis-club\/?s={search_term_string}\"},\"query-input\":\"required name=search_term_string\"}],\"inLanguage\":\"fr-FR\"},{\"@type\":\"ImageObject\",\"@id\":\"https:\/\/countryclubaixois.com\/tennis-club\/fitness\/#primaryimage\",\"inLanguage\":\"fr-FR\",\"url\":\"https:\/\/countryclubaixois.com\/tennis-club\/wp-content\/uploads\/2026\/01\/couv.png\",\"contentUrl\":\"https:\/\/countryclubaixois.com\/tennis-club\/wp-content\/uploads\/2026\/01\/couv.png\",\"width\":566,\"height\":768},{\"@type\":\"WebPage\",\"@id\":\"https:\/\/countryclubaixois.com\/tennis-club\/fitness\/#webpage\",\"url\":\"https:\/\/countryclubaixois.com\/tennis-club\/fitness\/\",\"name\":\"Country Club Gym - Country Club Aixois\",\"isPartOf\":{\"@id\":\"https:\/\/countryclubaixois.com\/tennis-club\/#website\"},\"primaryImageOfPage\":{\"@id\":\"https:\/\/countryclubaixois.com\/tennis-club\/fitness\/#primaryimage\"},\"datePublished\":\"2016-03-08T10:08:32+00:00\",\"dateModified\":\"2026-01-15T10:02:27+00:00\",\"breadcrumb\":{\"@id\":\"https:\/\/countryclubaixois.com\/tennis-club\/fitness\/#breadcrumb\"},\"inLanguage\":\"fr-FR\",\"potentialAction\":[{\"@type\":\"ReadAction\",\"target\":[\"https:\/\/countryclubaixois.com\/tennis-club\/fitness\/\"]}]},{\"@type\":\"BreadcrumbList\",\"@id\":\"https:\/\/countryclubaixois.com\/tennis-club\/fitness\/#breadcrumb\",\"itemListElement\":[{\"@type\":\"ListItem\",\"position\":1,\"name\":\"Home\",\"item\":\"https:\/\/countryclubaixois.com\/tennis-club\/\"},{\"@type\":\"ListItem\",\"position\":2,\"name\":\"Country Club Gym\"}]}]}<\/script>\n<!-- \/ Yoast SEO plugin. -->","yoast_head_json":{"title":"Country Club Gym - Country Club Aixois","robots":{"index":"index","follow":"follow","max-snippet":"max-snippet:-1","max-image-preview":"max-image-preview:large","max-video-preview":"max-video-preview:-1"},"canonical":"https:\/\/countryclubaixois.com\/tennis-club\/fitness\/","og_locale":"fr_FR","og_type":"article","og_title":"Country Club Gym - Country Club Aixois","og_description":"Le Country Club d'Aix-en-Provence     Country club gym 25-26","og_url":"https:\/\/countryclubaixois.com\/tennis-club\/fitness\/","og_site_name":"Country Club Aixois","article_publisher":"https:\/\/www.facebook.com\/p\/Country-Club-Aixois-100063807272380\/?locale=fr_FR","article_modified_time":"2026-01-15T10:02:27+00:00","og_image":[{"url":"https:\/\/countryclubaixois.com\/tennis-club\/wp-content\/uploads\/2026\/01\/couv.png"}],"twitter_card":"summary_large_image","twitter_misc":{"Est. reading time":"1 minute"},"schema":{"@context":"https:\/\/schema.org","@graph":[{"@type":"Organization","@id":"https:\/\/countryclubaixois.com\/tennis-club\/#organization","name":"Country Club Aixois","url":"https:\/\/countryclubaixois.com\/tennis-club\/","sameAs":["https:\/\/www.facebook.com\/p\/Country-Club-Aixois-100063807272380\/?locale=fr_FR"],"logo":{"@type":"ImageObject","@id":"https:\/\/countryclubaixois.com\/tennis-club\/#logo","inLanguage":"fr-FR","url":"https:\/\/countryclubaixois.com\/tennis-club\/wp-content\/uploads\/2025\/02\/logo_new.png","contentUrl":"https:\/\/countryclubaixois.com\/tennis-club\/wp-content\/uploads\/2025\/02\/logo_new.png","width":150,"height":184,"caption":"Country Club Aixois"},"image":{"@id":"https:\/\/countryclubaixois.com\/tennis-club\/#logo"}},{"@type":"WebSite","@id":"https:\/\/countryclubaixois.com\/tennis-club\/#website","url":"https:\/\/countryclubaixois.com\/tennis-club\/","name":"Country Club Aixois","description":"Club de Tennis \u00e0 Aix en Provence qui compte plus de 850 licenci\u00e9s, le club de r\u00e9f\u00e9rence du tennis en France.","publisher":{"@id":"https:\/\/countryclubaixois.com\/tennis-club\/#organization"},"potentialAction":[{"@type":"SearchAction","target":{"@type":"EntryPoint","urlTemplate":"https:\/\/countryclubaixois.com\/tennis-club\/?s={search_term_string}"},"query-input":"required name=search_term_string"}],"inLanguage":"fr-FR"},{"@type":"ImageObject","@id":"https:\/\/countryclubaixois.com\/tennis-club\/fitness\/#primaryimage","inLanguage":"fr-FR","url":"https:\/\/countryclubaixois.com\/tennis-club\/wp-content\/uploads\/2026\/01\/couv.png","contentUrl":"https:\/\/countryclubaixois.com\/tennis-club\/wp-content\/uploads\/2026\/01\/couv.png","width":566,"height":768},{"@type":"WebPage","@id":"https:\/\/countryclubaixois.com\/tennis-club\/fitness\/#webpage","url":"https:\/\/countryclubaixois.com\/tennis-club\/fitness\/","name":"Country Club Gym - Country Club Aixois","isPartOf":{"@id":"https:\/\/countryclubaixois.com\/tennis-club\/#website"},"primaryImageOfPage":{"@id":"https:\/\/countryclubaixois.com\/tennis-club\/fitness\/#primaryimage"},"datePublished":"2016-03-08T10:08:32+00:00","dateModified":"2026-01-15T10:02:27+00:00","breadcrumb":{"@id":"https:\/\/countryclubaixois.com\/tennis-club\/fitness\/#breadcrumb"},"inLanguage":"fr-FR","potentialAction":[{"@type":"ReadAction","target":["https:\/\/countryclubaixois.com\/tennis-club\/fitness\/"]}]},{"@type":"BreadcrumbList","@id":"https:\/\/countryclubaixois.com\/tennis-club\/fitness\/#breadcrumb","itemListElement":[{"@type":"ListItem","position":1,"name":"Home","item":"https:\/\/countryclubaixois.com\/tennis-club\/"},{"@type":"ListItem","position":2,"name":"Country Club Gym"}]}]}},"_links":{"self":[{"href":"https:\/\/countryclubaixois.com\/tennis-club\/wp-json\/wp\/v2\/pages\/1195","targetHints":{"allow":["GET"]}}],"collection":[{"href":"https:\/\/countryclubaixois.com\/tennis-club\/wp-json\/wp\/v2\/pages"}],"about":[{"href":"https:\/\/countryclubaixois.com\/tennis-club\/wp-json\/wp\/v2\/types\/page"}],"author":[{"embeddable":true,"href":"https:\/\/countryclubaixois.com\/tennis-club\/wp-json\/wp\/v2\/users\/1"}],"replies":[{"embeddable":true,"href":"https:\/\/countryclubaixois.com\/tennis-club\/wp-json\/wp\/v2\/comments?post=1195"}],"version-history":[{"count":1,"href":"https:\/\/countryclubaixois.com\/tennis-club\/wp-json\/wp\/v2\/pages\/1195\/revisions"}],"predecessor-version":[{"id":7138,"href":"https:\/\/countryclubaixois.com\/tennis-club\/wp-json\/wp\/v2\/pages\/1195\/revisions\/7138"}],"wp:attachment":[{"href":"https:\/\/countryclubaixois.com\/tennis-club\/wp-json\/wp\/v2\/media?parent=1195"}],"wp:term":[{"taxonomy":"category","embeddable":true,"href":"https:\/\/countryclubaixois.com\/tennis-club\/wp-json\/wp\/v2\/categories?post=1195"},{"taxonomy":"post_tag","embeddable":true,"href":"https:\/\/countryclubaixois.com\/tennis-club\/wp-json\/wp\/v2\/tags?post=1195"}],"curies":[{"name":"wp","href":"https:\/\/api.w.org\/{rel}","templated":true}]}}