{"id":1293,"date":"2016-03-28T16:01:35","date_gmt":"2016-03-28T15:01:35","guid":{"rendered":"http:\/\/countryclubaixois.com\/tennis-club\/?page_id=1293"},"modified":"2026-01-15T12:41:31","modified_gmt":"2026-01-15T11:41:31","slug":"country-club-padel","status":"publish","type":"page","link":"https:\/\/countryclubaixois.com\/tennis-club\/country-club-padel\/","title":{"rendered":"Les terrains de Padel"},"content":{"rendered":"\t\t<div data-elementor-type=\"wp-page\" data-elementor-id=\"1293\" class=\"elementor elementor-1293\">\n\t\t\t\t\t\t<section class=\"elementor-section elementor-top-section elementor-element elementor-element-70d90cd4 elementor-section-boxed elementor-section-height-default elementor-section-height-default\" data-id=\"70d90cd4\" data-element_type=\"section\">\n\t\t\t\t\t\t<div class=\"elementor-container elementor-column-gap-default\">\n\t\t\t\t\t<div class=\"elementor-column elementor-col-100 elementor-top-column elementor-element elementor-element-72512bb1\" data-id=\"72512bb1\" data-element_type=\"column\">\n\t\t\t<div class=\"elementor-widget-wrap elementor-element-populated\">\n\t\t\t\t\t\t<div class=\"elementor-element elementor-element-2ef6a07d elementor-widget elementor-widget-heading\" data-id=\"2ef6a07d\" data-element_type=\"widget\" data-widget_type=\"heading.default\">\n\t\t\t\t<div class=\"elementor-widget-container\">\n\t\t\t\t\t<h2 class=\"elementor-heading-title elementor-size-default\">Le Country Club d'Aix-en-Provence<\/h2>\t\t\t\t<\/div>\n\t\t\t\t<\/div>\n\t\t\t\t<div class=\"elementor-element elementor-element-3212fcab elementor-widget-divider--view-line elementor-widget elementor-widget-divider\" data-id=\"3212fcab\" data-element_type=\"widget\" data-widget_type=\"divider.default\">\n\t\t\t\t<div class=\"elementor-widget-container\">\n\t\t\t\t\t\t\t<div class=\"elementor-divider\">\n\t\t\t<span class=\"elementor-divider-separator\">\n\t\t\t\t\t\t<\/span>\n\t\t<\/div>\n\t\t\t\t\t\t<\/div>\n\t\t\t\t<\/div>\n\t\t\t\t<div class=\"elementor-element elementor-element-16deacbe elementor-widget elementor-widget-heading\" data-id=\"16deacbe\" data-element_type=\"widget\" data-widget_type=\"heading.default\">\n\t\t\t\t<div class=\"elementor-widget-container\">\n\t\t\t\t\t<h2 class=\"elementor-heading-title elementor-size-default\">country club padel 25-26 <\/h2>\t\t\t\t<\/div>\n\t\t\t\t<\/div>\n\t\t\t\t\t<\/div>\n\t\t<\/div>\n\t\t\t\t\t<\/div>\n\t\t<\/section>\n\t\t<div class=\"elementor-element elementor-element-2ef5e3e e-flex e-con-boxed e-con e-parent\" data-id=\"2ef5e3e\" data-element_type=\"container\">\n\t\t\t\t\t<div class=\"e-con-inner\">\n\t\t\t\t<div class=\"elementor-element elementor-element-ed26f3a elementor-widget elementor-widget-text-editor\" data-id=\"ed26f3a\" data-element_type=\"widget\" data-widget_type=\"text-editor.default\">\n\t\t\t\t<div class=\"elementor-widget-container\">\n\t\t\t\t\t\t\t\t\t<p style=\"text-align: center;\"><span style=\"font-size: 18pt; color: #000000;\">Le club compte 4 terrains, dont 2 terrains couverts.<\/span><\/p><p style=\"text-align: center;\"><span style=\"font-size: 14pt; color: #000000;\">Pour la saison 2025\/2026, les terrains sont g\u00e9r\u00e9s par la soci\u00e9t\u00e9 Squaw Creek Padels.<\/span><\/p><p style=\"text-align: center;\"><span style=\"font-size: 14pt; color: #000000;\">Pour toute question, merci de contacter Christian au 06 40 92 92 55<\/span><\/p><p>\u00a0<\/p>\t\t\t\t\t\t\t\t<\/div>\n\t\t\t\t<\/div>\n\t\t\t\t\t<\/div>\n\t\t\t\t<\/div>\n\t\t<div class=\"elementor-element elementor-element-edc9ed3 e-flex e-con-boxed e-con e-parent\" data-id=\"edc9ed3\" data-element_type=\"container\">\n\t\t\t\t\t<div class=\"e-con-inner\">\n\t\t<div class=\"elementor-element elementor-element-6be5672 e-con-full e-flex e-con e-child\" data-id=\"6be5672\" data-element_type=\"container\">\n\t\t\t\t<div class=\"elementor-element elementor-element-bd8c95f elementor-widget elementor-widget-heading\" data-id=\"bd8c95f\" data-element_type=\"widget\" data-widget_type=\"heading.default\">\n\t\t\t\t<div class=\"elementor-widget-container\">\n\t\t\t\t\t<h2 class=\"elementor-heading-title elementor-size-default\">7 MAI 2017 -\n\nINAUGURATION DU COUNTRY CLUB PADEL\n<\/h2>\t\t\t\t<\/div>\n\t\t\t\t<\/div>\n\t\t\t\t<div class=\"elementor-element elementor-element-0413555 elementor-widget elementor-widget-image\" data-id=\"0413555\" data-element_type=\"widget\" data-widget_type=\"image.default\">\n\t\t\t\t<div class=\"elementor-widget-container\">\n\t\t\t\t\t\t\t\t\t\t\t\t\t\t\t<img fetchpriority=\"high\" decoding=\"async\" width=\"902\" height=\"676\" src=\"https:\/\/countryclubaixois.com\/tennis-club\/wp-content\/uploads\/2026\/01\/padel-inauguration.png\" class=\"attachment-large size-large wp-image-7140\" alt=\"\" srcset=\"https:\/\/countryclubaixois.com\/tennis-club\/wp-content\/uploads\/2026\/01\/padel-inauguration.png 902w, https:\/\/countryclubaixois.com\/tennis-club\/wp-content\/uploads\/2026\/01\/padel-inauguration-300x225.png 300w, https:\/\/countryclubaixois.com\/tennis-club\/wp-content\/uploads\/2026\/01\/padel-inauguration-768x576.png 768w\" sizes=\"(max-width: 902px) 100vw, 902px\" \/>\t\t\t\t\t\t\t\t\t\t\t\t\t\t\t<\/div>\n\t\t\t\t<\/div>\n\t\t\t\t<\/div>\n\t\t<div class=\"elementor-element elementor-element-ddd838b e-con-full e-flex e-con e-child\" data-id=\"ddd838b\" data-element_type=\"container\">\n\t\t\t\t<div class=\"elementor-element elementor-element-585d084 elementor-widget elementor-widget-heading\" data-id=\"585d084\" data-element_type=\"widget\" data-widget_type=\"heading.default\">\n\t\t\t\t<div class=\"elementor-widget-container\">\n\t\t\t\t\t<h2 class=\"elementor-heading-title elementor-size-default\">2018 -\n\nCONSTRUCTION DES TOITS\n<\/h2>\t\t\t\t<\/div>\n\t\t\t\t<\/div>\n\t\t\t\t<div class=\"elementor-element elementor-element-e10e238 elementor-widget elementor-widget-image\" data-id=\"e10e238\" data-element_type=\"widget\" data-widget_type=\"image.default\">\n\t\t\t\t<div class=\"elementor-widget-container\">\n\t\t\t\t\t\t\t\t\t\t\t\t\t\t\t<img decoding=\"async\" width=\"960\" height=\"720\" src=\"https:\/\/countryclubaixois.com\/tennis-club\/wp-content\/uploads\/2016\/10\/IMG_1996-2.jpg\" class=\"attachment-large size-large wp-image-4178\" alt=\"\" srcset=\"https:\/\/countryclubaixois.com\/tennis-club\/wp-content\/uploads\/2016\/10\/IMG_1996-2.jpg 960w, https:\/\/countryclubaixois.com\/tennis-club\/wp-content\/uploads\/2016\/10\/IMG_1996-2-300x225.jpg 300w, https:\/\/countryclubaixois.com\/tennis-club\/wp-content\/uploads\/2016\/10\/IMG_1996-2-768x576.jpg 768w\" sizes=\"(max-width: 960px) 100vw, 960px\" \/>\t\t\t\t\t\t\t\t\t\t\t\t\t\t\t<\/div>\n\t\t\t\t<\/div>\n\t\t\t\t<\/div>\n\t\t\t\t\t<\/div>\n\t\t\t\t<\/div>\n\t\t<div class=\"elementor-element elementor-element-c3c90e8 e-flex e-con-boxed e-con e-parent\" data-id=\"c3c90e8\" data-element_type=\"container\">\n\t\t\t\t\t<div class=\"e-con-inner\">\n\t\t\t\t\t<\/div>\n\t\t\t\t<\/div>\n\t\t<div class=\"elementor-element elementor-element-fa60452 e-flex e-con-boxed e-con e-parent\" data-id=\"fa60452\" data-element_type=\"container\">\n\t\t\t\t\t<div class=\"e-con-inner\">\n\t\t\t\t\t<\/div>\n\t\t\t\t<\/div>\n\t\t<div class=\"elementor-element elementor-element-64e1abe e-flex e-con-boxed e-con e-parent\" data-id=\"64e1abe\" data-element_type=\"container\">\n\t\t\t\t\t<div class=\"e-con-inner\">\n\t\t\t\t\t<\/div>\n\t\t\t\t<\/div>\n\t\t\t\t<\/div>\n\t\t","protected":false},"excerpt":{"rendered":"<p>Le Country Club d&rsquo;Aix-en-Provence<br \/>\n\t\t\t\t\tcountry club padel 25-26<br \/>\n\t\tLe club compte 4 terrains, dont 2 terrains couverts.Pour la saison 2025\/2026, les terrains sont g\u00e9r\u00e9s par la soci\u00e9t\u00e9 Squaw Creek Padels.Pour toute question, merci de contacter Christian au 06 40 92 92 55\u00a0<br \/>\n\t\t\t\t\t7 MAI 2017  [&#8230;]<\/p>\n","protected":false},"author":2,"featured_media":0,"parent":0,"menu_order":0,"comment_status":"closed","ping_status":"closed","template":"","meta":{"_acf_changed":false,"footnotes":""},"categories":[],"tags":[],"class_list":["post-1293","page","type-page","status-publish","hentry","count-0","even alt","author-user","last"],"acf":[],"yoast_head":"<!-- This site is optimized with the Yoast SEO plugin v17.2 - https:\/\/yoast.com\/wordpress\/plugins\/seo\/ -->\n<title>Les terrains de Padel - Country Club Aixois<\/title>\n<meta name=\"robots\" content=\"index, follow, max-snippet:-1, max-image-preview:large, max-video-preview:-1\" \/>\n<link rel=\"canonical\" href=\"https:\/\/countryclubaixois.com\/tennis-club\/country-club-padel\/\" \/>\n<meta property=\"og:locale\" content=\"fr_FR\" \/>\n<meta property=\"og:type\" content=\"article\" \/>\n<meta property=\"og:title\" content=\"Les terrains de Padel - Country Club Aixois\" \/>\n<meta property=\"og:description\" content=\"Le Country Club d&#039;Aix-en-Provence     country club padel 25-26    Le club compte 4 terrains, dont 2 terrains couverts.Pour la saison 2025\/2026, les terrains sont g\u00e9r\u00e9s par la soci\u00e9t\u00e9 Squaw Creek Padels.Pour toute question, merci de contacter Christian au 06 40 92 92 55\u00a0    7 MAI 2017 [...]\" \/>\n<meta property=\"og:url\" content=\"https:\/\/countryclubaixois.com\/tennis-club\/country-club-padel\/\" \/>\n<meta property=\"og:site_name\" content=\"Country Club Aixois\" \/>\n<meta property=\"article:publisher\" content=\"https:\/\/www.facebook.com\/p\/Country-Club-Aixois-100063807272380\/?locale=fr_FR\" \/>\n<meta property=\"article:modified_time\" content=\"2026-01-15T11:41:31+00:00\" \/>\n<meta property=\"og:image\" content=\"https:\/\/countryclubaixois.com\/tennis-club\/wp-content\/uploads\/2026\/01\/padel-inauguration.png\" \/>\n<meta name=\"twitter:card\" content=\"summary_large_image\" \/>\n<meta name=\"twitter:label1\" content=\"Est. reading time\" \/>\n\t<meta name=\"twitter:data1\" content=\"1 minute\" \/>\n<script type=\"application\/ld+json\" class=\"yoast-schema-graph\">{\"@context\":\"https:\/\/schema.org\",\"@graph\":[{\"@type\":\"Organization\",\"@id\":\"https:\/\/countryclubaixois.com\/tennis-club\/#organization\",\"name\":\"Country Club Aixois\",\"url\":\"https:\/\/countryclubaixois.com\/tennis-club\/\",\"sameAs\":[\"https:\/\/www.facebook.com\/p\/Country-Club-Aixois-100063807272380\/?locale=fr_FR\"],\"logo\":{\"@type\":\"ImageObject\",\"@id\":\"https:\/\/countryclubaixois.com\/tennis-club\/#logo\",\"inLanguage\":\"fr-FR\",\"url\":\"https:\/\/countryclubaixois.com\/tennis-club\/wp-content\/uploads\/2025\/02\/logo_new.png\",\"contentUrl\":\"https:\/\/countryclubaixois.com\/tennis-club\/wp-content\/uploads\/2025\/02\/logo_new.png\",\"width\":150,\"height\":184,\"caption\":\"Country Club Aixois\"},\"image\":{\"@id\":\"https:\/\/countryclubaixois.com\/tennis-club\/#logo\"}},{\"@type\":\"WebSite\",\"@id\":\"https:\/\/countryclubaixois.com\/tennis-club\/#website\",\"url\":\"https:\/\/countryclubaixois.com\/tennis-club\/\",\"name\":\"Country Club Aixois\",\"description\":\"Club de Tennis \\u00e0 Aix en Provence qui compte plus de 850 licenci\\u00e9s, le club de r\\u00e9f\\u00e9rence du tennis en France.\",\"publisher\":{\"@id\":\"https:\/\/countryclubaixois.com\/tennis-club\/#organization\"},\"potentialAction\":[{\"@type\":\"SearchAction\",\"target\":{\"@type\":\"EntryPoint\",\"urlTemplate\":\"https:\/\/countryclubaixois.com\/tennis-club\/?s={search_term_string}\"},\"query-input\":\"required name=search_term_string\"}],\"inLanguage\":\"fr-FR\"},{\"@type\":\"ImageObject\",\"@id\":\"https:\/\/countryclubaixois.com\/tennis-club\/country-club-padel\/#primaryimage\",\"inLanguage\":\"fr-FR\",\"url\":\"https:\/\/countryclubaixois.com\/tennis-club\/wp-content\/uploads\/2026\/01\/padel-inauguration.png\",\"contentUrl\":\"https:\/\/countryclubaixois.com\/tennis-club\/wp-content\/uploads\/2026\/01\/padel-inauguration.png\",\"width\":902,\"height\":676},{\"@type\":\"WebPage\",\"@id\":\"https:\/\/countryclubaixois.com\/tennis-club\/country-club-padel\/#webpage\",\"url\":\"https:\/\/countryclubaixois.com\/tennis-club\/country-club-padel\/\",\"name\":\"Les terrains de Padel - Country Club Aixois\",\"isPartOf\":{\"@id\":\"https:\/\/countryclubaixois.com\/tennis-club\/#website\"},\"primaryImageOfPage\":{\"@id\":\"https:\/\/countryclubaixois.com\/tennis-club\/country-club-padel\/#primaryimage\"},\"datePublished\":\"2016-03-28T15:01:35+00:00\",\"dateModified\":\"2026-01-15T11:41:31+00:00\",\"breadcrumb\":{\"@id\":\"https:\/\/countryclubaixois.com\/tennis-club\/country-club-padel\/#breadcrumb\"},\"inLanguage\":\"fr-FR\",\"potentialAction\":[{\"@type\":\"ReadAction\",\"target\":[\"https:\/\/countryclubaixois.com\/tennis-club\/country-club-padel\/\"]}]},{\"@type\":\"BreadcrumbList\",\"@id\":\"https:\/\/countryclubaixois.com\/tennis-club\/country-club-padel\/#breadcrumb\",\"itemListElement\":[{\"@type\":\"ListItem\",\"position\":1,\"name\":\"Home\",\"item\":\"https:\/\/countryclubaixois.com\/tennis-club\/\"},{\"@type\":\"ListItem\",\"position\":2,\"name\":\"Les terrains de Padel\"}]}]}<\/script>\n<!-- \/ Yoast SEO plugin. -->","yoast_head_json":{"title":"Les terrains de Padel - Country Club Aixois","robots":{"index":"index","follow":"follow","max-snippet":"max-snippet:-1","max-image-preview":"max-image-preview:large","max-video-preview":"max-video-preview:-1"},"canonical":"https:\/\/countryclubaixois.com\/tennis-club\/country-club-padel\/","og_locale":"fr_FR","og_type":"article","og_title":"Les terrains de Padel - Country Club Aixois","og_description":"Le Country Club d'Aix-en-Provence     country club padel 25-26    Le club compte 4 terrains, dont 2 terrains couverts.Pour la saison 2025\/2026, les terrains sont g\u00e9r\u00e9s par la soci\u00e9t\u00e9 Squaw Creek Padels.Pour toute question, merci de contacter Christian au 06 40 92 92 55\u00a0    7 MAI 2017 [...]","og_url":"https:\/\/countryclubaixois.com\/tennis-club\/country-club-padel\/","og_site_name":"Country Club Aixois","article_publisher":"https:\/\/www.facebook.com\/p\/Country-Club-Aixois-100063807272380\/?locale=fr_FR","article_modified_time":"2026-01-15T11:41:31+00:00","og_image":[{"url":"https:\/\/countryclubaixois.com\/tennis-club\/wp-content\/uploads\/2026\/01\/padel-inauguration.png"}],"twitter_card":"summary_large_image","twitter_misc":{"Est. reading time":"1 minute"},"schema":{"@context":"https:\/\/schema.org","@graph":[{"@type":"Organization","@id":"https:\/\/countryclubaixois.com\/tennis-club\/#organization","name":"Country Club Aixois","url":"https:\/\/countryclubaixois.com\/tennis-club\/","sameAs":["https:\/\/www.facebook.com\/p\/Country-Club-Aixois-100063807272380\/?locale=fr_FR"],"logo":{"@type":"ImageObject","@id":"https:\/\/countryclubaixois.com\/tennis-club\/#logo","inLanguage":"fr-FR","url":"https:\/\/countryclubaixois.com\/tennis-club\/wp-content\/uploads\/2025\/02\/logo_new.png","contentUrl":"https:\/\/countryclubaixois.com\/tennis-club\/wp-content\/uploads\/2025\/02\/logo_new.png","width":150,"height":184,"caption":"Country Club Aixois"},"image":{"@id":"https:\/\/countryclubaixois.com\/tennis-club\/#logo"}},{"@type":"WebSite","@id":"https:\/\/countryclubaixois.com\/tennis-club\/#website","url":"https:\/\/countryclubaixois.com\/tennis-club\/","name":"Country Club Aixois","description":"Club de Tennis \u00e0 Aix en Provence qui compte plus de 850 licenci\u00e9s, le club de r\u00e9f\u00e9rence du tennis en France.","publisher":{"@id":"https:\/\/countryclubaixois.com\/tennis-club\/#organization"},"potentialAction":[{"@type":"SearchAction","target":{"@type":"EntryPoint","urlTemplate":"https:\/\/countryclubaixois.com\/tennis-club\/?s={search_term_string}"},"query-input":"required name=search_term_string"}],"inLanguage":"fr-FR"},{"@type":"ImageObject","@id":"https:\/\/countryclubaixois.com\/tennis-club\/country-club-padel\/#primaryimage","inLanguage":"fr-FR","url":"https:\/\/countryclubaixois.com\/tennis-club\/wp-content\/uploads\/2026\/01\/padel-inauguration.png","contentUrl":"https:\/\/countryclubaixois.com\/tennis-club\/wp-content\/uploads\/2026\/01\/padel-inauguration.png","width":902,"height":676},{"@type":"WebPage","@id":"https:\/\/countryclubaixois.com\/tennis-club\/country-club-padel\/#webpage","url":"https:\/\/countryclubaixois.com\/tennis-club\/country-club-padel\/","name":"Les terrains de Padel - Country Club Aixois","isPartOf":{"@id":"https:\/\/countryclubaixois.com\/tennis-club\/#website"},"primaryImageOfPage":{"@id":"https:\/\/countryclubaixois.com\/tennis-club\/country-club-padel\/#primaryimage"},"datePublished":"2016-03-28T15:01:35+00:00","dateModified":"2026-01-15T11:41:31+00:00","breadcrumb":{"@id":"https:\/\/countryclubaixois.com\/tennis-club\/country-club-padel\/#breadcrumb"},"inLanguage":"fr-FR","potentialAction":[{"@type":"ReadAction","target":["https:\/\/countryclubaixois.com\/tennis-club\/country-club-padel\/"]}]},{"@type":"BreadcrumbList","@id":"https:\/\/countryclubaixois.com\/tennis-club\/country-club-padel\/#breadcrumb","itemListElement":[{"@type":"ListItem","position":1,"name":"Home","item":"https:\/\/countryclubaixois.com\/tennis-club\/"},{"@type":"ListItem","position":2,"name":"Les terrains de Padel"}]}]}},"_links":{"self":[{"href":"https:\/\/countryclubaixois.com\/tennis-club\/wp-json\/wp\/v2\/pages\/1293","targetHints":{"allow":["GET"]}}],"collection":[{"href":"https:\/\/countryclubaixois.com\/tennis-club\/wp-json\/wp\/v2\/pages"}],"about":[{"href":"https:\/\/countryclubaixois.com\/tennis-club\/wp-json\/wp\/v2\/types\/page"}],"author":[{"embeddable":true,"href":"https:\/\/countryclubaixois.com\/tennis-club\/wp-json\/wp\/v2\/users\/2"}],"replies":[{"embeddable":true,"href":"https:\/\/countryclubaixois.com\/tennis-club\/wp-json\/wp\/v2\/comments?post=1293"}],"version-history":[{"count":2,"href":"https:\/\/countryclubaixois.com\/tennis-club\/wp-json\/wp\/v2\/pages\/1293\/revisions"}],"predecessor-version":[{"id":7167,"href":"https:\/\/countryclubaixois.com\/tennis-club\/wp-json\/wp\/v2\/pages\/1293\/revisions\/7167"}],"wp:attachment":[{"href":"https:\/\/countryclubaixois.com\/tennis-club\/wp-json\/wp\/v2\/media?parent=1293"}],"wp:term":[{"taxonomy":"category","embeddable":true,"href":"https:\/\/countryclubaixois.com\/tennis-club\/wp-json\/wp\/v2\/categories?post=1293"},{"taxonomy":"post_tag","embeddable":true,"href":"https:\/\/countryclubaixois.com\/tennis-club\/wp-json\/wp\/v2\/tags?post=1293"}],"curies":[{"name":"wp","href":"https:\/\/api.w.org\/{rel}","templated":true}]}}