{"id":1814,"date":"2016-05-04T09:41:45","date_gmt":"2016-05-04T08:41:45","guid":{"rendered":"http:\/\/countryclubaixois.com\/tennis-club\/?page_id=1814"},"modified":"2016-05-04T09:41:45","modified_gmt":"2016-05-04T08:41:45","slug":"demande-dinformation-fitness","status":"publish","type":"page","link":"https:\/\/countryclubaixois.com\/tennis-club\/demande-dinformation-fitness\/","title":{"rendered":"Demande d&rsquo;information &#8211; Fitness"},"content":{"rendered":"<div class=\"frm_forms  with_frm_style frm_style_style-formidable\" id=\"frm_form_6_container\" >\n<form enctype=\"multipart\/form-data\" method=\"post\" class=\"frm-show-form \" id=\"form_sxevdm\" >\n<div class=\"frm_form_fields \">\n<fieldset>\n<legend class=\"frm_hidden\">Demande d'information - Fitness<\/legend>\r\n\r\n<div class=\"frm_fields_container\">\n<input type=\"hidden\" name=\"frm_action\" value=\"create\" \/>\n<input type=\"hidden\" name=\"form_id\" value=\"6\" \/>\n<input type=\"hidden\" name=\"frm_hide_fields_6\" id=\"frm_hide_fields_6\" value=\"\" \/>\n<input type=\"hidden\" name=\"form_key\" value=\"sxevdm\" \/>\n<input type=\"hidden\" name=\"item_meta[0]\" value=\"\" \/>\n<input type=\"hidden\" id=\"frm_submit_entry_6\" name=\"frm_submit_entry_6\" value=\"35047a62b1\" \/><input type=\"hidden\" name=\"_wp_http_referer\" value=\"\/tennis-club\/wp-json\/wp\/v2\/pages\/1814\" \/><div id=\"frm_field_27_container\" class=\"frm_form_field form-field  frm_top_container\">\r\n    <label for=\"field_ryu4tk\" class=\"frm_primary_label\">Nom \/ Pr\u00e9nom\r\n        <span class=\"frm_required\"><\/span>\r\n    <\/label>\r\n    <input type=\"text\" id=\"field_ryu4tk\" name=\"item_meta[27]\" value=\"\"  data-invmsg=\"Nom \/ Pr\u00e9nom est non valide\" aria-invalid=\"false\"  \/>\r\n    \r\n    \r\n<\/div>\n<div id=\"frm_field_28_container\" class=\"frm_form_field form-field  frm_top_container\">\r\n    <label for=\"field_ftom2e\" class=\"frm_primary_label\">Age\r\n        <span class=\"frm_required\"><\/span>\r\n    <\/label>\r\n    <input type=\"text\" id=\"field_ftom2e\" name=\"item_meta[28]\" value=\"\"  data-invmsg=\"Age est non valide\" aria-invalid=\"false\"  \/>\r\n    \r\n    \r\n<\/div>\n<div id=\"frm_field_33_container\" class=\"frm_form_field form-field  frm_top_container\">\r\n    <label for=\"field_kskmux\" class=\"frm_primary_label\">Adresse e-mail\r\n        <span class=\"frm_required\"><\/span>\r\n    <\/label>\r\n    <input type=\"email\" id=\"field_kskmux\" name=\"item_meta[33]\" value=\"\"  data-invmsg=\"Adresse e-mail est non valide\" aria-invalid=\"false\"  \/>\r\n    \r\n    \r\n<\/div>\n<div id=\"frm_field_29_container\" class=\"frm_form_field form-field  frm_top_container\">\r\n    <label for=\"field_i2s1tp\" class=\"frm_primary_label\">T\u00e9l\u00e9phone\r\n        <span class=\"frm_required\"><\/span>\r\n    <\/label>\r\n    <input type=\"text\" id=\"field_i2s1tp\" name=\"item_meta[29]\" value=\"\"  data-invmsg=\"T\u00e9l\u00e9phone est non valide\" aria-invalid=\"false\"  \/>\r\n    \r\n    \r\n<\/div>\n<div id=\"frm_field_31_container\" class=\"frm_form_field form-field  frm_top_container\">\r\n    <label for=\"field_axv81u\" class=\"frm_primary_label\">Votre demande\r\n        <span class=\"frm_required\"><\/span>\r\n    <\/label>\r\n    <textarea name=\"item_meta[31]\" id=\"field_axv81u\" rows=\"5\"  data-invmsg=\"Votre demande est non valide\" aria-invalid=\"false\"  ><\/textarea>\r\n    \r\n    \r\n<\/div>\n<div id=\"frm_field_32_container\" class=\"frm_form_field form-field  frm_top_container\">\r\n    <label for=\"g-recaptcha-response\" class=\"frm_primary_label\">reCAPTCHA\r\n        <span class=\"frm_required\"><\/span>\r\n    <\/label>\r\n    <div  id=\"field_fgxkzd\" class=\"frm-g-recaptcha\" data-sitekey=\"6LcjRhoTAAAAAKvPWCe9-Lh4JuKDlfinasCPp3Sa\" data-size=\"normal\" data-theme=\"light\"><\/div>\r\n    \r\n    \r\n<\/div>\n\t<input type=\"hidden\" name=\"item_key\" value=\"\" \/>\n\t<div class=\"frm_submit\">\r\n\r\n<input type=\"submit\" value=\"Envoyer\"  \/>\r\n<img decoding=\"async\" class=\"frm_ajax_loading\" src=\"https:\/\/countryclubaixois.com\/tennis-club\/wp-content\/plugins\/formidable\/images\/ajax_loader.gif\" alt=\"Envoi\"\/>\r\n\r\n<\/div><\/div>\n<\/fieldset>\n<\/div>\n\n<\/form>\n<\/div>\n\n","protected":false},"excerpt":{"rendered":"","protected":false},"author":1,"featured_media":0,"parent":0,"menu_order":0,"comment_status":"closed","ping_status":"closed","template":"","meta":{"_acf_changed":false,"footnotes":""},"categories":[],"tags":[],"class_list":["post-1814","page","type-page","status-publish","hentry","count-0","even alt","author-admin_avaelys","last"],"acf":[],"yoast_head":"<!-- This site is optimized with the Yoast SEO plugin v17.2 - https:\/\/yoast.com\/wordpress\/plugins\/seo\/ -->\n<title>Demande d&#039;information - Fitness - Country Club Aixois<\/title>\n<meta name=\"robots\" content=\"index, follow, max-snippet:-1, max-image-preview:large, max-video-preview:-1\" \/>\n<link rel=\"canonical\" href=\"https:\/\/countryclubaixois.com\/tennis-club\/demande-dinformation-fitness\/\" \/>\n<meta property=\"og:locale\" content=\"fr_FR\" \/>\n<meta property=\"og:type\" content=\"article\" \/>\n<meta property=\"og:title\" content=\"Demande d&#039;information - Fitness - Country Club Aixois\" \/>\n<meta property=\"og:url\" content=\"https:\/\/countryclubaixois.com\/tennis-club\/demande-dinformation-fitness\/\" \/>\n<meta property=\"og:site_name\" content=\"Country Club Aixois\" \/>\n<meta property=\"article:publisher\" content=\"https:\/\/www.facebook.com\/p\/Country-Club-Aixois-100063807272380\/?locale=fr_FR\" \/>\n<meta property=\"og:image\" content=\"https:\/\/countryclubaixois.com\/tennis-club\/wp-content\/uploads\/2023\/10\/384557746_1706022533209763_846626886440198528_n-1-1.jpg\" \/>\n\t<meta property=\"og:image:width\" content=\"1512\" \/>\n\t<meta property=\"og:image:height\" content=\"2016\" \/>\n<meta name=\"twitter:card\" content=\"summary_large_image\" \/>\n<script type=\"application\/ld+json\" class=\"yoast-schema-graph\">{\"@context\":\"https:\/\/schema.org\",\"@graph\":[{\"@type\":\"Organization\",\"@id\":\"https:\/\/countryclubaixois.com\/tennis-club\/#organization\",\"name\":\"Country Club Aixois\",\"url\":\"https:\/\/countryclubaixois.com\/tennis-club\/\",\"sameAs\":[\"https:\/\/www.facebook.com\/p\/Country-Club-Aixois-100063807272380\/?locale=fr_FR\"],\"logo\":{\"@type\":\"ImageObject\",\"@id\":\"https:\/\/countryclubaixois.com\/tennis-club\/#logo\",\"inLanguage\":\"fr-FR\",\"url\":\"https:\/\/countryclubaixois.com\/tennis-club\/wp-content\/uploads\/2025\/02\/logo_new.png\",\"contentUrl\":\"https:\/\/countryclubaixois.com\/tennis-club\/wp-content\/uploads\/2025\/02\/logo_new.png\",\"width\":150,\"height\":184,\"caption\":\"Country Club Aixois\"},\"image\":{\"@id\":\"https:\/\/countryclubaixois.com\/tennis-club\/#logo\"}},{\"@type\":\"WebSite\",\"@id\":\"https:\/\/countryclubaixois.com\/tennis-club\/#website\",\"url\":\"https:\/\/countryclubaixois.com\/tennis-club\/\",\"name\":\"Country Club Aixois\",\"description\":\"Club de Tennis \\u00e0 Aix en Provence qui compte plus de 850 licenci\\u00e9s, le club de r\\u00e9f\\u00e9rence du tennis en France.\",\"publisher\":{\"@id\":\"https:\/\/countryclubaixois.com\/tennis-club\/#organization\"},\"potentialAction\":[{\"@type\":\"SearchAction\",\"target\":{\"@type\":\"EntryPoint\",\"urlTemplate\":\"https:\/\/countryclubaixois.com\/tennis-club\/?s={search_term_string}\"},\"query-input\":\"required name=search_term_string\"}],\"inLanguage\":\"fr-FR\"},{\"@type\":\"WebPage\",\"@id\":\"https:\/\/countryclubaixois.com\/tennis-club\/demande-dinformation-fitness\/#webpage\",\"url\":\"https:\/\/countryclubaixois.com\/tennis-club\/demande-dinformation-fitness\/\",\"name\":\"Demande d'information - Fitness - Country Club Aixois\",\"isPartOf\":{\"@id\":\"https:\/\/countryclubaixois.com\/tennis-club\/#website\"},\"datePublished\":\"2016-05-04T08:41:45+00:00\",\"dateModified\":\"2016-05-04T08:41:45+00:00\",\"breadcrumb\":{\"@id\":\"https:\/\/countryclubaixois.com\/tennis-club\/demande-dinformation-fitness\/#breadcrumb\"},\"inLanguage\":\"fr-FR\",\"potentialAction\":[{\"@type\":\"ReadAction\",\"target\":[\"https:\/\/countryclubaixois.com\/tennis-club\/demande-dinformation-fitness\/\"]}]},{\"@type\":\"BreadcrumbList\",\"@id\":\"https:\/\/countryclubaixois.com\/tennis-club\/demande-dinformation-fitness\/#breadcrumb\",\"itemListElement\":[{\"@type\":\"ListItem\",\"position\":1,\"name\":\"Home\",\"item\":\"https:\/\/countryclubaixois.com\/tennis-club\/\"},{\"@type\":\"ListItem\",\"position\":2,\"name\":\"Demande d&rsquo;information &#8211; Fitness\"}]}]}<\/script>\n<!-- \/ Yoast SEO plugin. -->","yoast_head_json":{"title":"Demande d'information - Fitness - Country Club Aixois","robots":{"index":"index","follow":"follow","max-snippet":"max-snippet:-1","max-image-preview":"max-image-preview:large","max-video-preview":"max-video-preview:-1"},"canonical":"https:\/\/countryclubaixois.com\/tennis-club\/demande-dinformation-fitness\/","og_locale":"fr_FR","og_type":"article","og_title":"Demande d'information - Fitness - Country Club Aixois","og_url":"https:\/\/countryclubaixois.com\/tennis-club\/demande-dinformation-fitness\/","og_site_name":"Country Club Aixois","article_publisher":"https:\/\/www.facebook.com\/p\/Country-Club-Aixois-100063807272380\/?locale=fr_FR","og_image":[{"width":1512,"height":2016,"url":"https:\/\/countryclubaixois.com\/tennis-club\/wp-content\/uploads\/2023\/10\/384557746_1706022533209763_846626886440198528_n-1-1.jpg","path":"\/var\/www\/vhosts\/countryclubaixois.com\/httpdocs\/tennis-club\/wp-content\/uploads\/2023\/10\/384557746_1706022533209763_846626886440198528_n-1-1.jpg","size":"full","id":5104,"alt":"","pixels":3048192,"type":"image\/jpeg"}],"twitter_card":"summary_large_image","schema":{"@context":"https:\/\/schema.org","@graph":[{"@type":"Organization","@id":"https:\/\/countryclubaixois.com\/tennis-club\/#organization","name":"Country Club Aixois","url":"https:\/\/countryclubaixois.com\/tennis-club\/","sameAs":["https:\/\/www.facebook.com\/p\/Country-Club-Aixois-100063807272380\/?locale=fr_FR"],"logo":{"@type":"ImageObject","@id":"https:\/\/countryclubaixois.com\/tennis-club\/#logo","inLanguage":"fr-FR","url":"https:\/\/countryclubaixois.com\/tennis-club\/wp-content\/uploads\/2025\/02\/logo_new.png","contentUrl":"https:\/\/countryclubaixois.com\/tennis-club\/wp-content\/uploads\/2025\/02\/logo_new.png","width":150,"height":184,"caption":"Country Club Aixois"},"image":{"@id":"https:\/\/countryclubaixois.com\/tennis-club\/#logo"}},{"@type":"WebSite","@id":"https:\/\/countryclubaixois.com\/tennis-club\/#website","url":"https:\/\/countryclubaixois.com\/tennis-club\/","name":"Country Club Aixois","description":"Club de Tennis \u00e0 Aix en Provence qui compte plus de 850 licenci\u00e9s, le club de r\u00e9f\u00e9rence du tennis en France.","publisher":{"@id":"https:\/\/countryclubaixois.com\/tennis-club\/#organization"},"potentialAction":[{"@type":"SearchAction","target":{"@type":"EntryPoint","urlTemplate":"https:\/\/countryclubaixois.com\/tennis-club\/?s={search_term_string}"},"query-input":"required name=search_term_string"}],"inLanguage":"fr-FR"},{"@type":"WebPage","@id":"https:\/\/countryclubaixois.com\/tennis-club\/demande-dinformation-fitness\/#webpage","url":"https:\/\/countryclubaixois.com\/tennis-club\/demande-dinformation-fitness\/","name":"Demande d'information - Fitness - Country Club Aixois","isPartOf":{"@id":"https:\/\/countryclubaixois.com\/tennis-club\/#website"},"datePublished":"2016-05-04T08:41:45+00:00","dateModified":"2016-05-04T08:41:45+00:00","breadcrumb":{"@id":"https:\/\/countryclubaixois.com\/tennis-club\/demande-dinformation-fitness\/#breadcrumb"},"inLanguage":"fr-FR","potentialAction":[{"@type":"ReadAction","target":["https:\/\/countryclubaixois.com\/tennis-club\/demande-dinformation-fitness\/"]}]},{"@type":"BreadcrumbList","@id":"https:\/\/countryclubaixois.com\/tennis-club\/demande-dinformation-fitness\/#breadcrumb","itemListElement":[{"@type":"ListItem","position":1,"name":"Home","item":"https:\/\/countryclubaixois.com\/tennis-club\/"},{"@type":"ListItem","position":2,"name":"Demande d&rsquo;information &#8211; Fitness"}]}]}},"_links":{"self":[{"href":"https:\/\/countryclubaixois.com\/tennis-club\/wp-json\/wp\/v2\/pages\/1814","targetHints":{"allow":["GET"]}}],"collection":[{"href":"https:\/\/countryclubaixois.com\/tennis-club\/wp-json\/wp\/v2\/pages"}],"about":[{"href":"https:\/\/countryclubaixois.com\/tennis-club\/wp-json\/wp\/v2\/types\/page"}],"author":[{"embeddable":true,"href":"https:\/\/countryclubaixois.com\/tennis-club\/wp-json\/wp\/v2\/users\/1"}],"replies":[{"embeddable":true,"href":"https:\/\/countryclubaixois.com\/tennis-club\/wp-json\/wp\/v2\/comments?post=1814"}],"version-history":[{"count":0,"href":"https:\/\/countryclubaixois.com\/tennis-club\/wp-json\/wp\/v2\/pages\/1814\/revisions"}],"wp:attachment":[{"href":"https:\/\/countryclubaixois.com\/tennis-club\/wp-json\/wp\/v2\/media?parent=1814"}],"wp:term":[{"taxonomy":"category","embeddable":true,"href":"https:\/\/countryclubaixois.com\/tennis-club\/wp-json\/wp\/v2\/categories?post=1814"},{"taxonomy":"post_tag","embeddable":true,"href":"https:\/\/countryclubaixois.com\/tennis-club\/wp-json\/wp\/v2\/tags?post=1814"}],"curies":[{"name":"wp","href":"https:\/\/api.w.org\/{rel}","templated":true}]}}