{"id":360,"date":"2014-02-06T16:33:00","date_gmt":"2014-02-06T15:33:00","guid":{"rendered":"http:\/\/countryclubaixois.com\/tennis-club\/?page_id=360"},"modified":"2014-02-06T16:33:00","modified_gmt":"2014-02-06T15:33:00","slug":"nos-enseignants-par-le-ptit-country","status":"publish","type":"page","link":"https:\/\/countryclubaixois.com\/tennis-club\/nos-enseignants-par-le-ptit-country\/","title":{"rendered":"Nos Enseignants par le P\u2019tit Country"},"content":{"rendered":"<p>Le P\u2019tit Country est une revue imagin\u00e9e et r\u00e9alis\u00e9e par deux enfants de l\u2019\u00e9cole de comp\u00e9tition, Corentin BILLA n\u00e9 en 2000 class\u00e9 30 et Martin DEJANTE n\u00e9 en 2000 et class\u00e9 15\/5.<\/p>\n<p>Leur journal, qui a vu le jour au milieu de l\u2019ann\u00e9e 2012, nous apporte un regard diff\u00e9rent de notre club et du tennis.<\/p>\n<h3>Nos Enseignants par le P\u2019tit Country<\/h3>\n<p><a href=\"https:\/\/countryclubaixois.com\/tennis-club\/wp-content\/uploads\/2014\/02\/Hors-serie-cyril-2.jpg\"><img fetchpriority=\"high\" decoding=\"async\" class=\"aligncenter size-full wp-image-345\" alt=\"Image\" src=\"https:\/\/countryclubaixois.com\/tennis-club\/wp-content\/uploads\/2014\/02\/Hors-serie-cyril-2.jpg\" width=\"594\" height=\"840\" srcset=\"https:\/\/countryclubaixois.com\/tennis-club\/wp-content\/uploads\/2014\/02\/Hors-serie-cyril-2.jpg 594w, https:\/\/countryclubaixois.com\/tennis-club\/wp-content\/uploads\/2014\/02\/Hors-serie-cyril-2-212x300.jpg 212w\" sizes=\"(max-width: 594px) 100vw, 594px\" \/><\/a> <a href=\"https:\/\/countryclubaixois.com\/tennis-club\/wp-content\/uploads\/2014\/02\/Marc-1.jpg\"><img decoding=\"async\" class=\"aligncenter size-full wp-image-346\" alt=\"Image\" src=\"https:\/\/countryclubaixois.com\/tennis-club\/wp-content\/uploads\/2014\/02\/Marc-1.jpg\" width=\"594\" height=\"840\" srcset=\"https:\/\/countryclubaixois.com\/tennis-club\/wp-content\/uploads\/2014\/02\/Marc-1.jpg 594w, https:\/\/countryclubaixois.com\/tennis-club\/wp-content\/uploads\/2014\/02\/Marc-1-212x300.jpg 212w\" sizes=\"(max-width: 594px) 100vw, 594px\" \/><\/a> <a href=\"https:\/\/countryclubaixois.com\/tennis-club\/wp-content\/uploads\/2014\/02\/Marc-2.jpg\"><img decoding=\"async\" class=\"aligncenter size-full wp-image-347\" alt=\"Image\" src=\"https:\/\/countryclubaixois.com\/tennis-club\/wp-content\/uploads\/2014\/02\/Marc-2.jpg\" width=\"594\" height=\"840\" srcset=\"https:\/\/countryclubaixois.com\/tennis-club\/wp-content\/uploads\/2014\/02\/Marc-2.jpg 594w, https:\/\/countryclubaixois.com\/tennis-club\/wp-content\/uploads\/2014\/02\/Marc-2-212x300.jpg 212w\" sizes=\"(max-width: 594px) 100vw, 594px\" \/><\/a> <a href=\"https:\/\/countryclubaixois.com\/tennis-club\/wp-content\/uploads\/2014\/02\/Rodolphe1.jpg\"><img loading=\"lazy\" decoding=\"async\" class=\"aligncenter size-full wp-image-348\" alt=\"Rodolphe\" src=\"https:\/\/countryclubaixois.com\/tennis-club\/wp-content\/uploads\/2014\/02\/Rodolphe1.jpg\" width=\"594\" height=\"840\" srcset=\"https:\/\/countryclubaixois.com\/tennis-club\/wp-content\/uploads\/2014\/02\/Rodolphe1.jpg 594w, https:\/\/countryclubaixois.com\/tennis-club\/wp-content\/uploads\/2014\/02\/Rodolphe1-212x300.jpg 212w\" sizes=\"(max-width: 594px) 100vw, 594px\" \/><\/a> <a href=\"https:\/\/countryclubaixois.com\/tennis-club\/wp-content\/uploads\/2014\/02\/Rodolphe2.jpg\"><img loading=\"lazy\" decoding=\"async\" class=\"aligncenter size-full wp-image-349\" alt=\"Rodolphe2\" src=\"https:\/\/countryclubaixois.com\/tennis-club\/wp-content\/uploads\/2014\/02\/Rodolphe2.jpg\" width=\"594\" height=\"840\" srcset=\"https:\/\/countryclubaixois.com\/tennis-club\/wp-content\/uploads\/2014\/02\/Rodolphe2.jpg 594w, https:\/\/countryclubaixois.com\/tennis-club\/wp-content\/uploads\/2014\/02\/Rodolphe2-212x300.jpg 212w\" sizes=\"(max-width: 594px) 100vw, 594px\" \/><\/a> <a href=\"https:\/\/countryclubaixois.com\/tennis-club\/wp-content\/uploads\/2014\/02\/Stephane-GIOP.jpg\"><img loading=\"lazy\" decoding=\"async\" class=\"aligncenter size-full wp-image-350\" alt=\"Image\" src=\"https:\/\/countryclubaixois.com\/tennis-club\/wp-content\/uploads\/2014\/02\/Stephane-GIOP.jpg\" width=\"594\" height=\"840\" srcset=\"https:\/\/countryclubaixois.com\/tennis-club\/wp-content\/uploads\/2014\/02\/Stephane-GIOP.jpg 594w, https:\/\/countryclubaixois.com\/tennis-club\/wp-content\/uploads\/2014\/02\/Stephane-GIOP-212x300.jpg 212w\" sizes=\"(max-width: 594px) 100vw, 594px\" \/><\/a> <a href=\"https:\/\/countryclubaixois.com\/tennis-club\/wp-content\/uploads\/2014\/02\/St\u00e9phane-GIOP2.jpg\"><img loading=\"lazy\" decoding=\"async\" class=\"aligncenter size-full wp-image-351\" alt=\"Image\" src=\"https:\/\/countryclubaixois.com\/tennis-club\/wp-content\/uploads\/2014\/02\/St\u00e9phane-GIOP2.jpg\" width=\"594\" height=\"840\" srcset=\"https:\/\/countryclubaixois.com\/tennis-club\/wp-content\/uploads\/2014\/02\/St\u00e9phane-GIOP2.jpg 594w, https:\/\/countryclubaixois.com\/tennis-club\/wp-content\/uploads\/2014\/02\/St\u00e9phane-GIOP2-212x300.jpg 212w\" sizes=\"(max-width: 594px) 100vw, 594px\" \/><\/a> <a href=\"https:\/\/countryclubaixois.com\/tennis-club\/wp-content\/uploads\/2014\/02\/20130510141719.jpg\"><img loading=\"lazy\" decoding=\"async\" class=\"aligncenter size-full wp-image-352\" alt=\"Image\" src=\"https:\/\/countryclubaixois.com\/tennis-club\/wp-content\/uploads\/2014\/02\/20130510141719.jpg\" width=\"601\" height=\"592\" srcset=\"https:\/\/countryclubaixois.com\/tennis-club\/wp-content\/uploads\/2014\/02\/20130510141719.jpg 601w, https:\/\/countryclubaixois.com\/tennis-club\/wp-content\/uploads\/2014\/02\/20130510141719-300x295.jpg 300w\" sizes=\"(max-width: 601px) 100vw, 601px\" \/><\/a> <a href=\"https:\/\/countryclubaixois.com\/tennis-club\/wp-content\/uploads\/2014\/02\/20130510141917.jpg\"><img loading=\"lazy\" decoding=\"async\" class=\"aligncenter size-full wp-image-353\" alt=\"Image\" src=\"https:\/\/countryclubaixois.com\/tennis-club\/wp-content\/uploads\/2014\/02\/20130510141917.jpg\" width=\"594\" height=\"840\" srcset=\"https:\/\/countryclubaixois.com\/tennis-club\/wp-content\/uploads\/2014\/02\/20130510141917.jpg 594w, https:\/\/countryclubaixois.com\/tennis-club\/wp-content\/uploads\/2014\/02\/20130510141917-212x300.jpg 212w\" sizes=\"(max-width: 594px) 100vw, 594px\" \/><\/a> <a href=\"https:\/\/countryclubaixois.com\/tennis-club\/wp-content\/uploads\/2014\/02\/Alain-1.jpg\"><img loading=\"lazy\" decoding=\"async\" class=\"aligncenter size-full wp-image-354\" alt=\"Alain-1\" src=\"https:\/\/countryclubaixois.com\/tennis-club\/wp-content\/uploads\/2014\/02\/Alain-1.jpg\" width=\"594\" height=\"840\" srcset=\"https:\/\/countryclubaixois.com\/tennis-club\/wp-content\/uploads\/2014\/02\/Alain-1.jpg 594w, https:\/\/countryclubaixois.com\/tennis-club\/wp-content\/uploads\/2014\/02\/Alain-1-212x300.jpg 212w\" sizes=\"(max-width: 594px) 100vw, 594px\" \/><\/a> <a href=\"https:\/\/countryclubaixois.com\/tennis-club\/wp-content\/uploads\/2014\/02\/Alain-2.jpg\"><img loading=\"lazy\" decoding=\"async\" class=\"aligncenter size-full wp-image-355\" alt=\"Alain-2\" src=\"https:\/\/countryclubaixois.com\/tennis-club\/wp-content\/uploads\/2014\/02\/Alain-2.jpg\" width=\"594\" height=\"840\" srcset=\"https:\/\/countryclubaixois.com\/tennis-club\/wp-content\/uploads\/2014\/02\/Alain-2.jpg 594w, https:\/\/countryclubaixois.com\/tennis-club\/wp-content\/uploads\/2014\/02\/Alain-2-212x300.jpg 212w\" sizes=\"(max-width: 594px) 100vw, 594px\" \/><\/a> <a href=\"https:\/\/countryclubaixois.com\/tennis-club\/wp-content\/uploads\/2014\/02\/Guillaume-1.jpg\"><img loading=\"lazy\" decoding=\"async\" class=\"aligncenter size-full wp-image-356\" alt=\"Guillaume-1\" src=\"https:\/\/countryclubaixois.com\/tennis-club\/wp-content\/uploads\/2014\/02\/Guillaume-1.jpg\" width=\"594\" height=\"840\" srcset=\"https:\/\/countryclubaixois.com\/tennis-club\/wp-content\/uploads\/2014\/02\/Guillaume-1.jpg 594w, https:\/\/countryclubaixois.com\/tennis-club\/wp-content\/uploads\/2014\/02\/Guillaume-1-212x300.jpg 212w\" sizes=\"(max-width: 594px) 100vw, 594px\" \/><\/a> <a href=\"https:\/\/countryclubaixois.com\/tennis-club\/wp-content\/uploads\/2014\/02\/Guillaume-2.jpg\"><img loading=\"lazy\" decoding=\"async\" class=\"aligncenter size-full wp-image-357\" alt=\"Image\" src=\"https:\/\/countryclubaixois.com\/tennis-club\/wp-content\/uploads\/2014\/02\/Guillaume-2.jpg\" width=\"594\" height=\"840\" srcset=\"https:\/\/countryclubaixois.com\/tennis-club\/wp-content\/uploads\/2014\/02\/Guillaume-2.jpg 594w, https:\/\/countryclubaixois.com\/tennis-club\/wp-content\/uploads\/2014\/02\/Guillaume-2-212x300.jpg 212w\" sizes=\"(max-width: 594px) 100vw, 594px\" \/><\/a> <a href=\"https:\/\/countryclubaixois.com\/tennis-club\/wp-content\/uploads\/2014\/02\/Hors-serie-Cyril-1.jpg\"><img loading=\"lazy\" decoding=\"async\" class=\"aligncenter size-full wp-image-358\" alt=\"Image\" src=\"https:\/\/countryclubaixois.com\/tennis-club\/wp-content\/uploads\/2014\/02\/Hors-serie-Cyril-1.jpg\" width=\"594\" height=\"840\" srcset=\"https:\/\/countryclubaixois.com\/tennis-club\/wp-content\/uploads\/2014\/02\/Hors-serie-Cyril-1.jpg 594w, https:\/\/countryclubaixois.com\/tennis-club\/wp-content\/uploads\/2014\/02\/Hors-serie-Cyril-1-212x300.jpg 212w\" sizes=\"(max-width: 594px) 100vw, 594px\" \/><\/a><\/p>\n<p>&nbsp;<\/p>\n","protected":false},"excerpt":{"rendered":"<p>Le P\u2019tit Country est une revue imagin\u00e9e et r\u00e9alis\u00e9e par deux enfants de l\u2019\u00e9cole de comp\u00e9tition, Corentin BILLA n\u00e9 en 2000 class\u00e9 30 et Martin DEJANTE n\u00e9 en 2000 et class\u00e9 15\/5.<\/p>\n<p>Leur journal, qui a vu le jour au milieu de l\u2019ann\u00e9e 2012, nous apporte un regard diff\u00e9rent de notre club et du  [&#8230;]<\/p>\n","protected":false},"author":1,"featured_media":0,"parent":0,"menu_order":0,"comment_status":"open","ping_status":"open","template":"","meta":{"_acf_changed":false,"footnotes":""},"categories":[],"tags":[],"class_list":["post-360","page","type-page","status-publish","hentry","count-0","even alt","author-admin_avaelys","last"],"acf":[],"yoast_head":"<!-- This site is optimized with the Yoast SEO plugin v17.2 - https:\/\/yoast.com\/wordpress\/plugins\/seo\/ -->\n<title>Nos Enseignants par le P\u2019tit Country  - Country Club Aixois<\/title>\n<meta name=\"robots\" content=\"index, follow, max-snippet:-1, max-image-preview:large, max-video-preview:-1\" \/>\n<link rel=\"canonical\" href=\"https:\/\/countryclubaixois.com\/tennis-club\/nos-enseignants-par-le-ptit-country\/\" \/>\n<meta property=\"og:locale\" content=\"fr_FR\" \/>\n<meta property=\"og:type\" content=\"article\" \/>\n<meta property=\"og:title\" content=\"Nos Enseignants par le P\u2019tit Country  - Country Club Aixois\" \/>\n<meta property=\"og:description\" content=\"Le P\u2019tit Country est une revue imagin\u00e9e et r\u00e9alis\u00e9e par deux enfants de l\u2019\u00e9cole de comp\u00e9tition, Corentin BILLA n\u00e9 en 2000 class\u00e9 30 et Martin DEJANTE n\u00e9 en 2000 et class\u00e9 15\/5.  Leur journal, qui a vu le jour au milieu de l\u2019ann\u00e9e 2012, nous apporte un regard diff\u00e9rent de notre club et du [...]\" \/>\n<meta property=\"og:url\" content=\"https:\/\/countryclubaixois.com\/tennis-club\/nos-enseignants-par-le-ptit-country\/\" \/>\n<meta property=\"og:site_name\" content=\"Country Club Aixois\" \/>\n<meta property=\"article:publisher\" content=\"https:\/\/www.facebook.com\/p\/Country-Club-Aixois-100063807272380\/?locale=fr_FR\" \/>\n<meta property=\"og:image\" content=\"http:\/\/countryclubaixois.com\/tennis-club\/wp-content\/uploads\/2014\/02\/Hors-serie-cyril-2.jpg\" \/>\n<meta name=\"twitter:card\" content=\"summary_large_image\" \/>\n<script type=\"application\/ld+json\" class=\"yoast-schema-graph\">{\"@context\":\"https:\/\/schema.org\",\"@graph\":[{\"@type\":\"Organization\",\"@id\":\"https:\/\/countryclubaixois.com\/tennis-club\/#organization\",\"name\":\"Country Club Aixois\",\"url\":\"https:\/\/countryclubaixois.com\/tennis-club\/\",\"sameAs\":[\"https:\/\/www.facebook.com\/p\/Country-Club-Aixois-100063807272380\/?locale=fr_FR\"],\"logo\":{\"@type\":\"ImageObject\",\"@id\":\"https:\/\/countryclubaixois.com\/tennis-club\/#logo\",\"inLanguage\":\"fr-FR\",\"url\":\"https:\/\/countryclubaixois.com\/tennis-club\/wp-content\/uploads\/2025\/02\/logo_new.png\",\"contentUrl\":\"https:\/\/countryclubaixois.com\/tennis-club\/wp-content\/uploads\/2025\/02\/logo_new.png\",\"width\":150,\"height\":184,\"caption\":\"Country Club Aixois\"},\"image\":{\"@id\":\"https:\/\/countryclubaixois.com\/tennis-club\/#logo\"}},{\"@type\":\"WebSite\",\"@id\":\"https:\/\/countryclubaixois.com\/tennis-club\/#website\",\"url\":\"https:\/\/countryclubaixois.com\/tennis-club\/\",\"name\":\"Country Club Aixois\",\"description\":\"Club de Tennis \\u00e0 Aix en Provence qui compte plus de 850 licenci\\u00e9s, le club de r\\u00e9f\\u00e9rence du tennis en France.\",\"publisher\":{\"@id\":\"https:\/\/countryclubaixois.com\/tennis-club\/#organization\"},\"potentialAction\":[{\"@type\":\"SearchAction\",\"target\":{\"@type\":\"EntryPoint\",\"urlTemplate\":\"https:\/\/countryclubaixois.com\/tennis-club\/?s={search_term_string}\"},\"query-input\":\"required name=search_term_string\"}],\"inLanguage\":\"fr-FR\"},{\"@type\":\"ImageObject\",\"@id\":\"https:\/\/countryclubaixois.com\/tennis-club\/nos-enseignants-par-le-ptit-country\/#primaryimage\",\"inLanguage\":\"fr-FR\",\"url\":\"http:\/\/countryclubaixois.com\/tennis-club\/wp-content\/uploads\/2014\/02\/Hors-serie-cyril-2.jpg\",\"contentUrl\":\"http:\/\/countryclubaixois.com\/tennis-club\/wp-content\/uploads\/2014\/02\/Hors-serie-cyril-2.jpg\"},{\"@type\":\"WebPage\",\"@id\":\"https:\/\/countryclubaixois.com\/tennis-club\/nos-enseignants-par-le-ptit-country\/#webpage\",\"url\":\"https:\/\/countryclubaixois.com\/tennis-club\/nos-enseignants-par-le-ptit-country\/\",\"name\":\"Nos Enseignants par le P\\u2019tit Country - Country Club Aixois\",\"isPartOf\":{\"@id\":\"https:\/\/countryclubaixois.com\/tennis-club\/#website\"},\"primaryImageOfPage\":{\"@id\":\"https:\/\/countryclubaixois.com\/tennis-club\/nos-enseignants-par-le-ptit-country\/#primaryimage\"},\"datePublished\":\"2014-02-06T15:33:00+00:00\",\"dateModified\":\"2014-02-06T15:33:00+00:00\",\"breadcrumb\":{\"@id\":\"https:\/\/countryclubaixois.com\/tennis-club\/nos-enseignants-par-le-ptit-country\/#breadcrumb\"},\"inLanguage\":\"fr-FR\",\"potentialAction\":[{\"@type\":\"ReadAction\",\"target\":[\"https:\/\/countryclubaixois.com\/tennis-club\/nos-enseignants-par-le-ptit-country\/\"]}]},{\"@type\":\"BreadcrumbList\",\"@id\":\"https:\/\/countryclubaixois.com\/tennis-club\/nos-enseignants-par-le-ptit-country\/#breadcrumb\",\"itemListElement\":[{\"@type\":\"ListItem\",\"position\":1,\"name\":\"Home\",\"item\":\"https:\/\/countryclubaixois.com\/tennis-club\/\"},{\"@type\":\"ListItem\",\"position\":2,\"name\":\"Nos Enseignants par le P\\u2019tit Country\"}]}]}<\/script>\n<!-- \/ Yoast SEO plugin. -->","yoast_head_json":{"title":"Nos Enseignants par le P\u2019tit Country  - Country Club Aixois","robots":{"index":"index","follow":"follow","max-snippet":"max-snippet:-1","max-image-preview":"max-image-preview:large","max-video-preview":"max-video-preview:-1"},"canonical":"https:\/\/countryclubaixois.com\/tennis-club\/nos-enseignants-par-le-ptit-country\/","og_locale":"fr_FR","og_type":"article","og_title":"Nos Enseignants par le P\u2019tit Country  - Country Club Aixois","og_description":"Le P\u2019tit Country est une revue imagin\u00e9e et r\u00e9alis\u00e9e par deux enfants de l\u2019\u00e9cole de comp\u00e9tition, Corentin BILLA n\u00e9 en 2000 class\u00e9 30 et Martin DEJANTE n\u00e9 en 2000 et class\u00e9 15\/5.  Leur journal, qui a vu le jour au milieu de l\u2019ann\u00e9e 2012, nous apporte un regard diff\u00e9rent de notre club et du [...]","og_url":"https:\/\/countryclubaixois.com\/tennis-club\/nos-enseignants-par-le-ptit-country\/","og_site_name":"Country Club Aixois","article_publisher":"https:\/\/www.facebook.com\/p\/Country-Club-Aixois-100063807272380\/?locale=fr_FR","og_image":[{"url":"http:\/\/countryclubaixois.com\/tennis-club\/wp-content\/uploads\/2014\/02\/Hors-serie-cyril-2.jpg"}],"twitter_card":"summary_large_image","schema":{"@context":"https:\/\/schema.org","@graph":[{"@type":"Organization","@id":"https:\/\/countryclubaixois.com\/tennis-club\/#organization","name":"Country Club Aixois","url":"https:\/\/countryclubaixois.com\/tennis-club\/","sameAs":["https:\/\/www.facebook.com\/p\/Country-Club-Aixois-100063807272380\/?locale=fr_FR"],"logo":{"@type":"ImageObject","@id":"https:\/\/countryclubaixois.com\/tennis-club\/#logo","inLanguage":"fr-FR","url":"https:\/\/countryclubaixois.com\/tennis-club\/wp-content\/uploads\/2025\/02\/logo_new.png","contentUrl":"https:\/\/countryclubaixois.com\/tennis-club\/wp-content\/uploads\/2025\/02\/logo_new.png","width":150,"height":184,"caption":"Country Club Aixois"},"image":{"@id":"https:\/\/countryclubaixois.com\/tennis-club\/#logo"}},{"@type":"WebSite","@id":"https:\/\/countryclubaixois.com\/tennis-club\/#website","url":"https:\/\/countryclubaixois.com\/tennis-club\/","name":"Country Club Aixois","description":"Club de Tennis \u00e0 Aix en Provence qui compte plus de 850 licenci\u00e9s, le club de r\u00e9f\u00e9rence du tennis en France.","publisher":{"@id":"https:\/\/countryclubaixois.com\/tennis-club\/#organization"},"potentialAction":[{"@type":"SearchAction","target":{"@type":"EntryPoint","urlTemplate":"https:\/\/countryclubaixois.com\/tennis-club\/?s={search_term_string}"},"query-input":"required name=search_term_string"}],"inLanguage":"fr-FR"},{"@type":"ImageObject","@id":"https:\/\/countryclubaixois.com\/tennis-club\/nos-enseignants-par-le-ptit-country\/#primaryimage","inLanguage":"fr-FR","url":"http:\/\/countryclubaixois.com\/tennis-club\/wp-content\/uploads\/2014\/02\/Hors-serie-cyril-2.jpg","contentUrl":"http:\/\/countryclubaixois.com\/tennis-club\/wp-content\/uploads\/2014\/02\/Hors-serie-cyril-2.jpg"},{"@type":"WebPage","@id":"https:\/\/countryclubaixois.com\/tennis-club\/nos-enseignants-par-le-ptit-country\/#webpage","url":"https:\/\/countryclubaixois.com\/tennis-club\/nos-enseignants-par-le-ptit-country\/","name":"Nos Enseignants par le P\u2019tit Country - Country Club Aixois","isPartOf":{"@id":"https:\/\/countryclubaixois.com\/tennis-club\/#website"},"primaryImageOfPage":{"@id":"https:\/\/countryclubaixois.com\/tennis-club\/nos-enseignants-par-le-ptit-country\/#primaryimage"},"datePublished":"2014-02-06T15:33:00+00:00","dateModified":"2014-02-06T15:33:00+00:00","breadcrumb":{"@id":"https:\/\/countryclubaixois.com\/tennis-club\/nos-enseignants-par-le-ptit-country\/#breadcrumb"},"inLanguage":"fr-FR","potentialAction":[{"@type":"ReadAction","target":["https:\/\/countryclubaixois.com\/tennis-club\/nos-enseignants-par-le-ptit-country\/"]}]},{"@type":"BreadcrumbList","@id":"https:\/\/countryclubaixois.com\/tennis-club\/nos-enseignants-par-le-ptit-country\/#breadcrumb","itemListElement":[{"@type":"ListItem","position":1,"name":"Home","item":"https:\/\/countryclubaixois.com\/tennis-club\/"},{"@type":"ListItem","position":2,"name":"Nos Enseignants par le P\u2019tit Country"}]}]}},"_links":{"self":[{"href":"https:\/\/countryclubaixois.com\/tennis-club\/wp-json\/wp\/v2\/pages\/360","targetHints":{"allow":["GET"]}}],"collection":[{"href":"https:\/\/countryclubaixois.com\/tennis-club\/wp-json\/wp\/v2\/pages"}],"about":[{"href":"https:\/\/countryclubaixois.com\/tennis-club\/wp-json\/wp\/v2\/types\/page"}],"author":[{"embeddable":true,"href":"https:\/\/countryclubaixois.com\/tennis-club\/wp-json\/wp\/v2\/users\/1"}],"replies":[{"embeddable":true,"href":"https:\/\/countryclubaixois.com\/tennis-club\/wp-json\/wp\/v2\/comments?post=360"}],"version-history":[{"count":0,"href":"https:\/\/countryclubaixois.com\/tennis-club\/wp-json\/wp\/v2\/pages\/360\/revisions"}],"wp:attachment":[{"href":"https:\/\/countryclubaixois.com\/tennis-club\/wp-json\/wp\/v2\/media?parent=360"}],"wp:term":[{"taxonomy":"category","embeddable":true,"href":"https:\/\/countryclubaixois.com\/tennis-club\/wp-json\/wp\/v2\/categories?post=360"},{"taxonomy":"post_tag","embeddable":true,"href":"https:\/\/countryclubaixois.com\/tennis-club\/wp-json\/wp\/v2\/tags?post=360"}],"curies":[{"name":"wp","href":"https:\/\/api.w.org\/{rel}","templated":true}]}}