{"id":7,"date":"2014-02-04T10:01:19","date_gmt":"2014-02-04T09:01:19","guid":{"rendered":"http:\/\/countryclubaixois.com\/tennis-club\/?page_id=7"},"modified":"2025-09-24T11:23:35","modified_gmt":"2025-09-24T10:23:35","slug":"le-club","status":"publish","type":"page","link":"https:\/\/countryclubaixois.com\/tennis-club\/le-club\/","title":{"rendered":"Le Club"},"content":{"rendered":"\t\t<div data-elementor-type=\"wp-page\" data-elementor-id=\"7\" class=\"elementor elementor-7\">\n\t\t\t\t\t\t<section class=\"elementor-section elementor-top-section elementor-element elementor-element-b071d02 elementor-section-boxed elementor-section-height-default elementor-section-height-default\" data-id=\"b071d02\" data-element_type=\"section\">\n\t\t\t\t\t\t<div class=\"elementor-container elementor-column-gap-default\">\n\t\t\t\t\t<div class=\"elementor-column elementor-col-100 elementor-top-column elementor-element elementor-element-62d3982\" data-id=\"62d3982\" data-element_type=\"column\">\n\t\t\t<div class=\"elementor-widget-wrap elementor-element-populated\">\n\t\t\t\t\t\t<div class=\"elementor-element elementor-element-c62616a elementor-widget elementor-widget-heading\" data-id=\"c62616a\" data-element_type=\"widget\" data-widget_type=\"heading.default\">\n\t\t\t\t<div class=\"elementor-widget-container\">\n\t\t\t\t\t<h2 class=\"elementor-heading-title elementor-size-default\">Le Country Club d'Aix-en-Provence<\/h2>\t\t\t\t<\/div>\n\t\t\t\t<\/div>\n\t\t\t\t<div class=\"elementor-element elementor-element-8236f81 elementor-widget-divider--view-line elementor-widget elementor-widget-divider\" data-id=\"8236f81\" data-element_type=\"widget\" data-widget_type=\"divider.default\">\n\t\t\t\t<div class=\"elementor-widget-container\">\n\t\t\t\t\t\t\t<div class=\"elementor-divider\">\n\t\t\t<span class=\"elementor-divider-separator\">\n\t\t\t\t\t\t<\/span>\n\t\t<\/div>\n\t\t\t\t\t\t<\/div>\n\t\t\t\t<\/div>\n\t\t\t\t<div class=\"elementor-element elementor-element-17fd830 elementor-widget elementor-widget-heading\" data-id=\"17fd830\" data-element_type=\"widget\" data-widget_type=\"heading.default\">\n\t\t\t\t<div class=\"elementor-widget-container\">\n\t\t\t\t\t<h2 class=\"elementor-heading-title elementor-size-default\">Un havre de paix et de sport au c\u0153ur de la Provence<\/h2>\t\t\t\t<\/div>\n\t\t\t\t<\/div>\n\t\t\t\t\t<\/div>\n\t\t<\/div>\n\t\t\t\t\t<\/div>\n\t\t<\/section>\n\t\t\t\t<section class=\"elementor-section elementor-top-section elementor-element elementor-element-0668fa2 elementor-section-boxed elementor-section-height-default elementor-section-height-default\" data-id=\"0668fa2\" data-element_type=\"section\">\n\t\t\t\t\t\t<div class=\"elementor-container elementor-column-gap-default\">\n\t\t\t\t\t<div class=\"elementor-column elementor-col-100 elementor-top-column elementor-element elementor-element-e71b3b0\" data-id=\"e71b3b0\" data-element_type=\"column\">\n\t\t\t<div class=\"elementor-widget-wrap elementor-element-populated\">\n\t\t\t\t\t\t<div class=\"elementor-element elementor-element-3d024f1 elementor-widget elementor-widget-text-editor\" data-id=\"3d024f1\" data-element_type=\"widget\" data-widget_type=\"text-editor.default\">\n\t\t\t\t<div class=\"elementor-widget-container\">\n\t\t\t\t\t\t\t\t\t<p>Nich\u00e9 au c\u0153ur de la magnifique ville d&rsquo;Aix-en-Provence, le Country Club d&rsquo;Aix-en-Provence est bien plus qu&rsquo;un simple club sportif. C&rsquo;est un v\u00e9ritable lieu de vie, un havre de paix o\u00f9 se rencontrent passionn\u00e9s de sport, familles et amis, dans un cadre exceptionnel.<\/p><p><span style=\"color: #9b3100;\"><strong>Un lieu charg\u00e9 d&rsquo;histoire<\/strong><\/span><\/p><p>Fond\u00e9 en 1962, le Country Club d&rsquo;Aix-en-Provence a rapidement acquis une notori\u00e9t\u00e9 qui d\u00e9passe les fronti\u00e8res de la r\u00e9gion. Son court central, unique en Provence, a accueilli les plus grands noms du tennis mondial, tels que Yannick Noah, Bj\u00f6rn Borg ou encore Ivan Lendl.<\/p>\t\t\t\t\t\t\t\t<\/div>\n\t\t\t\t<\/div>\n\t\t\t\t\t<\/div>\n\t\t<\/div>\n\t\t\t\t\t<\/div>\n\t\t<\/section>\n\t\t\t\t<section class=\"elementor-section elementor-top-section elementor-element elementor-element-d695feb elementor-section-full_width elementor-section-height-min-height elementor-section-height-default elementor-section-items-middle\" data-id=\"d695feb\" data-element_type=\"section\" data-settings=\"{&quot;background_background&quot;:&quot;slideshow&quot;,&quot;background_slideshow_gallery&quot;:[{&quot;id&quot;:5619,&quot;url&quot;:&quot;https:\\\/\\\/countryclubaixois.com\\\/tennis-club\\\/wp-content\\\/uploads\\\/2025\\\/02\\\/IMG_8168.jpg&quot;}],&quot;background_slideshow_ken_burns&quot;:&quot;yes&quot;,&quot;background_slideshow_ken_burns_zoom_direction&quot;:&quot;out&quot;,&quot;background_slideshow_loop&quot;:&quot;yes&quot;,&quot;background_slideshow_slide_duration&quot;:5000,&quot;background_slideshow_slide_transition&quot;:&quot;fade&quot;,&quot;background_slideshow_transition_duration&quot;:500}\">\n\t\t\t\t\t\t\t<div class=\"elementor-background-overlay\"><\/div>\n\t\t\t\t\t\t\t<div class=\"elementor-container elementor-column-gap-default\">\n\t\t\t\t\t<div class=\"elementor-column elementor-col-100 elementor-top-column elementor-element elementor-element-c83eec4\" data-id=\"c83eec4\" data-element_type=\"column\" data-settings=\"{&quot;background_background&quot;:&quot;slideshow&quot;,&quot;background_slideshow_gallery&quot;:[],&quot;background_slideshow_loop&quot;:&quot;yes&quot;,&quot;background_slideshow_slide_duration&quot;:5000,&quot;background_slideshow_slide_transition&quot;:&quot;fade&quot;,&quot;background_slideshow_transition_duration&quot;:500}\">\n\t\t\t<div class=\"elementor-widget-wrap elementor-element-populated\">\n\t\t\t\t\t\t<section class=\"elementor-section elementor-inner-section elementor-element elementor-element-7c950ae elementor-section-boxed elementor-section-height-default elementor-section-height-default\" data-id=\"7c950ae\" data-element_type=\"section\">\n\t\t\t\t\t\t<div class=\"elementor-container elementor-column-gap-default\">\n\t\t\t\t\t<div class=\"elementor-column elementor-col-50 elementor-inner-column elementor-element elementor-element-47e689b\" data-id=\"47e689b\" data-element_type=\"column\">\n\t\t\t<div class=\"elementor-widget-wrap elementor-element-populated\">\n\t\t\t\t\t\t<div class=\"elementor-element elementor-element-5e42435 elementor-widget elementor-widget-text-editor\" data-id=\"5e42435\" data-element_type=\"widget\" data-widget_type=\"text-editor.default\">\n\t\t\t\t<div class=\"elementor-widget-container\">\n\t\t\t\t\t\t\t\t\t<p><span style=\"color: #9b3100;\"><strong>Des installations sportives de premier plan<\/strong><\/span><\/p><p>Le Country Club d&rsquo;Aix-en-Provence offre une large gamme d&rsquo;activit\u00e9s sportives pour tous les \u00e2ges et tous les niveaux. Les passionn\u00e9s de tennis seront combl\u00e9s par les 18 courts de tennis, dont 10 en terre battue, ainsi qu&rsquo;un court central de prestige. Les amateurs de padel pourront quant \u00e0 eux profiter de 4 courts de padel, dont 2 couverts.<\/p><p>Le club propose \u00e9galement des cours de natation pour les enfants et les adultes, ainsi qu&rsquo;une salle de fitness avec des \u00e9quipements modernes pour se maintenir en forme.<\/p><p><span style=\"color: #9b3100;\"><strong>Bien plus qu&rsquo;un club sportif<\/strong><\/span><\/p><p>Le Country Club d&rsquo;Aix-en-Provence est avant tout un lieu de convivialit\u00e9 et de partage. Les membres du club peuvent se retrouver au restaurant pour d\u00e9guster une cuisine savoureuse, ou au bar pour prendre un verre entre amis. Le club organise \u00e9galement de nombreux \u00e9v\u00e9nements tout au long de l&rsquo;ann\u00e9e, tels que des tournois sportifs, des soir\u00e9es \u00e0 th\u00e8me ou encore des concerts.<\/p>\t\t\t\t\t\t\t\t<\/div>\n\t\t\t\t<\/div>\n\t\t\t\t\t<\/div>\n\t\t<\/div>\n\t\t\t\t<div class=\"elementor-column elementor-col-50 elementor-inner-column elementor-element elementor-element-e518168 elementor-hidden-tablet elementor-hidden-mobile\" data-id=\"e518168\" data-element_type=\"column\" data-settings=\"{&quot;background_background&quot;:&quot;slideshow&quot;,&quot;background_slideshow_gallery&quot;:[{&quot;id&quot;:5522,&quot;url&quot;:&quot;https:\\\/\\\/countryclubaixois.com\\\/tennis-club\\\/wp-content\\\/uploads\\\/2025\\\/02\\\/tennis.jpg&quot;}],&quot;background_slideshow_loop&quot;:&quot;yes&quot;,&quot;background_slideshow_slide_duration&quot;:5000,&quot;background_slideshow_slide_transition&quot;:&quot;fade&quot;,&quot;background_slideshow_transition_duration&quot;:500}\">\n\t\t\t<div class=\"elementor-widget-wrap\">\n\t\t\t\t\t\t\t<\/div>\n\t\t<\/div>\n\t\t\t\t\t<\/div>\n\t\t<\/section>\n\t\t\t\t\t<\/div>\n\t\t<\/div>\n\t\t\t\t\t<\/div>\n\t\t<\/section>\n\t\t\t\t<section class=\"elementor-section elementor-top-section elementor-element elementor-element-9638f9f elementor-section-boxed elementor-section-height-default elementor-section-height-default\" data-id=\"9638f9f\" data-element_type=\"section\">\n\t\t\t\t\t\t<div class=\"elementor-container elementor-column-gap-default\">\n\t\t\t\t\t<div class=\"elementor-column elementor-col-100 elementor-top-column elementor-element elementor-element-cd3317e\" data-id=\"cd3317e\" data-element_type=\"column\">\n\t\t\t<div class=\"elementor-widget-wrap elementor-element-populated\">\n\t\t\t\t\t\t<div class=\"elementor-element elementor-element-90f1d24 elementor-widget elementor-widget-heading\" data-id=\"90f1d24\" data-element_type=\"widget\" data-widget_type=\"heading.default\">\n\t\t\t\t<div class=\"elementor-widget-container\">\n\t\t\t\t\t<h2 class=\"elementor-heading-title elementor-size-default\">Un cadre exceptionnel<\/h2>\t\t\t\t<\/div>\n\t\t\t\t<\/div>\n\t\t\t\t<div class=\"elementor-element elementor-element-2ad8262 elementor-widget elementor-widget-text-editor\" data-id=\"2ad8262\" data-element_type=\"widget\" data-widget_type=\"text-editor.default\">\n\t\t\t\t<div class=\"elementor-widget-container\">\n\t\t\t\t\t\t\t\t\t<p data-sourcepos=\"23:1-23:25\">\u00a0<\/p><p data-sourcepos=\"25:1-25:290\">Le Country Club d&rsquo;Aix-en-Provence est situ\u00e9 dans un cadre verdoyant et paisible, \u00e0 quelques minutes du centre-ville d&rsquo;Aix-en-Provence. Les membres du club peuvent profiter d&rsquo;un environnement privil\u00e9gi\u00e9, loin du tumulte de la ville, tout en restant \u00e0 proximit\u00e9 des commerces et des services.<\/p><p data-sourcepos=\"25:1-25:290\">Que vous soyez un sportif passionn\u00e9, un parent \u00e0 la recherche d&rsquo;activit\u00e9s pour vos enfants, ou simplement une personne \u0436\u0435\u043b\u0430\u044e\u0449\u0430\u044f se d\u00e9tendre et profiter d&rsquo;un cadre agr\u00e9able, le Country Club d&rsquo;Aix-en-Provence est l&rsquo;endroit id\u00e9al.<\/p>\t\t\t\t\t\t\t\t<\/div>\n\t\t\t\t<\/div>\n\t\t\t\t\t<\/div>\n\t\t<\/div>\n\t\t\t\t\t<\/div>\n\t\t<\/section>\n\t\t\t\t<section class=\"elementor-section elementor-top-section elementor-element elementor-element-f3deb7d elementor-section-full_width elementor-section-height-default elementor-section-height-default\" data-id=\"f3deb7d\" data-element_type=\"section\">\n\t\t\t\t\t\t<div class=\"elementor-container elementor-column-gap-default\">\n\t\t\t\t\t<div class=\"elementor-column elementor-col-100 elementor-top-column elementor-element elementor-element-e0441d2\" data-id=\"e0441d2\" data-element_type=\"column\">\n\t\t\t<div class=\"elementor-widget-wrap elementor-element-populated\">\n\t\t\t\t\t\t<div class=\"elementor-element elementor-element-e429e71 elementor-arrows-position-inside elementor-widget elementor-widget-image-carousel\" data-id=\"e429e71\" data-element_type=\"widget\" data-settings=\"{&quot;slides_to_show&quot;:&quot;4&quot;,&quot;navigation&quot;:&quot;arrows&quot;,&quot;autoplay&quot;:&quot;yes&quot;,&quot;pause_on_hover&quot;:&quot;yes&quot;,&quot;pause_on_interaction&quot;:&quot;yes&quot;,&quot;autoplay_speed&quot;:5000,&quot;infinite&quot;:&quot;yes&quot;,&quot;speed&quot;:500}\" data-widget_type=\"image-carousel.default\">\n\t\t\t\t<div class=\"elementor-widget-container\">\n\t\t\t\t\t\t\t<div class=\"elementor-image-carousel-wrapper swiper\" role=\"region\" aria-roledescription=\"carousel\" aria-label=\"Carrousel d\u2019images\" dir=\"ltr\">\n\t\t\t<div class=\"elementor-image-carousel swiper-wrapper swiper-image-stretch\" aria-live=\"off\">\n\t\t\t\t\t\t\t\t<div class=\"swiper-slide\" role=\"group\" aria-roledescription=\"slide\" aria-label=\"1 of 8\"><figure class=\"swiper-slide-inner\"><img decoding=\"async\" class=\"swiper-slide-image\" src=\"https:\/\/countryclubaixois.com\/tennis-club\/wp-content\/uploads\/elementor\/thumbs\/IMG_8138-r1hz2wud4svgwmzq2qj4x9bez1vlob7j61gp3422dk.jpg\" alt=\"IMG_8138\" \/><\/figure><\/div><div class=\"swiper-slide\" role=\"group\" aria-roledescription=\"slide\" aria-label=\"2 of 8\"><figure class=\"swiper-slide-inner\"><img decoding=\"async\" class=\"swiper-slide-image\" src=\"https:\/\/countryclubaixois.com\/tennis-club\/wp-content\/uploads\/elementor\/thumbs\/JD8A2514-r1hz5g0pjqca6tbaabxy54b4lfe7ey9hukqsmyavm0.jpg\" alt=\"JD8A2514\" \/><\/figure><\/div><div class=\"swiper-slide\" role=\"group\" aria-roledescription=\"slide\" aria-label=\"3 of 8\"><figure class=\"swiper-slide-inner\"><img decoding=\"async\" class=\"swiper-slide-image\" src=\"https:\/\/countryclubaixois.com\/tennis-club\/wp-content\/uploads\/elementor\/thumbs\/IMG_8126-r1hz5gyjqkdkif9x4uckpm2l6t9kmnd86pea489hfs.jpg\" alt=\"IMG_8126\" \/><\/figure><\/div><div class=\"swiper-slide\" role=\"group\" aria-roledescription=\"slide\" aria-label=\"4 of 8\"><figure class=\"swiper-slide-inner\"><img decoding=\"async\" class=\"swiper-slide-image\" src=\"https:\/\/countryclubaixois.com\/tennis-club\/wp-content\/uploads\/elementor\/thumbs\/IMG_8138-1-r1hz5gyjqkdkif9x4uckpm2l6t9kmnd86pea489hfs.jpg\" alt=\"IMG_8138\" \/><\/figure><\/div><div class=\"swiper-slide\" role=\"group\" aria-roledescription=\"slide\" aria-label=\"5 of 8\"><figure class=\"swiper-slide-inner\"><img decoding=\"async\" class=\"swiper-slide-image\" src=\"https:\/\/countryclubaixois.com\/tennis-club\/wp-content\/uploads\/elementor\/thumbs\/IMG_8151-r1hz5hwdxeeuu18jzcr7a3u1s74xucgyiu1rli839k.jpg\" alt=\"IMG_8151\" \/><\/figure><\/div><div class=\"swiper-slide\" role=\"group\" aria-roledescription=\"slide\" aria-label=\"6 of 8\"><figure class=\"swiper-slide-inner\"><img decoding=\"async\" class=\"swiper-slide-image\" src=\"https:\/\/countryclubaixois.com\/tennis-club\/wp-content\/uploads\/elementor\/thumbs\/IMG_8168-1-r1hz5iu848g55n76tv5tullidl0b21kouyp92s6p3c.jpg\" alt=\"IMG_8168\" \/><\/figure><\/div><div class=\"swiper-slide\" role=\"group\" aria-roledescription=\"slide\" aria-label=\"7 of 8\"><figure class=\"swiper-slide-inner\"><img decoding=\"async\" class=\"swiper-slide-image\" src=\"https:\/\/countryclubaixois.com\/tennis-club\/wp-content\/uploads\/elementor\/thumbs\/JD8A2411-r1hz5iu848g55n76tv5tullidl0b21kouyp92s6p3c.jpg\" alt=\"JD8A2411\" \/><\/figure><\/div><div class=\"swiper-slide\" role=\"group\" aria-roledescription=\"slide\" aria-label=\"8 of 8\"><figure class=\"swiper-slide-inner\"><img decoding=\"async\" class=\"swiper-slide-image\" src=\"https:\/\/countryclubaixois.com\/tennis-club\/wp-content\/uploads\/elementor\/thumbs\/JD8A2444-r1hz5js2b2hfh95todkgf3cyyyvo9qof73cqk25ax4.jpg\" alt=\"JD8A2444\" \/><\/figure><\/div>\t\t\t<\/div>\n\t\t\t\t\t\t\t\t\t\t\t\t<div class=\"elementor-swiper-button elementor-swiper-button-prev\" role=\"button\" tabindex=\"0\">\n\t\t\t\t\t\t<i aria-hidden=\"true\" class=\"eicon-chevron-left\"><\/i>\t\t\t\t\t<\/div>\n\t\t\t\t\t<div class=\"elementor-swiper-button elementor-swiper-button-next\" role=\"button\" tabindex=\"0\">\n\t\t\t\t\t\t<i aria-hidden=\"true\" class=\"eicon-chevron-right\"><\/i>\t\t\t\t\t<\/div>\n\t\t\t\t\n\t\t\t\t\t\t\t\t\t<\/div>\n\t\t\t\t\t\t<\/div>\n\t\t\t\t<\/div>\n\t\t\t\t\t<\/div>\n\t\t<\/div>\n\t\t\t\t\t<\/div>\n\t\t<\/section>\n\t\t\t\t<\/div>\n\t\t","protected":false},"excerpt":{"rendered":"<p>Le Country Club d&rsquo;Aix-en-Provence<br \/>\nUn havre de paix et de sport au c\u0153ur de la Provence<br \/>\nNich\u00e9 au c\u0153ur de la magnifique ville d&rsquo;Aix-en-Provence, le Country Club d&rsquo;Aix-en-Provence est bien plus qu&rsquo;un simple club sportif. C&rsquo;est un v\u00e9ritable lieu de vie, un havre de paix o\u00f9 se rencontrent passionn\u00e9s de  [&#8230;]<\/p>\n","protected":false},"author":1,"featured_media":0,"parent":0,"menu_order":0,"comment_status":"open","ping_status":"open","template":"","meta":{"_acf_changed":false,"footnotes":""},"categories":[],"tags":[109,107,108],"class_list":["post-7","page","type-page","status-publish","hentry","tag-club-de-tennis-aix-en-provence","tag-country-club-aix-en-provence","tag-open-13","count-0","even alt","author-admin_avaelys","last"],"acf":[],"yoast_head":"<!-- This site is optimized with the Yoast SEO plugin v17.2 - https:\/\/yoast.com\/wordpress\/plugins\/seo\/ -->\n<title>Le Club - Country Club Aixois<\/title>\n<meta name=\"robots\" content=\"index, follow, max-snippet:-1, max-image-preview:large, max-video-preview:-1\" \/>\n<link rel=\"canonical\" href=\"https:\/\/countryclubaixois.com\/tennis-club\/le-club\/\" \/>\n<meta property=\"og:locale\" content=\"fr_FR\" \/>\n<meta property=\"og:type\" content=\"article\" \/>\n<meta property=\"og:title\" content=\"Le Club - Country Club Aixois\" \/>\n<meta property=\"og:description\" content=\"Le Country Club d&#039;Aix-en-Provence Un havre de paix et de sport au c\u0153ur de la Provence Nich\u00e9 au c\u0153ur de la magnifique ville d&#039;Aix-en-Provence, le Country Club d&#039;Aix-en-Provence est bien plus qu&#039;un simple club sportif. C&#039;est un v\u00e9ritable lieu de vie, un havre de paix o\u00f9 se rencontrent passionn\u00e9s de [...]\" \/>\n<meta property=\"og:url\" content=\"https:\/\/countryclubaixois.com\/tennis-club\/le-club\/\" \/>\n<meta property=\"og:site_name\" content=\"Country Club Aixois\" \/>\n<meta property=\"article:publisher\" content=\"https:\/\/www.facebook.com\/p\/Country-Club-Aixois-100063807272380\/?locale=fr_FR\" \/>\n<meta property=\"article:modified_time\" content=\"2025-09-24T10:23:35+00:00\" \/>\n<meta property=\"og:image\" content=\"https:\/\/countryclubaixois.com\/tennis-club\/wp-content\/uploads\/elementor\/thumbs\/IMG_8138-r1hz2wud4svgwmzq2qj4x9bez1vlob7j61gp3422dk.jpg\" \/>\n<meta name=\"twitter:card\" content=\"summary_large_image\" \/>\n<meta name=\"twitter:label1\" content=\"Est. reading time\" \/>\n\t<meta name=\"twitter:data1\" content=\"4 minutes\" \/>\n<script type=\"application\/ld+json\" class=\"yoast-schema-graph\">{\"@context\":\"https:\/\/schema.org\",\"@graph\":[{\"@type\":\"Organization\",\"@id\":\"https:\/\/countryclubaixois.com\/tennis-club\/#organization\",\"name\":\"Country Club Aixois\",\"url\":\"https:\/\/countryclubaixois.com\/tennis-club\/\",\"sameAs\":[\"https:\/\/www.facebook.com\/p\/Country-Club-Aixois-100063807272380\/?locale=fr_FR\"],\"logo\":{\"@type\":\"ImageObject\",\"@id\":\"https:\/\/countryclubaixois.com\/tennis-club\/#logo\",\"inLanguage\":\"fr-FR\",\"url\":\"https:\/\/countryclubaixois.com\/tennis-club\/wp-content\/uploads\/2025\/02\/logo_new.png\",\"contentUrl\":\"https:\/\/countryclubaixois.com\/tennis-club\/wp-content\/uploads\/2025\/02\/logo_new.png\",\"width\":150,\"height\":184,\"caption\":\"Country Club Aixois\"},\"image\":{\"@id\":\"https:\/\/countryclubaixois.com\/tennis-club\/#logo\"}},{\"@type\":\"WebSite\",\"@id\":\"https:\/\/countryclubaixois.com\/tennis-club\/#website\",\"url\":\"https:\/\/countryclubaixois.com\/tennis-club\/\",\"name\":\"Country Club Aixois\",\"description\":\"Club de Tennis \\u00e0 Aix en Provence qui compte plus de 850 licenci\\u00e9s, le club de r\\u00e9f\\u00e9rence du tennis en France.\",\"publisher\":{\"@id\":\"https:\/\/countryclubaixois.com\/tennis-club\/#organization\"},\"potentialAction\":[{\"@type\":\"SearchAction\",\"target\":{\"@type\":\"EntryPoint\",\"urlTemplate\":\"https:\/\/countryclubaixois.com\/tennis-club\/?s={search_term_string}\"},\"query-input\":\"required name=search_term_string\"}],\"inLanguage\":\"fr-FR\"},{\"@type\":\"ImageObject\",\"@id\":\"https:\/\/countryclubaixois.com\/tennis-club\/le-club\/#primaryimage\",\"inLanguage\":\"fr-FR\",\"url\":\"https:\/\/countryclubaixois.com\/tennis-club\/wp-content\/uploads\/elementor\/thumbs\/IMG_8138-r1hz2wud4svgwmzq2qj4x9bez1vlob7j61gp3422dk.jpg\",\"contentUrl\":\"https:\/\/countryclubaixois.com\/tennis-club\/wp-content\/uploads\/elementor\/thumbs\/IMG_8138-r1hz2wud4svgwmzq2qj4x9bez1vlob7j61gp3422dk.jpg\"},{\"@type\":\"WebPage\",\"@id\":\"https:\/\/countryclubaixois.com\/tennis-club\/le-club\/#webpage\",\"url\":\"https:\/\/countryclubaixois.com\/tennis-club\/le-club\/\",\"name\":\"Le Club - Country Club Aixois\",\"isPartOf\":{\"@id\":\"https:\/\/countryclubaixois.com\/tennis-club\/#website\"},\"primaryImageOfPage\":{\"@id\":\"https:\/\/countryclubaixois.com\/tennis-club\/le-club\/#primaryimage\"},\"datePublished\":\"2014-02-04T09:01:19+00:00\",\"dateModified\":\"2025-09-24T10:23:35+00:00\",\"breadcrumb\":{\"@id\":\"https:\/\/countryclubaixois.com\/tennis-club\/le-club\/#breadcrumb\"},\"inLanguage\":\"fr-FR\",\"potentialAction\":[{\"@type\":\"ReadAction\",\"target\":[\"https:\/\/countryclubaixois.com\/tennis-club\/le-club\/\"]}]},{\"@type\":\"BreadcrumbList\",\"@id\":\"https:\/\/countryclubaixois.com\/tennis-club\/le-club\/#breadcrumb\",\"itemListElement\":[{\"@type\":\"ListItem\",\"position\":1,\"name\":\"Home\",\"item\":\"https:\/\/countryclubaixois.com\/tennis-club\/\"},{\"@type\":\"ListItem\",\"position\":2,\"name\":\"Le Club\"}]}]}<\/script>\n<!-- \/ Yoast SEO plugin. -->","yoast_head_json":{"title":"Le Club - Country Club Aixois","robots":{"index":"index","follow":"follow","max-snippet":"max-snippet:-1","max-image-preview":"max-image-preview:large","max-video-preview":"max-video-preview:-1"},"canonical":"https:\/\/countryclubaixois.com\/tennis-club\/le-club\/","og_locale":"fr_FR","og_type":"article","og_title":"Le Club - Country Club Aixois","og_description":"Le Country Club d'Aix-en-Provence Un havre de paix et de sport au c\u0153ur de la Provence Nich\u00e9 au c\u0153ur de la magnifique ville d'Aix-en-Provence, le Country Club d'Aix-en-Provence est bien plus qu'un simple club sportif. C'est un v\u00e9ritable lieu de vie, un havre de paix o\u00f9 se rencontrent passionn\u00e9s de [...]","og_url":"https:\/\/countryclubaixois.com\/tennis-club\/le-club\/","og_site_name":"Country Club Aixois","article_publisher":"https:\/\/www.facebook.com\/p\/Country-Club-Aixois-100063807272380\/?locale=fr_FR","article_modified_time":"2025-09-24T10:23:35+00:00","og_image":[{"url":"https:\/\/countryclubaixois.com\/tennis-club\/wp-content\/uploads\/elementor\/thumbs\/IMG_8138-r1hz2wud4svgwmzq2qj4x9bez1vlob7j61gp3422dk.jpg"}],"twitter_card":"summary_large_image","twitter_misc":{"Est. reading time":"4 minutes"},"schema":{"@context":"https:\/\/schema.org","@graph":[{"@type":"Organization","@id":"https:\/\/countryclubaixois.com\/tennis-club\/#organization","name":"Country Club Aixois","url":"https:\/\/countryclubaixois.com\/tennis-club\/","sameAs":["https:\/\/www.facebook.com\/p\/Country-Club-Aixois-100063807272380\/?locale=fr_FR"],"logo":{"@type":"ImageObject","@id":"https:\/\/countryclubaixois.com\/tennis-club\/#logo","inLanguage":"fr-FR","url":"https:\/\/countryclubaixois.com\/tennis-club\/wp-content\/uploads\/2025\/02\/logo_new.png","contentUrl":"https:\/\/countryclubaixois.com\/tennis-club\/wp-content\/uploads\/2025\/02\/logo_new.png","width":150,"height":184,"caption":"Country Club Aixois"},"image":{"@id":"https:\/\/countryclubaixois.com\/tennis-club\/#logo"}},{"@type":"WebSite","@id":"https:\/\/countryclubaixois.com\/tennis-club\/#website","url":"https:\/\/countryclubaixois.com\/tennis-club\/","name":"Country Club Aixois","description":"Club de Tennis \u00e0 Aix en Provence qui compte plus de 850 licenci\u00e9s, le club de r\u00e9f\u00e9rence du tennis en France.","publisher":{"@id":"https:\/\/countryclubaixois.com\/tennis-club\/#organization"},"potentialAction":[{"@type":"SearchAction","target":{"@type":"EntryPoint","urlTemplate":"https:\/\/countryclubaixois.com\/tennis-club\/?s={search_term_string}"},"query-input":"required name=search_term_string"}],"inLanguage":"fr-FR"},{"@type":"ImageObject","@id":"https:\/\/countryclubaixois.com\/tennis-club\/le-club\/#primaryimage","inLanguage":"fr-FR","url":"https:\/\/countryclubaixois.com\/tennis-club\/wp-content\/uploads\/elementor\/thumbs\/IMG_8138-r1hz2wud4svgwmzq2qj4x9bez1vlob7j61gp3422dk.jpg","contentUrl":"https:\/\/countryclubaixois.com\/tennis-club\/wp-content\/uploads\/elementor\/thumbs\/IMG_8138-r1hz2wud4svgwmzq2qj4x9bez1vlob7j61gp3422dk.jpg"},{"@type":"WebPage","@id":"https:\/\/countryclubaixois.com\/tennis-club\/le-club\/#webpage","url":"https:\/\/countryclubaixois.com\/tennis-club\/le-club\/","name":"Le Club - Country Club Aixois","isPartOf":{"@id":"https:\/\/countryclubaixois.com\/tennis-club\/#website"},"primaryImageOfPage":{"@id":"https:\/\/countryclubaixois.com\/tennis-club\/le-club\/#primaryimage"},"datePublished":"2014-02-04T09:01:19+00:00","dateModified":"2025-09-24T10:23:35+00:00","breadcrumb":{"@id":"https:\/\/countryclubaixois.com\/tennis-club\/le-club\/#breadcrumb"},"inLanguage":"fr-FR","potentialAction":[{"@type":"ReadAction","target":["https:\/\/countryclubaixois.com\/tennis-club\/le-club\/"]}]},{"@type":"BreadcrumbList","@id":"https:\/\/countryclubaixois.com\/tennis-club\/le-club\/#breadcrumb","itemListElement":[{"@type":"ListItem","position":1,"name":"Home","item":"https:\/\/countryclubaixois.com\/tennis-club\/"},{"@type":"ListItem","position":2,"name":"Le Club"}]}]}},"_links":{"self":[{"href":"https:\/\/countryclubaixois.com\/tennis-club\/wp-json\/wp\/v2\/pages\/7","targetHints":{"allow":["GET"]}}],"collection":[{"href":"https:\/\/countryclubaixois.com\/tennis-club\/wp-json\/wp\/v2\/pages"}],"about":[{"href":"https:\/\/countryclubaixois.com\/tennis-club\/wp-json\/wp\/v2\/types\/page"}],"author":[{"embeddable":true,"href":"https:\/\/countryclubaixois.com\/tennis-club\/wp-json\/wp\/v2\/users\/1"}],"replies":[{"embeddable":true,"href":"https:\/\/countryclubaixois.com\/tennis-club\/wp-json\/wp\/v2\/comments?post=7"}],"version-history":[{"count":2,"href":"https:\/\/countryclubaixois.com\/tennis-club\/wp-json\/wp\/v2\/pages\/7\/revisions"}],"predecessor-version":[{"id":7005,"href":"https:\/\/countryclubaixois.com\/tennis-club\/wp-json\/wp\/v2\/pages\/7\/revisions\/7005"}],"wp:attachment":[{"href":"https:\/\/countryclubaixois.com\/tennis-club\/wp-json\/wp\/v2\/media?parent=7"}],"wp:term":[{"taxonomy":"category","embeddable":true,"href":"https:\/\/countryclubaixois.com\/tennis-club\/wp-json\/wp\/v2\/categories?post=7"},{"taxonomy":"post_tag","embeddable":true,"href":"https:\/\/countryclubaixois.com\/tennis-club\/wp-json\/wp\/v2\/tags?post=7"}],"curies":[{"name":"wp","href":"https:\/\/api.w.org\/{rel}","templated":true}]}}