{"id":848,"date":"2014-11-17T18:21:57","date_gmt":"2014-11-17T17:21:57","guid":{"rendered":"http:\/\/countryclubaixois.com\/tennis-club\/?page_id=848"},"modified":"2016-05-11T10:39:52","modified_gmt":"2016-05-11T09:39:52","slug":"tennis-treiz-info","status":"publish","type":"page","link":"https:\/\/countryclubaixois.com\/tennis-club\/tennis-treiz-info\/","title":{"rendered":"Tennis Treiz Info"},"content":{"rendered":"<p>&nbsp;<\/p>\n<p>Edition d&rsquo;Avril 2016 N\u00b0241 <a href=\"https:\/\/countryclubaixois.com\/tennis-club\/wp-content\/uploads\/2014\/11\/20160511111751.pdf\" target=\"_blank\"><img decoding=\"async\" src=\"https:\/\/countryclubaixois.com\/tennis-club\/wp-content\/uploads\/2014\/02\/pdf-logo91-150x150.jpg\" alt=\"pdf-logo91\" width=\"26\" height=\"26\" \/><\/a><\/p>\n<p>Edition de\u00a0Mars 2016 N\u00b0240\u00a0\u00a0<a href=\"https:\/\/countryclubaixois.com\/tennis-club\/wp-content\/uploads\/2014\/11\/20160511113855.pdf\" target=\"_blank\"><img decoding=\"async\" src=\"https:\/\/countryclubaixois.com\/tennis-club\/wp-content\/uploads\/2014\/02\/pdf-logo91-150x150.jpg\" alt=\"pdf-logo91\" width=\"26\" height=\"26\" \/><\/a><\/p>\n<p>Edition de\u00a0Janvier\/F\u00e9vrier\u00a02016 N\u00b0239\u00a0\u00a0<a href=\"https:\/\/countryclubaixois.com\/tennis-club\/wp-content\/uploads\/2014\/11\/20160511113729.pdf\" target=\"_blank\"><img decoding=\"async\" src=\"https:\/\/countryclubaixois.com\/tennis-club\/wp-content\/uploads\/2014\/02\/pdf-logo91-150x150.jpg\" alt=\"pdf-logo91\" width=\"26\" height=\"26\" \/><\/a><\/p>\n<p>Edition de Novembre\u00a02015 N\u00b0238\u00a0\u00a0<a href=\"https:\/\/countryclubaixois.com\/tennis-club\/wp-content\/uploads\/2014\/11\/20160511113605.pdf\" target=\"_blank\"><img decoding=\"async\" src=\"https:\/\/countryclubaixois.com\/tennis-club\/wp-content\/uploads\/2014\/02\/pdf-logo91-150x150.jpg\" alt=\"pdf-logo91\" width=\"26\" height=\"26\" \/><\/a><\/p>\n<p>Edition d&rsquo;Octobre 2015 N\u00b0237\u00a0\u00a0<a href=\"https:\/\/countryclubaixois.com\/tennis-club\/wp-content\/uploads\/2014\/11\/20160511113436.pdf\" target=\"_blank\"><img decoding=\"async\" src=\"https:\/\/countryclubaixois.com\/tennis-club\/wp-content\/uploads\/2014\/02\/pdf-logo91-150x150.jpg\" alt=\"pdf-logo91\" width=\"26\" height=\"26\" \/><\/a><\/p>\n<p>Edition de\u00a0Septembre 2015 N\u00b0236\u00a0\u00a0<a href=\"https:\/\/countryclubaixois.com\/tennis-club\/wp-content\/uploads\/2014\/11\/20160511113120.pdf\" target=\"_blank\"><img decoding=\"async\" src=\"https:\/\/countryclubaixois.com\/tennis-club\/wp-content\/uploads\/2014\/02\/pdf-logo91-150x150.jpg\" alt=\"pdf-logo91\" width=\"26\" height=\"26\" \/><\/a><\/p>\n<p>Edition de\u00a0Juin\u00a02015 N\u00b0235\u00a0\u00a0<a href=\"https:\/\/countryclubaixois.com\/tennis-club\/wp-content\/uploads\/2014\/11\/20160511112940.pdf\" target=\"_blank\"><img decoding=\"async\" src=\"https:\/\/countryclubaixois.com\/tennis-club\/wp-content\/uploads\/2014\/02\/pdf-logo91-150x150.jpg\" alt=\"pdf-logo91\" width=\"26\" height=\"26\" \/><\/a><\/p>\n<p>Edition de Mai\u00a02015 N\u00b0234\u00a0\u00a0<a href=\"https:\/\/countryclubaixois.com\/tennis-club\/wp-content\/uploads\/2014\/11\/20160511112827.pdf\" target=\"_blank\"><img decoding=\"async\" src=\"https:\/\/countryclubaixois.com\/tennis-club\/wp-content\/uploads\/2014\/02\/pdf-logo91-150x150.jpg\" alt=\"pdf-logo91\" width=\"26\" height=\"26\" \/><\/a><\/p>\n<p>Edition d&rsquo;Avril 2015 N\u00b0233\u00a0\u00a0<a href=\"https:\/\/countryclubaixois.com\/tennis-club\/wp-content\/uploads\/2014\/11\/20160511112528.pdf\" target=\"_blank\"><img decoding=\"async\" src=\"https:\/\/countryclubaixois.com\/tennis-club\/wp-content\/uploads\/2014\/02\/pdf-logo91-150x150.jpg\" alt=\"pdf-logo91\" width=\"26\" height=\"26\" \/><\/a><\/p>\n<p>Edition de Mars 2015 N\u00b0232 \u00a0<a href=\"https:\/\/countryclubaixois.com\/tennis-club\/wp-content\/uploads\/2014\/11\/20150326221923.pdf\"><img decoding=\"async\" src=\"https:\/\/countryclubaixois.com\/tennis-club\/wp-content\/uploads\/2014\/02\/pdf-logo91-150x150.jpg\" alt=\"pdf-logo91\" width=\"26\" height=\"26\" \/><\/a><\/p>\n<p>&nbsp;<\/p>\n<p>Edition de F\u00e9vrier 2015 N\u00b0231 \u00a0<a href=\"https:\/\/countryclubaixois.com\/tennis-club\/wp-content\/uploads\/2014\/11\/20150212223710.pdf\"><img decoding=\"async\" src=\"https:\/\/countryclubaixois.com\/tennis-club\/wp-content\/uploads\/2014\/02\/pdf-logo91-150x150.jpg\" alt=\"pdf-logo91\" width=\"26\" height=\"26\" \/><\/a><\/p>\n<p>&nbsp;<\/p>\n<p>Retrouvez dans cette \u00e9dition\u00a0le classement final du championnat d\u00e9partemental par \u00e9quipes seniors +<\/p>\n<p>Edition de D\u00e9cembre 2014 &#8211; Janvier 2015 N\u00b0230 \u00a0<a href=\"https:\/\/countryclubaixois.com\/tennis-club\/wp-content\/uploads\/2014\/11\/20150112195815.pdf\"><img decoding=\"async\" src=\"https:\/\/countryclubaixois.com\/tennis-club\/wp-content\/uploads\/2014\/02\/pdf-logo91-150x150.jpg\" alt=\"pdf-logo91\" width=\"26\" height=\"26\" \/><\/a><\/p>\n<p>Edition de Novembre 2014 \u00a0<a href=\"https:\/\/countryclubaixois.com\/tennis-club\/wp-content\/uploads\/2014\/11\/TennisTreizInfo-Nov-2014.pdf\"><img decoding=\"async\" src=\"https:\/\/countryclubaixois.com\/tennis-club\/wp-content\/uploads\/2014\/02\/pdf-logo91-150x150.jpg\" alt=\"pdf-logo91\" width=\"26\" height=\"26\" \/><\/a><\/p>\n","protected":false},"excerpt":{"rendered":"<p>&nbsp;<\/p>\n<p>Edition d&rsquo;Avril 2016 N\u00b0241 <\/p>\n<p>Edition de\u00a0Mars 2016 N\u00b0240\u00a0\u00a0<\/p>\n<p>Edition de\u00a0Janvier\/F\u00e9vrier\u00a02016 N\u00b0239\u00a0\u00a0<\/p>\n<p>Edition de Novembre\u00a02015 N\u00b0238\u00a0\u00a0<\/p>\n<p>Edition d&rsquo;Octobre 2015 N\u00b0237\u00a0\u00a0<\/p>\n<p>Edition de\u00a0Septembre 2015 N\u00b0236\u00a0\u00a0<\/p>\n<p>Edition de\u00a0Juin\u00a02015 N\u00b0235\u00a0\u00a0<\/p>\n<p>Edition de Mai\u00a02015 N\u00b0234\u00a0\u00a0<\/p>\n<p>Edition d&rsquo;Avril  [&#8230;]<\/p>\n","protected":false},"author":2,"featured_media":0,"parent":0,"menu_order":0,"comment_status":"closed","ping_status":"open","template":"","meta":{"_acf_changed":false,"footnotes":""},"categories":[],"tags":[],"class_list":["post-848","page","type-page","status-publish","hentry","count-0","even alt","author-user","last"],"acf":[],"yoast_head":"<!-- This site is optimized with the Yoast SEO plugin v17.2 - https:\/\/yoast.com\/wordpress\/plugins\/seo\/ -->\n<title>Tennis Treiz Info - Country Club Aixois<\/title>\n<meta name=\"robots\" content=\"index, follow, max-snippet:-1, max-image-preview:large, max-video-preview:-1\" \/>\n<link rel=\"canonical\" href=\"https:\/\/countryclubaixois.com\/tennis-club\/tennis-treiz-info\/\" \/>\n<meta property=\"og:locale\" content=\"fr_FR\" \/>\n<meta property=\"og:type\" content=\"article\" \/>\n<meta property=\"og:title\" content=\"Tennis Treiz Info - Country Club Aixois\" \/>\n<meta property=\"og:description\" content=\"&nbsp;  Edition d&#039;Avril 2016 N\u00b0241   Edition de\u00a0Mars 2016 N\u00b0240\u00a0\u00a0  Edition de\u00a0Janvier\/F\u00e9vrier\u00a02016 N\u00b0239\u00a0\u00a0  Edition de Novembre\u00a02015 N\u00b0238\u00a0\u00a0  Edition d&#039;Octobre 2015 N\u00b0237\u00a0\u00a0  Edition de\u00a0Septembre 2015 N\u00b0236\u00a0\u00a0  Edition de\u00a0Juin\u00a02015 N\u00b0235\u00a0\u00a0  Edition de Mai\u00a02015 N\u00b0234\u00a0\u00a0  Edition d&#039;Avril [...]\" \/>\n<meta property=\"og:url\" content=\"https:\/\/countryclubaixois.com\/tennis-club\/tennis-treiz-info\/\" \/>\n<meta property=\"og:site_name\" content=\"Country Club Aixois\" \/>\n<meta property=\"article:publisher\" content=\"https:\/\/www.facebook.com\/p\/Country-Club-Aixois-100063807272380\/?locale=fr_FR\" \/>\n<meta property=\"article:modified_time\" content=\"2016-05-11T09:39:52+00:00\" \/>\n<meta property=\"og:image\" content=\"http:\/\/countryclubaixois.com\/tennis-club\/wp-content\/uploads\/2014\/02\/pdf-logo91-150x150.jpg\" \/>\n<meta name=\"twitter:card\" content=\"summary_large_image\" \/>\n<script type=\"application\/ld+json\" class=\"yoast-schema-graph\">{\"@context\":\"https:\/\/schema.org\",\"@graph\":[{\"@type\":\"Organization\",\"@id\":\"https:\/\/countryclubaixois.com\/tennis-club\/#organization\",\"name\":\"Country Club Aixois\",\"url\":\"https:\/\/countryclubaixois.com\/tennis-club\/\",\"sameAs\":[\"https:\/\/www.facebook.com\/p\/Country-Club-Aixois-100063807272380\/?locale=fr_FR\"],\"logo\":{\"@type\":\"ImageObject\",\"@id\":\"https:\/\/countryclubaixois.com\/tennis-club\/#logo\",\"inLanguage\":\"fr-FR\",\"url\":\"https:\/\/countryclubaixois.com\/tennis-club\/wp-content\/uploads\/2025\/02\/logo_new.png\",\"contentUrl\":\"https:\/\/countryclubaixois.com\/tennis-club\/wp-content\/uploads\/2025\/02\/logo_new.png\",\"width\":150,\"height\":184,\"caption\":\"Country Club Aixois\"},\"image\":{\"@id\":\"https:\/\/countryclubaixois.com\/tennis-club\/#logo\"}},{\"@type\":\"WebSite\",\"@id\":\"https:\/\/countryclubaixois.com\/tennis-club\/#website\",\"url\":\"https:\/\/countryclubaixois.com\/tennis-club\/\",\"name\":\"Country Club Aixois\",\"description\":\"Club de Tennis \\u00e0 Aix en Provence qui compte plus de 850 licenci\\u00e9s, le club de r\\u00e9f\\u00e9rence du tennis en France.\",\"publisher\":{\"@id\":\"https:\/\/countryclubaixois.com\/tennis-club\/#organization\"},\"potentialAction\":[{\"@type\":\"SearchAction\",\"target\":{\"@type\":\"EntryPoint\",\"urlTemplate\":\"https:\/\/countryclubaixois.com\/tennis-club\/?s={search_term_string}\"},\"query-input\":\"required name=search_term_string\"}],\"inLanguage\":\"fr-FR\"},{\"@type\":\"ImageObject\",\"@id\":\"https:\/\/countryclubaixois.com\/tennis-club\/tennis-treiz-info\/#primaryimage\",\"inLanguage\":\"fr-FR\",\"url\":\"http:\/\/countryclubaixois.com\/tennis-club\/wp-content\/uploads\/2014\/02\/pdf-logo91-150x150.jpg\",\"contentUrl\":\"http:\/\/countryclubaixois.com\/tennis-club\/wp-content\/uploads\/2014\/02\/pdf-logo91-150x150.jpg\"},{\"@type\":\"WebPage\",\"@id\":\"https:\/\/countryclubaixois.com\/tennis-club\/tennis-treiz-info\/#webpage\",\"url\":\"https:\/\/countryclubaixois.com\/tennis-club\/tennis-treiz-info\/\",\"name\":\"Tennis Treiz Info - Country Club Aixois\",\"isPartOf\":{\"@id\":\"https:\/\/countryclubaixois.com\/tennis-club\/#website\"},\"primaryImageOfPage\":{\"@id\":\"https:\/\/countryclubaixois.com\/tennis-club\/tennis-treiz-info\/#primaryimage\"},\"datePublished\":\"2014-11-17T17:21:57+00:00\",\"dateModified\":\"2016-05-11T09:39:52+00:00\",\"breadcrumb\":{\"@id\":\"https:\/\/countryclubaixois.com\/tennis-club\/tennis-treiz-info\/#breadcrumb\"},\"inLanguage\":\"fr-FR\",\"potentialAction\":[{\"@type\":\"ReadAction\",\"target\":[\"https:\/\/countryclubaixois.com\/tennis-club\/tennis-treiz-info\/\"]}]},{\"@type\":\"BreadcrumbList\",\"@id\":\"https:\/\/countryclubaixois.com\/tennis-club\/tennis-treiz-info\/#breadcrumb\",\"itemListElement\":[{\"@type\":\"ListItem\",\"position\":1,\"name\":\"Home\",\"item\":\"https:\/\/countryclubaixois.com\/tennis-club\/\"},{\"@type\":\"ListItem\",\"position\":2,\"name\":\"Tennis Treiz Info\"}]}]}<\/script>\n<!-- \/ Yoast SEO plugin. -->","yoast_head_json":{"title":"Tennis Treiz Info - Country Club Aixois","robots":{"index":"index","follow":"follow","max-snippet":"max-snippet:-1","max-image-preview":"max-image-preview:large","max-video-preview":"max-video-preview:-1"},"canonical":"https:\/\/countryclubaixois.com\/tennis-club\/tennis-treiz-info\/","og_locale":"fr_FR","og_type":"article","og_title":"Tennis Treiz Info - Country Club Aixois","og_description":"&nbsp;  Edition d'Avril 2016 N\u00b0241   Edition de\u00a0Mars 2016 N\u00b0240\u00a0\u00a0  Edition de\u00a0Janvier\/F\u00e9vrier\u00a02016 N\u00b0239\u00a0\u00a0  Edition de Novembre\u00a02015 N\u00b0238\u00a0\u00a0  Edition d'Octobre 2015 N\u00b0237\u00a0\u00a0  Edition de\u00a0Septembre 2015 N\u00b0236\u00a0\u00a0  Edition de\u00a0Juin\u00a02015 N\u00b0235\u00a0\u00a0  Edition de Mai\u00a02015 N\u00b0234\u00a0\u00a0  Edition d'Avril [...]","og_url":"https:\/\/countryclubaixois.com\/tennis-club\/tennis-treiz-info\/","og_site_name":"Country Club Aixois","article_publisher":"https:\/\/www.facebook.com\/p\/Country-Club-Aixois-100063807272380\/?locale=fr_FR","article_modified_time":"2016-05-11T09:39:52+00:00","og_image":[{"url":"http:\/\/countryclubaixois.com\/tennis-club\/wp-content\/uploads\/2014\/02\/pdf-logo91-150x150.jpg"}],"twitter_card":"summary_large_image","schema":{"@context":"https:\/\/schema.org","@graph":[{"@type":"Organization","@id":"https:\/\/countryclubaixois.com\/tennis-club\/#organization","name":"Country Club Aixois","url":"https:\/\/countryclubaixois.com\/tennis-club\/","sameAs":["https:\/\/www.facebook.com\/p\/Country-Club-Aixois-100063807272380\/?locale=fr_FR"],"logo":{"@type":"ImageObject","@id":"https:\/\/countryclubaixois.com\/tennis-club\/#logo","inLanguage":"fr-FR","url":"https:\/\/countryclubaixois.com\/tennis-club\/wp-content\/uploads\/2025\/02\/logo_new.png","contentUrl":"https:\/\/countryclubaixois.com\/tennis-club\/wp-content\/uploads\/2025\/02\/logo_new.png","width":150,"height":184,"caption":"Country Club Aixois"},"image":{"@id":"https:\/\/countryclubaixois.com\/tennis-club\/#logo"}},{"@type":"WebSite","@id":"https:\/\/countryclubaixois.com\/tennis-club\/#website","url":"https:\/\/countryclubaixois.com\/tennis-club\/","name":"Country Club Aixois","description":"Club de Tennis \u00e0 Aix en Provence qui compte plus de 850 licenci\u00e9s, le club de r\u00e9f\u00e9rence du tennis en France.","publisher":{"@id":"https:\/\/countryclubaixois.com\/tennis-club\/#organization"},"potentialAction":[{"@type":"SearchAction","target":{"@type":"EntryPoint","urlTemplate":"https:\/\/countryclubaixois.com\/tennis-club\/?s={search_term_string}"},"query-input":"required name=search_term_string"}],"inLanguage":"fr-FR"},{"@type":"ImageObject","@id":"https:\/\/countryclubaixois.com\/tennis-club\/tennis-treiz-info\/#primaryimage","inLanguage":"fr-FR","url":"http:\/\/countryclubaixois.com\/tennis-club\/wp-content\/uploads\/2014\/02\/pdf-logo91-150x150.jpg","contentUrl":"http:\/\/countryclubaixois.com\/tennis-club\/wp-content\/uploads\/2014\/02\/pdf-logo91-150x150.jpg"},{"@type":"WebPage","@id":"https:\/\/countryclubaixois.com\/tennis-club\/tennis-treiz-info\/#webpage","url":"https:\/\/countryclubaixois.com\/tennis-club\/tennis-treiz-info\/","name":"Tennis Treiz Info - Country Club Aixois","isPartOf":{"@id":"https:\/\/countryclubaixois.com\/tennis-club\/#website"},"primaryImageOfPage":{"@id":"https:\/\/countryclubaixois.com\/tennis-club\/tennis-treiz-info\/#primaryimage"},"datePublished":"2014-11-17T17:21:57+00:00","dateModified":"2016-05-11T09:39:52+00:00","breadcrumb":{"@id":"https:\/\/countryclubaixois.com\/tennis-club\/tennis-treiz-info\/#breadcrumb"},"inLanguage":"fr-FR","potentialAction":[{"@type":"ReadAction","target":["https:\/\/countryclubaixois.com\/tennis-club\/tennis-treiz-info\/"]}]},{"@type":"BreadcrumbList","@id":"https:\/\/countryclubaixois.com\/tennis-club\/tennis-treiz-info\/#breadcrumb","itemListElement":[{"@type":"ListItem","position":1,"name":"Home","item":"https:\/\/countryclubaixois.com\/tennis-club\/"},{"@type":"ListItem","position":2,"name":"Tennis Treiz Info"}]}]}},"_links":{"self":[{"href":"https:\/\/countryclubaixois.com\/tennis-club\/wp-json\/wp\/v2\/pages\/848","targetHints":{"allow":["GET"]}}],"collection":[{"href":"https:\/\/countryclubaixois.com\/tennis-club\/wp-json\/wp\/v2\/pages"}],"about":[{"href":"https:\/\/countryclubaixois.com\/tennis-club\/wp-json\/wp\/v2\/types\/page"}],"author":[{"embeddable":true,"href":"https:\/\/countryclubaixois.com\/tennis-club\/wp-json\/wp\/v2\/users\/2"}],"replies":[{"embeddable":true,"href":"https:\/\/countryclubaixois.com\/tennis-club\/wp-json\/wp\/v2\/comments?post=848"}],"version-history":[{"count":0,"href":"https:\/\/countryclubaixois.com\/tennis-club\/wp-json\/wp\/v2\/pages\/848\/revisions"}],"wp:attachment":[{"href":"https:\/\/countryclubaixois.com\/tennis-club\/wp-json\/wp\/v2\/media?parent=848"}],"wp:term":[{"taxonomy":"category","embeddable":true,"href":"https:\/\/countryclubaixois.com\/tennis-club\/wp-json\/wp\/v2\/categories?post=848"},{"taxonomy":"post_tag","embeddable":true,"href":"https:\/\/countryclubaixois.com\/tennis-club\/wp-json\/wp\/v2\/tags?post=848"}],"curies":[{"name":"wp","href":"https:\/\/api.w.org\/{rel}","templated":true}]}}