{"id":86,"date":"2014-02-05T16:13:09","date_gmt":"2014-02-05T15:13:09","guid":{"rendered":"http:\/\/countryclubaixois.com\/tennis-club\/?page_id=86"},"modified":"2025-02-19T15:51:59","modified_gmt":"2025-02-19T14:51:59","slug":"la-piscine","status":"publish","type":"page","link":"https:\/\/countryclubaixois.com\/tennis-club\/le-club\/la-piscine\/","title":{"rendered":"La Piscine"},"content":{"rendered":"\t\t<div data-elementor-type=\"wp-page\" data-elementor-id=\"86\" class=\"elementor elementor-86\">\n\t\t\t\t\t\t<section class=\"elementor-section elementor-top-section elementor-element elementor-element-6a294002 elementor-section-boxed elementor-section-height-default elementor-section-height-default\" data-id=\"6a294002\" data-element_type=\"section\">\n\t\t\t\t\t\t<div class=\"elementor-container elementor-column-gap-default\">\n\t\t\t\t\t<div class=\"elementor-column elementor-col-100 elementor-top-column elementor-element elementor-element-11ad7588\" data-id=\"11ad7588\" data-element_type=\"column\">\n\t\t\t<div class=\"elementor-widget-wrap elementor-element-populated\">\n\t\t\t\t\t\t<div class=\"elementor-element elementor-element-96cc57e elementor-widget elementor-widget-heading\" data-id=\"96cc57e\" data-element_type=\"widget\" data-widget_type=\"heading.default\">\n\t\t\t\t<div class=\"elementor-widget-container\">\n\t\t\t\t\t<h2 class=\"elementor-heading-title elementor-size-default\">Le Country Club d'Aix-en-Provence<\/h2>\t\t\t\t<\/div>\n\t\t\t\t<\/div>\n\t\t\t\t<div class=\"elementor-element elementor-element-4d818e98 elementor-widget-divider--view-line elementor-widget elementor-widget-divider\" data-id=\"4d818e98\" data-element_type=\"widget\" data-widget_type=\"divider.default\">\n\t\t\t\t<div class=\"elementor-widget-container\">\n\t\t\t\t\t\t\t<div class=\"elementor-divider\">\n\t\t\t<span class=\"elementor-divider-separator\">\n\t\t\t\t\t\t<\/span>\n\t\t<\/div>\n\t\t\t\t\t\t<\/div>\n\t\t\t\t<\/div>\n\t\t\t\t<div class=\"elementor-element elementor-element-42f0589c elementor-widget elementor-widget-heading\" data-id=\"42f0589c\" data-element_type=\"widget\" data-widget_type=\"heading.default\">\n\t\t\t\t<div class=\"elementor-widget-container\">\n\t\t\t\t\t<h2 class=\"elementor-heading-title elementor-size-default\">la piscine<\/h2>\t\t\t\t<\/div>\n\t\t\t\t<\/div>\n\t\t\t\t\t<\/div>\n\t\t<\/div>\n\t\t\t\t\t<\/div>\n\t\t<\/section>\n\t\t\t\t<section class=\"elementor-section elementor-top-section elementor-element elementor-element-1a49ce9 elementor-section-boxed elementor-section-height-default elementor-section-height-default\" data-id=\"1a49ce9\" data-element_type=\"section\">\n\t\t\t\t\t\t<div class=\"elementor-container elementor-column-gap-default\">\n\t\t\t\t\t<div class=\"elementor-column elementor-col-100 elementor-top-column elementor-element elementor-element-3cf21a3e\" data-id=\"3cf21a3e\" data-element_type=\"column\">\n\t\t\t<div class=\"elementor-widget-wrap elementor-element-populated\">\n\t\t\t\t\t\t<div class=\"elementor-element elementor-element-700bc0a4 elementor-widget elementor-widget-text-editor\" data-id=\"700bc0a4\" data-element_type=\"widget\" data-widget_type=\"text-editor.default\">\n\t\t\t\t<div class=\"elementor-widget-container\">\n\t\t\t\t\t\t\t\t\t<p>La piscine du Country Club Aixois est un v\u00e9ritable havre de paix, offrant un cadre idyllique pour se d\u00e9tendre et se rafra\u00eechir.<\/p><p>Le Country Club Aixois est plus qu&rsquo;une simple piscine, c&rsquo;est un lieu de vie et de convivialit\u00e9 o\u00f9 vous pourrez profiter de nombreuses activit\u00e9s sportives et de loisirs.<\/p>\t\t\t\t\t\t\t\t<\/div>\n\t\t\t\t<\/div>\n\t\t\t\t\t<\/div>\n\t\t<\/div>\n\t\t\t\t\t<\/div>\n\t\t<\/section>\n\t\t<div class=\"elementor-element elementor-element-3fe88fe e-con-full e-flex e-con e-parent\" data-id=\"3fe88fe\" data-element_type=\"container\" data-settings=\"{&quot;background_background&quot;:&quot;classic&quot;}\">\n\t\t<div class=\"elementor-element elementor-element-2df2c03 e-con-full e-flex e-con e-child\" data-id=\"2df2c03\" data-element_type=\"container\">\n\t\t\t\t<div class=\"elementor-element elementor-element-20e44d4 elementor-widget elementor-widget-text-editor\" data-id=\"20e44d4\" data-element_type=\"widget\" data-widget_type=\"text-editor.default\">\n\t\t\t\t<div class=\"elementor-widget-container\">\n\t\t\t\t\t\t\t\t\t<p style=\"text-align: left;\"><span style=\"color: #9b3100;\"><strong>Deux bassins pour tous les plaisirs :<\/strong><\/span><\/p><ul><li style=\"text-align: left;\">Un grand bassin de 25 m\u00e8tres sur 15, avec une profondeur moyenne de 2,5 m\u00e8tres, id\u00e9al pour les nageurs et les amateurs de longueurs.<\/li><li style=\"text-align: left;\">Un petit bassin de 15 m\u00e8tres sur 5, avec une profondeur maximale de 0,80 m\u00e8tre, parfait pour les enfants et ceux qui pr\u00e9f\u00e8rent se d\u00e9tendre en douceur.<\/li><\/ul><p style=\"text-align: left;\"><span style=\"color: #9b3100;\"><strong>Un environnement verdoyant et relaxant :<\/strong><\/span><\/p><ul><li style=\"text-align: left;\">Les bassins sont entour\u00e9s d&rsquo;une belle pelouse o\u00f9 vous pourrez vous pr\u00e9lasser au soleil et profiter de l&rsquo;atmosph\u00e8re paisible du club.<\/li><li style=\"text-align: left;\">Le Country Club Aixois est situ\u00e9 dans un \u00e9crin de verdure, offrant un cadre naturel exceptionnel pour vos moments de d\u00e9tente.<\/li><\/ul><p style=\"text-align: left;\"><span style=\"color: #9b3100;\"><strong>S\u00e9curit\u00e9 et surveillance :<\/strong><\/span><\/p><ul><li style=\"text-align: left;\">La piscine est surveill\u00e9e par des professionnels qualifi\u00e9s, garantissant votre s\u00e9curit\u00e9 et votre tranquillit\u00e9 d&rsquo;esprit.<\/li><\/ul><p style=\"text-align: left;\"><span style=\"color: #9b3100;\"><strong>Services et commodit\u00e9s :<\/strong><\/span><\/p><ul><li style=\"text-align: left;\">Le club propose \u00e9galement des restaurants d&rsquo;hiver et d&rsquo;\u00e9t\u00e9, vous permettant de vous restaurer et de vous rafra\u00eechir tout au long de la journ\u00e9e.<\/li><\/ul>\t\t\t\t\t\t\t\t<\/div>\n\t\t\t\t<\/div>\n\t\t\t\t<\/div>\n\t\t<div class=\"elementor-element elementor-element-cb4f5da e-flex e-con-boxed e-con e-child\" data-id=\"cb4f5da\" data-element_type=\"container\" data-settings=\"{&quot;background_background&quot;:&quot;slideshow&quot;,&quot;background_slideshow_gallery&quot;:[{&quot;id&quot;:6030,&quot;url&quot;:&quot;https:\\\/\\\/countryclubaixois.com\\\/tennis-club\\\/wp-content\\\/uploads\\\/2025\\\/02\\\/JD8A2322.jpg&quot;},{&quot;id&quot;:6031,&quot;url&quot;:&quot;https:\\\/\\\/countryclubaixois.com\\\/tennis-club\\\/wp-content\\\/uploads\\\/2025\\\/02\\\/JD8A2323.jpg&quot;},{&quot;id&quot;:6032,&quot;url&quot;:&quot;https:\\\/\\\/countryclubaixois.com\\\/tennis-club\\\/wp-content\\\/uploads\\\/2025\\\/02\\\/JD8A2327.jpg&quot;},{&quot;id&quot;:6033,&quot;url&quot;:&quot;https:\\\/\\\/countryclubaixois.com\\\/tennis-club\\\/wp-content\\\/uploads\\\/2025\\\/02\\\/JD8A2332.jpg&quot;},{&quot;id&quot;:6034,&quot;url&quot;:&quot;https:\\\/\\\/countryclubaixois.com\\\/tennis-club\\\/wp-content\\\/uploads\\\/2025\\\/02\\\/JD8A2337.jpg&quot;},{&quot;id&quot;:6035,&quot;url&quot;:&quot;https:\\\/\\\/countryclubaixois.com\\\/tennis-club\\\/wp-content\\\/uploads\\\/2025\\\/02\\\/JD8A2339.jpg&quot;},{&quot;id&quot;:6036,&quot;url&quot;:&quot;https:\\\/\\\/countryclubaixois.com\\\/tennis-club\\\/wp-content\\\/uploads\\\/2025\\\/02\\\/JD8A2366.jpg&quot;},{&quot;id&quot;:6037,&quot;url&quot;:&quot;https:\\\/\\\/countryclubaixois.com\\\/tennis-club\\\/wp-content\\\/uploads\\\/2025\\\/02\\\/JD8A2369.jpg&quot;},{&quot;id&quot;:6038,&quot;url&quot;:&quot;https:\\\/\\\/countryclubaixois.com\\\/tennis-club\\\/wp-content\\\/uploads\\\/2025\\\/02\\\/JD8A2411-1.jpg&quot;},{&quot;id&quot;:6039,&quot;url&quot;:&quot;https:\\\/\\\/countryclubaixois.com\\\/tennis-club\\\/wp-content\\\/uploads\\\/2025\\\/02\\\/JD8A2412.jpg&quot;},{&quot;id&quot;:6040,&quot;url&quot;:&quot;https:\\\/\\\/countryclubaixois.com\\\/tennis-club\\\/wp-content\\\/uploads\\\/2025\\\/02\\\/JD8A2444-1.jpg&quot;},{&quot;id&quot;:6041,&quot;url&quot;:&quot;https:\\\/\\\/countryclubaixois.com\\\/tennis-club\\\/wp-content\\\/uploads\\\/2025\\\/02\\\/JD8A2500.jpg&quot;},{&quot;id&quot;:6042,&quot;url&quot;:&quot;https:\\\/\\\/countryclubaixois.com\\\/tennis-club\\\/wp-content\\\/uploads\\\/2025\\\/02\\\/JD8A2514-1.jpg&quot;},{&quot;id&quot;:6043,&quot;url&quot;:&quot;https:\\\/\\\/countryclubaixois.com\\\/tennis-club\\\/wp-content\\\/uploads\\\/2025\\\/02\\\/JD8A2536.jpg&quot;},{&quot;id&quot;:6044,&quot;url&quot;:&quot;https:\\\/\\\/countryclubaixois.com\\\/tennis-club\\\/wp-content\\\/uploads\\\/2025\\\/02\\\/JD8A2302.jpg&quot;},{&quot;id&quot;:6045,&quot;url&quot;:&quot;https:\\\/\\\/countryclubaixois.com\\\/tennis-club\\\/wp-content\\\/uploads\\\/2025\\\/02\\\/JD8A2307.jpg&quot;},{&quot;id&quot;:6046,&quot;url&quot;:&quot;https:\\\/\\\/countryclubaixois.com\\\/tennis-club\\\/wp-content\\\/uploads\\\/2025\\\/02\\\/JD8A2311.jpg&quot;},{&quot;id&quot;:6047,&quot;url&quot;:&quot;https:\\\/\\\/countryclubaixois.com\\\/tennis-club\\\/wp-content\\\/uploads\\\/2025\\\/02\\\/JD8A2312.jpg&quot;},{&quot;id&quot;:6048,&quot;url&quot;:&quot;https:\\\/\\\/countryclubaixois.com\\\/tennis-club\\\/wp-content\\\/uploads\\\/2025\\\/02\\\/JD8A2320.jpg&quot;}],&quot;background_slideshow_loop&quot;:&quot;yes&quot;,&quot;background_slideshow_slide_duration&quot;:5000,&quot;background_slideshow_slide_transition&quot;:&quot;fade&quot;,&quot;background_slideshow_transition_duration&quot;:500}\">\n\t\t\t\t\t<div class=\"e-con-inner\">\n\t\t\t\t\t<\/div>\n\t\t\t\t<\/div>\n\t\t\t\t<\/div>\n\t\t\t\t<\/div>\n\t\t","protected":false},"excerpt":{"rendered":"<p>Le Country Club d&rsquo;Aix-en-Provence<br \/>\n\t\t\tla piscine<br \/>\n\t\tLa piscine du Country Club Aixois est un v\u00e9ritable havre de paix, offrant un cadre idyllique pour se d\u00e9tendre et se rafra\u00eechir.Le Country Club Aixois est plus qu&rsquo;une simple piscine, c&rsquo;est un lieu de vie et de convivialit\u00e9 o\u00f9 vous pourrez  [&#8230;]<\/p>\n","protected":false},"author":1,"featured_media":0,"parent":7,"menu_order":0,"comment_status":"open","ping_status":"open","template":"","meta":{"_acf_changed":false,"footnotes":""},"categories":[],"tags":[],"class_list":["post-86","page","type-page","status-publish","hentry","count-0","even alt","author-admin_avaelys","last"],"acf":[],"yoast_head":"<!-- This site is optimized with the Yoast SEO plugin v17.2 - https:\/\/yoast.com\/wordpress\/plugins\/seo\/ -->\n<title>La Piscine du Country Club Aixois<\/title>\n<meta name=\"robots\" content=\"index, follow, max-snippet:-1, max-image-preview:large, max-video-preview:-1\" \/>\n<link rel=\"canonical\" href=\"https:\/\/countryclubaixois.com\/tennis-club\/le-club\/la-piscine\/\" \/>\n<meta property=\"og:locale\" content=\"fr_FR\" \/>\n<meta property=\"og:type\" content=\"article\" \/>\n<meta property=\"og:title\" content=\"La Piscine du Country Club Aixois\" \/>\n<meta property=\"og:description\" content=\"Le Country Club d&#039;Aix-en-Provence   la piscine   La piscine du Country Club Aixois est un v\u00e9ritable havre de paix, offrant un cadre idyllique pour se d\u00e9tendre et se rafra\u00eechir.Le Country Club Aixois est plus qu&#039;une simple piscine, c&#039;est un lieu de vie et de convivialit\u00e9 o\u00f9 vous pourrez [...]\" \/>\n<meta property=\"og:url\" content=\"https:\/\/countryclubaixois.com\/tennis-club\/le-club\/la-piscine\/\" \/>\n<meta property=\"og:site_name\" content=\"Country Club Aixois\" \/>\n<meta property=\"article:publisher\" content=\"https:\/\/www.facebook.com\/p\/Country-Club-Aixois-100063807272380\/?locale=fr_FR\" \/>\n<meta property=\"article:modified_time\" content=\"2025-02-19T14:51:59+00:00\" \/>\n<meta property=\"og:image\" content=\"https:\/\/countryclubaixois.com\/tennis-club\/wp-content\/uploads\/2023\/10\/384557746_1706022533209763_846626886440198528_n-1-1.jpg\" \/>\n\t<meta property=\"og:image:width\" content=\"1512\" \/>\n\t<meta property=\"og:image:height\" content=\"2016\" \/>\n<meta name=\"twitter:card\" content=\"summary_large_image\" \/>\n<meta name=\"twitter:label1\" content=\"Est. reading time\" \/>\n\t<meta name=\"twitter:data1\" content=\"2 minutes\" \/>\n<script type=\"application\/ld+json\" class=\"yoast-schema-graph\">{\"@context\":\"https:\/\/schema.org\",\"@graph\":[{\"@type\":\"Organization\",\"@id\":\"https:\/\/countryclubaixois.com\/tennis-club\/#organization\",\"name\":\"Country Club Aixois\",\"url\":\"https:\/\/countryclubaixois.com\/tennis-club\/\",\"sameAs\":[\"https:\/\/www.facebook.com\/p\/Country-Club-Aixois-100063807272380\/?locale=fr_FR\"],\"logo\":{\"@type\":\"ImageObject\",\"@id\":\"https:\/\/countryclubaixois.com\/tennis-club\/#logo\",\"inLanguage\":\"fr-FR\",\"url\":\"https:\/\/countryclubaixois.com\/tennis-club\/wp-content\/uploads\/2025\/02\/logo_new.png\",\"contentUrl\":\"https:\/\/countryclubaixois.com\/tennis-club\/wp-content\/uploads\/2025\/02\/logo_new.png\",\"width\":150,\"height\":184,\"caption\":\"Country Club Aixois\"},\"image\":{\"@id\":\"https:\/\/countryclubaixois.com\/tennis-club\/#logo\"}},{\"@type\":\"WebSite\",\"@id\":\"https:\/\/countryclubaixois.com\/tennis-club\/#website\",\"url\":\"https:\/\/countryclubaixois.com\/tennis-club\/\",\"name\":\"Country Club Aixois\",\"description\":\"Club de Tennis \\u00e0 Aix en Provence qui compte plus de 850 licenci\\u00e9s, le club de r\\u00e9f\\u00e9rence du tennis en France.\",\"publisher\":{\"@id\":\"https:\/\/countryclubaixois.com\/tennis-club\/#organization\"},\"potentialAction\":[{\"@type\":\"SearchAction\",\"target\":{\"@type\":\"EntryPoint\",\"urlTemplate\":\"https:\/\/countryclubaixois.com\/tennis-club\/?s={search_term_string}\"},\"query-input\":\"required name=search_term_string\"}],\"inLanguage\":\"fr-FR\"},{\"@type\":\"WebPage\",\"@id\":\"https:\/\/countryclubaixois.com\/tennis-club\/le-club\/la-piscine\/#webpage\",\"url\":\"https:\/\/countryclubaixois.com\/tennis-club\/le-club\/la-piscine\/\",\"name\":\"La Piscine du Country Club Aixois\",\"isPartOf\":{\"@id\":\"https:\/\/countryclubaixois.com\/tennis-club\/#website\"},\"datePublished\":\"2014-02-05T15:13:09+00:00\",\"dateModified\":\"2025-02-19T14:51:59+00:00\",\"breadcrumb\":{\"@id\":\"https:\/\/countryclubaixois.com\/tennis-club\/le-club\/la-piscine\/#breadcrumb\"},\"inLanguage\":\"fr-FR\",\"potentialAction\":[{\"@type\":\"ReadAction\",\"target\":[\"https:\/\/countryclubaixois.com\/tennis-club\/le-club\/la-piscine\/\"]}]},{\"@type\":\"BreadcrumbList\",\"@id\":\"https:\/\/countryclubaixois.com\/tennis-club\/le-club\/la-piscine\/#breadcrumb\",\"itemListElement\":[{\"@type\":\"ListItem\",\"position\":1,\"name\":\"Home\",\"item\":\"https:\/\/countryclubaixois.com\/tennis-club\/\"},{\"@type\":\"ListItem\",\"position\":2,\"name\":\"Le Club\",\"item\":\"https:\/\/countryclubaixois.com\/tennis-club\/le-club\/\"},{\"@type\":\"ListItem\",\"position\":3,\"name\":\"La Piscine\"}]}]}<\/script>\n<!-- \/ Yoast SEO plugin. -->","yoast_head_json":{"title":"La Piscine du Country Club Aixois","robots":{"index":"index","follow":"follow","max-snippet":"max-snippet:-1","max-image-preview":"max-image-preview:large","max-video-preview":"max-video-preview:-1"},"canonical":"https:\/\/countryclubaixois.com\/tennis-club\/le-club\/la-piscine\/","og_locale":"fr_FR","og_type":"article","og_title":"La Piscine du Country Club Aixois","og_description":"Le Country Club d'Aix-en-Provence   la piscine   La piscine du Country Club Aixois est un v\u00e9ritable havre de paix, offrant un cadre idyllique pour se d\u00e9tendre et se rafra\u00eechir.Le Country Club Aixois est plus qu'une simple piscine, c'est un lieu de vie et de convivialit\u00e9 o\u00f9 vous pourrez [...]","og_url":"https:\/\/countryclubaixois.com\/tennis-club\/le-club\/la-piscine\/","og_site_name":"Country Club Aixois","article_publisher":"https:\/\/www.facebook.com\/p\/Country-Club-Aixois-100063807272380\/?locale=fr_FR","article_modified_time":"2025-02-19T14:51:59+00:00","og_image":[{"width":1512,"height":2016,"url":"https:\/\/countryclubaixois.com\/tennis-club\/wp-content\/uploads\/2023\/10\/384557746_1706022533209763_846626886440198528_n-1-1.jpg","path":"\/var\/www\/vhosts\/countryclubaixois.com\/httpdocs\/tennis-club\/wp-content\/uploads\/2023\/10\/384557746_1706022533209763_846626886440198528_n-1-1.jpg","size":"full","id":5104,"alt":"","pixels":3048192,"type":"image\/jpeg"}],"twitter_card":"summary_large_image","twitter_misc":{"Est. reading time":"2 minutes"},"schema":{"@context":"https:\/\/schema.org","@graph":[{"@type":"Organization","@id":"https:\/\/countryclubaixois.com\/tennis-club\/#organization","name":"Country Club Aixois","url":"https:\/\/countryclubaixois.com\/tennis-club\/","sameAs":["https:\/\/www.facebook.com\/p\/Country-Club-Aixois-100063807272380\/?locale=fr_FR"],"logo":{"@type":"ImageObject","@id":"https:\/\/countryclubaixois.com\/tennis-club\/#logo","inLanguage":"fr-FR","url":"https:\/\/countryclubaixois.com\/tennis-club\/wp-content\/uploads\/2025\/02\/logo_new.png","contentUrl":"https:\/\/countryclubaixois.com\/tennis-club\/wp-content\/uploads\/2025\/02\/logo_new.png","width":150,"height":184,"caption":"Country Club Aixois"},"image":{"@id":"https:\/\/countryclubaixois.com\/tennis-club\/#logo"}},{"@type":"WebSite","@id":"https:\/\/countryclubaixois.com\/tennis-club\/#website","url":"https:\/\/countryclubaixois.com\/tennis-club\/","name":"Country Club Aixois","description":"Club de Tennis \u00e0 Aix en Provence qui compte plus de 850 licenci\u00e9s, le club de r\u00e9f\u00e9rence du tennis en France.","publisher":{"@id":"https:\/\/countryclubaixois.com\/tennis-club\/#organization"},"potentialAction":[{"@type":"SearchAction","target":{"@type":"EntryPoint","urlTemplate":"https:\/\/countryclubaixois.com\/tennis-club\/?s={search_term_string}"},"query-input":"required name=search_term_string"}],"inLanguage":"fr-FR"},{"@type":"WebPage","@id":"https:\/\/countryclubaixois.com\/tennis-club\/le-club\/la-piscine\/#webpage","url":"https:\/\/countryclubaixois.com\/tennis-club\/le-club\/la-piscine\/","name":"La Piscine du Country Club Aixois","isPartOf":{"@id":"https:\/\/countryclubaixois.com\/tennis-club\/#website"},"datePublished":"2014-02-05T15:13:09+00:00","dateModified":"2025-02-19T14:51:59+00:00","breadcrumb":{"@id":"https:\/\/countryclubaixois.com\/tennis-club\/le-club\/la-piscine\/#breadcrumb"},"inLanguage":"fr-FR","potentialAction":[{"@type":"ReadAction","target":["https:\/\/countryclubaixois.com\/tennis-club\/le-club\/la-piscine\/"]}]},{"@type":"BreadcrumbList","@id":"https:\/\/countryclubaixois.com\/tennis-club\/le-club\/la-piscine\/#breadcrumb","itemListElement":[{"@type":"ListItem","position":1,"name":"Home","item":"https:\/\/countryclubaixois.com\/tennis-club\/"},{"@type":"ListItem","position":2,"name":"Le Club","item":"https:\/\/countryclubaixois.com\/tennis-club\/le-club\/"},{"@type":"ListItem","position":3,"name":"La Piscine"}]}]}},"_links":{"self":[{"href":"https:\/\/countryclubaixois.com\/tennis-club\/wp-json\/wp\/v2\/pages\/86","targetHints":{"allow":["GET"]}}],"collection":[{"href":"https:\/\/countryclubaixois.com\/tennis-club\/wp-json\/wp\/v2\/pages"}],"about":[{"href":"https:\/\/countryclubaixois.com\/tennis-club\/wp-json\/wp\/v2\/types\/page"}],"author":[{"embeddable":true,"href":"https:\/\/countryclubaixois.com\/tennis-club\/wp-json\/wp\/v2\/users\/1"}],"replies":[{"embeddable":true,"href":"https:\/\/countryclubaixois.com\/tennis-club\/wp-json\/wp\/v2\/comments?post=86"}],"version-history":[{"count":1,"href":"https:\/\/countryclubaixois.com\/tennis-club\/wp-json\/wp\/v2\/pages\/86\/revisions"}],"predecessor-version":[{"id":6063,"href":"https:\/\/countryclubaixois.com\/tennis-club\/wp-json\/wp\/v2\/pages\/86\/revisions\/6063"}],"up":[{"embeddable":true,"href":"https:\/\/countryclubaixois.com\/tennis-club\/wp-json\/wp\/v2\/pages\/7"}],"wp:attachment":[{"href":"https:\/\/countryclubaixois.com\/tennis-club\/wp-json\/wp\/v2\/media?parent=86"}],"wp:term":[{"taxonomy":"category","embeddable":true,"href":"https:\/\/countryclubaixois.com\/tennis-club\/wp-json\/wp\/v2\/categories?post=86"},{"taxonomy":"post_tag","embeddable":true,"href":"https:\/\/countryclubaixois.com\/tennis-club\/wp-json\/wp\/v2\/tags?post=86"}],"curies":[{"name":"wp","href":"https:\/\/api.w.org\/{rel}","templated":true}]}}