{"id":920,"date":"2015-02-05T16:35:39","date_gmt":"2015-02-05T15:35:39","guid":{"rendered":"http:\/\/countryclubaixois.com\/tennis-club\/?page_id=920"},"modified":"2025-02-17T14:24:52","modified_gmt":"2025-02-17T13:24:52","slug":"country-sport-sante","status":"publish","type":"page","link":"https:\/\/countryclubaixois.com\/tennis-club\/country-sport-sante\/","title":{"rendered":"Country Sport Sant\u00e9"},"content":{"rendered":"\t\t<div data-elementor-type=\"wp-page\" data-elementor-id=\"920\" class=\"elementor elementor-920\">\n\t\t\t\t\t\t<section class=\"elementor-section elementor-top-section elementor-element elementor-element-41ebdac1 elementor-section-boxed elementor-section-height-default elementor-section-height-default\" data-id=\"41ebdac1\" data-element_type=\"section\">\n\t\t\t\t\t\t<div class=\"elementor-container elementor-column-gap-default\">\n\t\t\t\t\t<div class=\"elementor-column elementor-col-100 elementor-top-column elementor-element elementor-element-61e843a8\" data-id=\"61e843a8\" data-element_type=\"column\">\n\t\t\t<div class=\"elementor-widget-wrap elementor-element-populated\">\n\t\t\t\t\t\t<div class=\"elementor-element elementor-element-626a5fa elementor-widget elementor-widget-heading\" data-id=\"626a5fa\" data-element_type=\"widget\" data-widget_type=\"heading.default\">\n\t\t\t\t<div class=\"elementor-widget-container\">\n\t\t\t\t\t<h2 class=\"elementor-heading-title elementor-size-default\">Le Country Club d'Aix-en-Provence<\/h2>\t\t\t\t<\/div>\n\t\t\t\t<\/div>\n\t\t\t\t<div class=\"elementor-element elementor-element-562419a0 elementor-widget-divider--view-line elementor-widget elementor-widget-divider\" data-id=\"562419a0\" data-element_type=\"widget\" data-widget_type=\"divider.default\">\n\t\t\t\t<div class=\"elementor-widget-container\">\n\t\t\t\t\t\t\t<div class=\"elementor-divider\">\n\t\t\t<span class=\"elementor-divider-separator\">\n\t\t\t\t\t\t<\/span>\n\t\t<\/div>\n\t\t\t\t\t\t<\/div>\n\t\t\t\t<\/div>\n\t\t\t\t<div class=\"elementor-element elementor-element-77f8127c elementor-widget elementor-widget-heading\" data-id=\"77f8127c\" data-element_type=\"widget\" data-widget_type=\"heading.default\">\n\t\t\t\t<div class=\"elementor-widget-container\">\n\t\t\t\t\t<h2 class=\"elementor-heading-title elementor-size-default\">Country sport sant\u00e9<\/h2>\t\t\t\t<\/div>\n\t\t\t\t<\/div>\n\t\t\t\t\t<\/div>\n\t\t<\/div>\n\t\t\t\t\t<\/div>\n\t\t<\/section>\n\t\t<div class=\"elementor-element elementor-element-c025e34 e-flex e-con-boxed e-con e-parent\" data-id=\"c025e34\" data-element_type=\"container\">\n\t\t\t\t\t<div class=\"e-con-inner\">\n\t\t<div class=\"elementor-element elementor-element-4ba04bc e-con-full e-flex e-con e-child\" data-id=\"4ba04bc\" data-element_type=\"container\" data-settings=\"{&quot;background_background&quot;:&quot;slideshow&quot;,&quot;background_slideshow_gallery&quot;:[{&quot;id&quot;:5529,&quot;url&quot;:&quot;https:\\\/\\\/countryclubaixois.com\\\/tennis-club\\\/wp-content\\\/uploads\\\/2025\\\/02\\\/sante.jpg&quot;}],&quot;background_slideshow_loop&quot;:&quot;yes&quot;,&quot;background_slideshow_slide_duration&quot;:5000,&quot;background_slideshow_slide_transition&quot;:&quot;fade&quot;,&quot;background_slideshow_transition_duration&quot;:500}\">\n\t\t\t\t<\/div>\n\t\t\t\t\t<\/div>\n\t\t\t\t<\/div>\n\t\t\t\t<section class=\"elementor-section elementor-top-section elementor-element elementor-element-62a6df24 elementor-section-full_width elementor-section-height-min-height elementor-section-height-default elementor-section-items-middle\" data-id=\"62a6df24\" data-element_type=\"section\" data-settings=\"{&quot;background_background&quot;:&quot;slideshow&quot;,&quot;background_slideshow_gallery&quot;:[{&quot;id&quot;:5015,&quot;url&quot;:&quot;https:\\\/\\\/countryclubaixois.com\\\/tennis-club\\\/wp-content\\\/uploads\\\/2023\\\/10\\\/384832170_724018203099780_2500292347346300370_n.jpg&quot;}],&quot;background_slideshow_ken_burns&quot;:&quot;yes&quot;,&quot;background_slideshow_ken_burns_zoom_direction&quot;:&quot;out&quot;,&quot;background_slideshow_loop&quot;:&quot;yes&quot;,&quot;background_slideshow_slide_duration&quot;:5000,&quot;background_slideshow_slide_transition&quot;:&quot;fade&quot;,&quot;background_slideshow_transition_duration&quot;:500}\">\n\t\t\t\t\t\t\t<div class=\"elementor-background-overlay\"><\/div>\n\t\t\t\t\t\t\t<div class=\"elementor-container elementor-column-gap-default\">\n\t\t\t\t\t<div class=\"elementor-column elementor-col-100 elementor-top-column elementor-element elementor-element-26a3e3ce\" data-id=\"26a3e3ce\" data-element_type=\"column\" data-settings=\"{&quot;background_background&quot;:&quot;slideshow&quot;,&quot;background_slideshow_gallery&quot;:[],&quot;background_slideshow_loop&quot;:&quot;yes&quot;,&quot;background_slideshow_slide_duration&quot;:5000,&quot;background_slideshow_slide_transition&quot;:&quot;fade&quot;,&quot;background_slideshow_transition_duration&quot;:500}\">\n\t\t\t<div class=\"elementor-widget-wrap elementor-element-populated\">\n\t\t\t\t\t\t<section class=\"elementor-section elementor-inner-section elementor-element elementor-element-155ef594 elementor-section-boxed elementor-section-height-default elementor-section-height-default\" data-id=\"155ef594\" data-element_type=\"section\">\n\t\t\t\t\t\t<div class=\"elementor-container elementor-column-gap-default\">\n\t\t\t\t\t<div class=\"elementor-column elementor-col-50 elementor-inner-column elementor-element elementor-element-73ea2c1f\" data-id=\"73ea2c1f\" data-element_type=\"column\">\n\t\t\t<div class=\"elementor-widget-wrap elementor-element-populated\">\n\t\t\t\t\t\t<div class=\"elementor-element elementor-element-5030203d elementor-widget elementor-widget-text-editor\" data-id=\"5030203d\" data-element_type=\"widget\" data-widget_type=\"text-editor.default\">\n\t\t\t\t<div class=\"elementor-widget-container\">\n\t\t\t\t\t\t\t\t\t<p><span style=\"color: #9b3100;\"><strong>St\u00e9fane Falchi<\/strong><\/span><\/p><p>Un beau parcours dans le milieu du tennis :<\/p><p><strong>2009-2010<\/strong> : Kin\u00e9sith\u00e9rapeute et Ost\u00e9opathe au sein de la FFT d\u00e9tach\u00e9 \u00e0 plein temps aupr\u00e8s de Gael Monfils (ATP #7)<\/p><p><strong>2011-2016<\/strong> : Kin\u00e9sith\u00e9rapeute et Ost\u00e9opathe de Stan Wawrinka (ATP#3)<\/p><p><strong>2012-\u2026.<\/strong> : Kin\u00e9sith\u00e9rapeute et Ost\u00e9opathe Swiss Tennis Davis Cup Team ( Vainqueur de la coupe Davis 2014 avec Stan Wawrinka et Roger Federer)\u00a0<\/p><p><span style=\"color: #9b3100;\"><strong>Fabien Tanner<\/strong><\/span><\/p><p>a lui aussi un beau parcours :<\/p><p><strong>1999-\u2026<\/strong>: Kin\u00e9sith\u00e9rapeute cabinet m\u00e9dico-sportif de la Tour d\u2019Aygosi sp\u00e9cialis\u00e9 en traumatologie sportive<\/p><p><strong>2007-2010<\/strong>: Kin\u00e9sith\u00e9rapeute du ballet Preljocaj, ballet international de danse contemporaine.<\/p><p><strong>2007<\/strong> : Kin\u00e9sith\u00e9rapeute pour les ALL BLACKS, Rugby world Cup.<\/p><p><strong>2005 \u2013 2007<\/strong> : Kin\u00e9sith\u00e9rapeute PARC (Pays d\u2019Aix Rugby Club) PRO D2<\/p><p><strong>2000 \u2013 2001<\/strong> : Kin\u00e9sith\u00e9rapeute Shynia Nakano, pilote de moto GP team TECH 3<\/p>\t\t\t\t\t\t\t\t<\/div>\n\t\t\t\t<\/div>\n\t\t\t\t\t<\/div>\n\t\t<\/div>\n\t\t\t\t<div class=\"elementor-column elementor-col-50 elementor-inner-column elementor-element elementor-element-75802a49 elementor-hidden-tablet elementor-hidden-mobile\" data-id=\"75802a49\" data-element_type=\"column\" data-settings=\"{&quot;background_background&quot;:&quot;slideshow&quot;,&quot;background_slideshow_gallery&quot;:[{&quot;id&quot;:5018,&quot;url&quot;:&quot;https:\\\/\\\/countryclubaixois.com\\\/tennis-club\\\/wp-content\\\/uploads\\\/2023\\\/10\\\/stef-avec-roger.jpeg&quot;},{&quot;id&quot;:5016,&quot;url&quot;:&quot;https:\\\/\\\/countryclubaixois.com\\\/tennis-club\\\/wp-content\\\/uploads\\\/2023\\\/10\\\/387323095_620647356659976_3603975985271451545_n.jpg&quot;},{&quot;id&quot;:5013,&quot;url&quot;:&quot;https:\\\/\\\/countryclubaixois.com\\\/tennis-club\\\/wp-content\\\/uploads\\\/2023\\\/10\\\/384822224_312553988060308_7329743137335070593_n.jpg&quot;},{&quot;id&quot;:5015,&quot;url&quot;:&quot;https:\\\/\\\/countryclubaixois.com\\\/tennis-club\\\/wp-content\\\/uploads\\\/2023\\\/10\\\/384832170_724018203099780_2500292347346300370_n.jpg&quot;}],&quot;background_slideshow_loop&quot;:&quot;yes&quot;,&quot;background_slideshow_slide_duration&quot;:5000,&quot;background_slideshow_slide_transition&quot;:&quot;fade&quot;,&quot;background_slideshow_transition_duration&quot;:500}\">\n\t\t\t<div class=\"elementor-widget-wrap\">\n\t\t\t\t\t\t\t<\/div>\n\t\t<\/div>\n\t\t\t\t\t<\/div>\n\t\t<\/section>\n\t\t\t\t\t<\/div>\n\t\t<\/div>\n\t\t\t\t\t<\/div>\n\t\t<\/section>\n\t\t\t\t<section class=\"elementor-section elementor-top-section elementor-element elementor-element-efdae1d elementor-section-boxed elementor-section-height-default elementor-section-height-default\" data-id=\"efdae1d\" data-element_type=\"section\">\n\t\t\t\t\t\t<div class=\"elementor-container elementor-column-gap-default\">\n\t\t\t\t\t<div class=\"elementor-column elementor-col-100 elementor-top-column elementor-element elementor-element-41dd0d0\" data-id=\"41dd0d0\" data-element_type=\"column\">\n\t\t\t<div class=\"elementor-widget-wrap elementor-element-populated\">\n\t\t\t\t\t\t<div class=\"elementor-element elementor-element-489f8fc elementor-align-center elementor-widget elementor-widget-button\" data-id=\"489f8fc\" data-element_type=\"widget\" data-widget_type=\"button.default\">\n\t\t\t\t<div class=\"elementor-widget-container\">\n\t\t\t\t\t\t\t\t\t<div class=\"elementor-button-wrapper\">\n\t\t\t\t\t<a class=\"elementor-button elementor-button-link elementor-size-sm\" href=\"http:\/\/countrysportsante.fr\/\">\n\t\t\t\t\t\t<span class=\"elementor-button-content-wrapper\">\n\t\t\t\t\t\t\t\t\t<span class=\"elementor-button-text\">Lien du site<\/span>\n\t\t\t\t\t<\/span>\n\t\t\t\t\t<\/a>\n\t\t\t\t<\/div>\n\t\t\t\t\t\t\t\t<\/div>\n\t\t\t\t<\/div>\n\t\t\t\t\t<\/div>\n\t\t<\/div>\n\t\t\t\t\t<\/div>\n\t\t<\/section>\n\t\t\t\t<section class=\"elementor-section elementor-top-section elementor-element elementor-element-1a0e6404 elementor-section-boxed elementor-section-height-default elementor-section-height-default\" data-id=\"1a0e6404\" data-element_type=\"section\">\n\t\t\t\t\t\t<div class=\"elementor-container elementor-column-gap-default\">\n\t\t\t\t\t<div class=\"elementor-column elementor-col-100 elementor-top-column elementor-element elementor-element-5a22213a\" data-id=\"5a22213a\" data-element_type=\"column\">\n\t\t\t<div class=\"elementor-widget-wrap elementor-element-populated\">\n\t\t\t\t\t\t<div class=\"elementor-element elementor-element-1eb0003b elementor-widget elementor-widget-heading\" data-id=\"1eb0003b\" data-element_type=\"widget\" data-widget_type=\"heading.default\">\n\t\t\t\t<div class=\"elementor-widget-container\">\n\t\t\t\t\t<h2 class=\"elementor-heading-title elementor-size-default\">massage<\/h2>\t\t\t\t<\/div>\n\t\t\t\t<\/div>\n\t\t\t\t<div class=\"elementor-element elementor-element-48cbe938 elementor-widget elementor-widget-text-editor\" data-id=\"48cbe938\" data-element_type=\"widget\" data-widget_type=\"text-editor.default\">\n\t\t\t\t<div class=\"elementor-widget-container\">\n\t\t\t\t\t\t\t\t\t<p data-sourcepos=\"23:1-23:25\">Nous avons le plaisir de vous pr\u00e9senter une nouvelle gamme de soins au Country Club Aixois ! St\u00e9phane Falchi (Kin\u00e9sith\u00e9rapeute et Ost\u00e9opathe du sport) vous propose, au sein du Country Club Sant\u00e9, une nouvelle offre de massages dispens\u00e9s par Thomas Chabry. Professionnel et exp\u00e9riment\u00e9, Thomas officie depuis plusieurs ann\u00e9es d\u00e9j\u00e0 au sein du cabinet Hao Ba de Puyricard, et vous proposera des massages adapt\u00e9s \u00e0 vos besoins : r\u00e9cup\u00e9ration du sportif, d\u00e9tente ou r\u00e9\u00e9quilibrage \u00e9nerg\u00e9tique.<\/p>\t\t\t\t\t\t\t\t<\/div>\n\t\t\t\t<\/div>\n\t\t\t\t\t<\/div>\n\t\t<\/div>\n\t\t\t\t\t<\/div>\n\t\t<\/section>\n\t\t\t\t<section class=\"elementor-section elementor-top-section elementor-element elementor-element-1d5eed5 elementor-section-boxed elementor-section-height-default elementor-section-height-default\" data-id=\"1d5eed5\" data-element_type=\"section\">\n\t\t\t\t\t\t<div class=\"elementor-container elementor-column-gap-default\">\n\t\t\t\t\t<div class=\"elementor-column elementor-col-50 elementor-top-column elementor-element elementor-element-337216d\" data-id=\"337216d\" data-element_type=\"column\">\n\t\t\t<div class=\"elementor-widget-wrap elementor-element-populated\">\n\t\t\t\t\t\t<div class=\"elementor-element elementor-element-4368fcd elementor-widget elementor-widget-image\" data-id=\"4368fcd\" data-element_type=\"widget\" data-widget_type=\"image.default\">\n\t\t\t\t<div class=\"elementor-widget-container\">\n\t\t\t\t\t\t\t\t\t\t\t\t\t\t\t<img fetchpriority=\"high\" decoding=\"async\" width=\"724\" height=\"1024\" src=\"https:\/\/countryclubaixois.com\/tennis-club\/wp-content\/uploads\/2024\/01\/416015642_1605393696925202_119934175356251495_n.jpg\" class=\"attachment-large size-large wp-image-5217\" alt=\"\" srcset=\"https:\/\/countryclubaixois.com\/tennis-club\/wp-content\/uploads\/2024\/01\/416015642_1605393696925202_119934175356251495_n.jpg 724w, https:\/\/countryclubaixois.com\/tennis-club\/wp-content\/uploads\/2024\/01\/416015642_1605393696925202_119934175356251495_n-212x300.jpg 212w\" sizes=\"(max-width: 724px) 100vw, 724px\" \/>\t\t\t\t\t\t\t\t\t\t\t\t\t\t\t<\/div>\n\t\t\t\t<\/div>\n\t\t\t\t\t<\/div>\n\t\t<\/div>\n\t\t\t\t<div class=\"elementor-column elementor-col-50 elementor-top-column elementor-element elementor-element-e2338f2\" data-id=\"e2338f2\" data-element_type=\"column\">\n\t\t\t<div class=\"elementor-widget-wrap elementor-element-populated\">\n\t\t\t\t\t\t<div class=\"elementor-element elementor-element-243b450 elementor-widget elementor-widget-image\" data-id=\"243b450\" data-element_type=\"widget\" data-widget_type=\"image.default\">\n\t\t\t\t<div class=\"elementor-widget-container\">\n\t\t\t\t\t\t\t\t\t\t\t\t\t\t\t<img decoding=\"async\" width=\"724\" height=\"1024\" src=\"https:\/\/countryclubaixois.com\/tennis-club\/wp-content\/uploads\/2024\/01\/417064852_848705733696958_5515100335735266382_n.jpg\" class=\"attachment-large size-large wp-image-5216\" alt=\"\" srcset=\"https:\/\/countryclubaixois.com\/tennis-club\/wp-content\/uploads\/2024\/01\/417064852_848705733696958_5515100335735266382_n.jpg 724w, https:\/\/countryclubaixois.com\/tennis-club\/wp-content\/uploads\/2024\/01\/417064852_848705733696958_5515100335735266382_n-212x300.jpg 212w\" sizes=\"(max-width: 724px) 100vw, 724px\" \/>\t\t\t\t\t\t\t\t\t\t\t\t\t\t\t<\/div>\n\t\t\t\t<\/div>\n\t\t\t\t\t<\/div>\n\t\t<\/div>\n\t\t\t\t\t<\/div>\n\t\t<\/section>\n\t\t\t\t<\/div>\n\t\t","protected":false},"excerpt":{"rendered":"<p>Le Country Club d&rsquo;Aix-en-Provence<br \/>\n\t\t\tCountry sport sant\u00e9<br \/>\n\t\tSt\u00e9fane FalchiUn beau parcours dans le milieu du tennis :2009-2010 : Kin\u00e9sith\u00e9rapeute et Ost\u00e9opathe au sein de la FFT d\u00e9tach\u00e9 \u00e0 plein temps aupr\u00e8s de Gael Monfils (ATP #7)2011-2016 : Kin\u00e9sith\u00e9rapeute et Ost\u00e9opathe de Stan Wawrinka  [&#8230;]<\/p>\n","protected":false},"author":2,"featured_media":0,"parent":0,"menu_order":0,"comment_status":"closed","ping_status":"open","template":"","meta":{"_acf_changed":false,"footnotes":""},"categories":[],"tags":[],"class_list":["post-920","page","type-page","status-publish","hentry","count-0","even alt","author-user","last"],"acf":[],"yoast_head":"<!-- This site is optimized with the Yoast SEO plugin v17.2 - https:\/\/yoast.com\/wordpress\/plugins\/seo\/ -->\n<title>Country Sport Sant\u00e9 - Country Club Aixois<\/title>\n<meta name=\"robots\" content=\"index, follow, max-snippet:-1, max-image-preview:large, max-video-preview:-1\" \/>\n<link rel=\"canonical\" href=\"https:\/\/countryclubaixois.com\/tennis-club\/country-sport-sante\/\" \/>\n<meta property=\"og:locale\" content=\"fr_FR\" \/>\n<meta property=\"og:type\" content=\"article\" \/>\n<meta property=\"og:title\" content=\"Country Sport Sant\u00e9 - Country Club Aixois\" \/>\n<meta property=\"og:description\" content=\"Le Country Club d&#039;Aix-en-Provence   Country sport sant\u00e9   St\u00e9fane FalchiUn beau parcours dans le milieu du tennis :2009-2010 : Kin\u00e9sith\u00e9rapeute et Ost\u00e9opathe au sein de la FFT d\u00e9tach\u00e9 \u00e0 plein temps aupr\u00e8s de Gael Monfils (ATP #7)2011-2016 : Kin\u00e9sith\u00e9rapeute et Ost\u00e9opathe de Stan Wawrinka [...]\" \/>\n<meta property=\"og:url\" content=\"https:\/\/countryclubaixois.com\/tennis-club\/country-sport-sante\/\" \/>\n<meta property=\"og:site_name\" content=\"Country Club Aixois\" \/>\n<meta property=\"article:publisher\" content=\"https:\/\/www.facebook.com\/p\/Country-Club-Aixois-100063807272380\/?locale=fr_FR\" \/>\n<meta property=\"article:modified_time\" content=\"2025-02-17T13:24:52+00:00\" \/>\n<meta property=\"og:image\" content=\"https:\/\/countryclubaixois.com\/tennis-club\/wp-content\/uploads\/2024\/01\/416015642_1605393696925202_119934175356251495_n.jpg\" \/>\n<meta name=\"twitter:card\" content=\"summary_large_image\" \/>\n<meta name=\"twitter:label1\" content=\"Est. reading time\" \/>\n\t<meta name=\"twitter:data1\" content=\"2 minutes\" \/>\n<script type=\"application\/ld+json\" class=\"yoast-schema-graph\">{\"@context\":\"https:\/\/schema.org\",\"@graph\":[{\"@type\":\"Organization\",\"@id\":\"https:\/\/countryclubaixois.com\/tennis-club\/#organization\",\"name\":\"Country Club Aixois\",\"url\":\"https:\/\/countryclubaixois.com\/tennis-club\/\",\"sameAs\":[\"https:\/\/www.facebook.com\/p\/Country-Club-Aixois-100063807272380\/?locale=fr_FR\"],\"logo\":{\"@type\":\"ImageObject\",\"@id\":\"https:\/\/countryclubaixois.com\/tennis-club\/#logo\",\"inLanguage\":\"fr-FR\",\"url\":\"https:\/\/countryclubaixois.com\/tennis-club\/wp-content\/uploads\/2025\/02\/logo_new.png\",\"contentUrl\":\"https:\/\/countryclubaixois.com\/tennis-club\/wp-content\/uploads\/2025\/02\/logo_new.png\",\"width\":150,\"height\":184,\"caption\":\"Country Club Aixois\"},\"image\":{\"@id\":\"https:\/\/countryclubaixois.com\/tennis-club\/#logo\"}},{\"@type\":\"WebSite\",\"@id\":\"https:\/\/countryclubaixois.com\/tennis-club\/#website\",\"url\":\"https:\/\/countryclubaixois.com\/tennis-club\/\",\"name\":\"Country Club Aixois\",\"description\":\"Club de Tennis \\u00e0 Aix en Provence qui compte plus de 850 licenci\\u00e9s, le club de r\\u00e9f\\u00e9rence du tennis en France.\",\"publisher\":{\"@id\":\"https:\/\/countryclubaixois.com\/tennis-club\/#organization\"},\"potentialAction\":[{\"@type\":\"SearchAction\",\"target\":{\"@type\":\"EntryPoint\",\"urlTemplate\":\"https:\/\/countryclubaixois.com\/tennis-club\/?s={search_term_string}\"},\"query-input\":\"required name=search_term_string\"}],\"inLanguage\":\"fr-FR\"},{\"@type\":\"ImageObject\",\"@id\":\"https:\/\/countryclubaixois.com\/tennis-club\/country-sport-sante\/#primaryimage\",\"inLanguage\":\"fr-FR\",\"url\":\"https:\/\/countryclubaixois.com\/tennis-club\/wp-content\/uploads\/2024\/01\/416015642_1605393696925202_119934175356251495_n.jpg\",\"contentUrl\":\"https:\/\/countryclubaixois.com\/tennis-club\/wp-content\/uploads\/2024\/01\/416015642_1605393696925202_119934175356251495_n.jpg\",\"width\":724,\"height\":1024},{\"@type\":\"WebPage\",\"@id\":\"https:\/\/countryclubaixois.com\/tennis-club\/country-sport-sante\/#webpage\",\"url\":\"https:\/\/countryclubaixois.com\/tennis-club\/country-sport-sante\/\",\"name\":\"Country Sport Sant\\u00e9 - Country Club Aixois\",\"isPartOf\":{\"@id\":\"https:\/\/countryclubaixois.com\/tennis-club\/#website\"},\"primaryImageOfPage\":{\"@id\":\"https:\/\/countryclubaixois.com\/tennis-club\/country-sport-sante\/#primaryimage\"},\"datePublished\":\"2015-02-05T15:35:39+00:00\",\"dateModified\":\"2025-02-17T13:24:52+00:00\",\"breadcrumb\":{\"@id\":\"https:\/\/countryclubaixois.com\/tennis-club\/country-sport-sante\/#breadcrumb\"},\"inLanguage\":\"fr-FR\",\"potentialAction\":[{\"@type\":\"ReadAction\",\"target\":[\"https:\/\/countryclubaixois.com\/tennis-club\/country-sport-sante\/\"]}]},{\"@type\":\"BreadcrumbList\",\"@id\":\"https:\/\/countryclubaixois.com\/tennis-club\/country-sport-sante\/#breadcrumb\",\"itemListElement\":[{\"@type\":\"ListItem\",\"position\":1,\"name\":\"Home\",\"item\":\"https:\/\/countryclubaixois.com\/tennis-club\/\"},{\"@type\":\"ListItem\",\"position\":2,\"name\":\"Country Sport Sant\\u00e9\"}]}]}<\/script>\n<!-- \/ Yoast SEO plugin. -->","yoast_head_json":{"title":"Country Sport Sant\u00e9 - Country Club Aixois","robots":{"index":"index","follow":"follow","max-snippet":"max-snippet:-1","max-image-preview":"max-image-preview:large","max-video-preview":"max-video-preview:-1"},"canonical":"https:\/\/countryclubaixois.com\/tennis-club\/country-sport-sante\/","og_locale":"fr_FR","og_type":"article","og_title":"Country Sport Sant\u00e9 - Country Club Aixois","og_description":"Le Country Club d'Aix-en-Provence   Country sport sant\u00e9   St\u00e9fane FalchiUn beau parcours dans le milieu du tennis :2009-2010 : Kin\u00e9sith\u00e9rapeute et Ost\u00e9opathe au sein de la FFT d\u00e9tach\u00e9 \u00e0 plein temps aupr\u00e8s de Gael Monfils (ATP #7)2011-2016 : Kin\u00e9sith\u00e9rapeute et Ost\u00e9opathe de Stan Wawrinka [...]","og_url":"https:\/\/countryclubaixois.com\/tennis-club\/country-sport-sante\/","og_site_name":"Country Club Aixois","article_publisher":"https:\/\/www.facebook.com\/p\/Country-Club-Aixois-100063807272380\/?locale=fr_FR","article_modified_time":"2025-02-17T13:24:52+00:00","og_image":[{"url":"https:\/\/countryclubaixois.com\/tennis-club\/wp-content\/uploads\/2024\/01\/416015642_1605393696925202_119934175356251495_n.jpg"}],"twitter_card":"summary_large_image","twitter_misc":{"Est. reading time":"2 minutes"},"schema":{"@context":"https:\/\/schema.org","@graph":[{"@type":"Organization","@id":"https:\/\/countryclubaixois.com\/tennis-club\/#organization","name":"Country Club Aixois","url":"https:\/\/countryclubaixois.com\/tennis-club\/","sameAs":["https:\/\/www.facebook.com\/p\/Country-Club-Aixois-100063807272380\/?locale=fr_FR"],"logo":{"@type":"ImageObject","@id":"https:\/\/countryclubaixois.com\/tennis-club\/#logo","inLanguage":"fr-FR","url":"https:\/\/countryclubaixois.com\/tennis-club\/wp-content\/uploads\/2025\/02\/logo_new.png","contentUrl":"https:\/\/countryclubaixois.com\/tennis-club\/wp-content\/uploads\/2025\/02\/logo_new.png","width":150,"height":184,"caption":"Country Club Aixois"},"image":{"@id":"https:\/\/countryclubaixois.com\/tennis-club\/#logo"}},{"@type":"WebSite","@id":"https:\/\/countryclubaixois.com\/tennis-club\/#website","url":"https:\/\/countryclubaixois.com\/tennis-club\/","name":"Country Club Aixois","description":"Club de Tennis \u00e0 Aix en Provence qui compte plus de 850 licenci\u00e9s, le club de r\u00e9f\u00e9rence du tennis en France.","publisher":{"@id":"https:\/\/countryclubaixois.com\/tennis-club\/#organization"},"potentialAction":[{"@type":"SearchAction","target":{"@type":"EntryPoint","urlTemplate":"https:\/\/countryclubaixois.com\/tennis-club\/?s={search_term_string}"},"query-input":"required name=search_term_string"}],"inLanguage":"fr-FR"},{"@type":"ImageObject","@id":"https:\/\/countryclubaixois.com\/tennis-club\/country-sport-sante\/#primaryimage","inLanguage":"fr-FR","url":"https:\/\/countryclubaixois.com\/tennis-club\/wp-content\/uploads\/2024\/01\/416015642_1605393696925202_119934175356251495_n.jpg","contentUrl":"https:\/\/countryclubaixois.com\/tennis-club\/wp-content\/uploads\/2024\/01\/416015642_1605393696925202_119934175356251495_n.jpg","width":724,"height":1024},{"@type":"WebPage","@id":"https:\/\/countryclubaixois.com\/tennis-club\/country-sport-sante\/#webpage","url":"https:\/\/countryclubaixois.com\/tennis-club\/country-sport-sante\/","name":"Country Sport Sant\u00e9 - Country Club Aixois","isPartOf":{"@id":"https:\/\/countryclubaixois.com\/tennis-club\/#website"},"primaryImageOfPage":{"@id":"https:\/\/countryclubaixois.com\/tennis-club\/country-sport-sante\/#primaryimage"},"datePublished":"2015-02-05T15:35:39+00:00","dateModified":"2025-02-17T13:24:52+00:00","breadcrumb":{"@id":"https:\/\/countryclubaixois.com\/tennis-club\/country-sport-sante\/#breadcrumb"},"inLanguage":"fr-FR","potentialAction":[{"@type":"ReadAction","target":["https:\/\/countryclubaixois.com\/tennis-club\/country-sport-sante\/"]}]},{"@type":"BreadcrumbList","@id":"https:\/\/countryclubaixois.com\/tennis-club\/country-sport-sante\/#breadcrumb","itemListElement":[{"@type":"ListItem","position":1,"name":"Home","item":"https:\/\/countryclubaixois.com\/tennis-club\/"},{"@type":"ListItem","position":2,"name":"Country Sport Sant\u00e9"}]}]}},"_links":{"self":[{"href":"https:\/\/countryclubaixois.com\/tennis-club\/wp-json\/wp\/v2\/pages\/920","targetHints":{"allow":["GET"]}}],"collection":[{"href":"https:\/\/countryclubaixois.com\/tennis-club\/wp-json\/wp\/v2\/pages"}],"about":[{"href":"https:\/\/countryclubaixois.com\/tennis-club\/wp-json\/wp\/v2\/types\/page"}],"author":[{"embeddable":true,"href":"https:\/\/countryclubaixois.com\/tennis-club\/wp-json\/wp\/v2\/users\/2"}],"replies":[{"embeddable":true,"href":"https:\/\/countryclubaixois.com\/tennis-club\/wp-json\/wp\/v2\/comments?post=920"}],"version-history":[{"count":1,"href":"https:\/\/countryclubaixois.com\/tennis-club\/wp-json\/wp\/v2\/pages\/920\/revisions"}],"predecessor-version":[{"id":5733,"href":"https:\/\/countryclubaixois.com\/tennis-club\/wp-json\/wp\/v2\/pages\/920\/revisions\/5733"}],"wp:attachment":[{"href":"https:\/\/countryclubaixois.com\/tennis-club\/wp-json\/wp\/v2\/media?parent=920"}],"wp:term":[{"taxonomy":"category","embeddable":true,"href":"https:\/\/countryclubaixois.com\/tennis-club\/wp-json\/wp\/v2\/categories?post=920"},{"taxonomy":"post_tag","embeddable":true,"href":"https:\/\/countryclubaixois.com\/tennis-club\/wp-json\/wp\/v2\/tags?post=920"}],"curies":[{"name":"wp","href":"https:\/\/api.w.org\/{rel}","templated":true}]}}